{"id":109,"date":"2018-06-13T04:10:17","date_gmt":"2018-06-13T04:10:17","guid":{"rendered":"https:\/\/www.run-a-way.de\/?page_id=109"},"modified":"2025-11-28T13:25:50","modified_gmt":"2025-11-28T12:25:50","slug":"3-psychiatrie","status":"publish","type":"page","link":"https:\/\/www.run-a-way.de\/?page_id=109","title":{"rendered":"3. Psychiatrie"},"content":{"rendered":"\n<p><\/p>\n\n\n\n<h2 class=\"wp-block-heading\">Endlich angekommen&#8230;<\/h2>\n\n\n\n<p>Nun bin ich &#8222;endlich&#8220; das erste Mal in der geschlossenen Psychiatrie gelandet (es sollte nicht das letzte Mal sein) und habe auch meine erste Diagnose (Juhu) bekommen:  <br><a href=\"https:\/\/de.wikipedia.org\/wiki\/Manie\">Akute Manie<\/a>!<br>Was zur H\u00f6lle ist das denn? Ist das ansteckend? \ud83d\ude09<\/p>\n\n\n\n<p>Ich wusste zun\u00e4chst \u00fcberhaupt nicht wo ich bin. Ich kam mir vor wie auf einem anderen Planeten. Raus durfte ich nicht, also studierte ich zun\u00e4chst eingehend den (Brand)Fluchtplan der Station 7. Jetzt war mir klar, wo es raus ging, nur irgendwie war die T\u00fcr verschlossen&#8230;immerhin war sie aus Glas und man konnte durchgucken, nach drau\u00dfen. <br>Bin ich etwa hier, weil ich gestern zu viel gesoffen hatte? &#8222;Was denken Sie, wo Sie hier sind?&#8220;, fragte mich ein Pfleger oder Arzt&#8230;ich fand keine Antwort.<br><br>Mein Zimmergenosse war ein geheimnisvoller, seltsamer Typ, der sich als mein Therapeut ausgab. Ich glaubte ihm. In dem Moment glaubte ich irgendwie alles und jedem, der mir irgendwie weiterhelfen konnte. Ich kam mir ein bisschen vor wie am ersten Schultag. Als ich irgendwann einen Pfleger nach einer &#8222;Patientenzigarette&#8220; fragte, und sagte: &#8222;Mein Therapeut der Felix (Name ge\u00e4ndert) hat doch gesagt die gibt es bei Ihnen.&#8220; So wurde ich gleich erstmal in ein anderes Zimmer verlegt und bekam nat\u00fcrlich keine Kippe&#8230;die musste ich mir irgendwie anders organisieren, am Besten im Raucherraum (Bild siehe ganz unten). <br>Der Raucherraum war vielleicht 10m\u00b2 gro\u00df, die Luft konnte man schneiden, da das Fenster nicht ge\u00f6ffnet werden konnte. <br>Hier standen sie alle rum und schwiegen die meiste Zeit, au\u00dfer um Kippen zu schnorren, das ging irgendwie bei jedem, diagnose\u00fcbergreifend. \ud83d\ude00 <br><br>So bekam ich auch meinen ersten Besuch. Es war mein besorgter Vater, der mich unterschreiben lie\u00df, dass ich hier drinbleiben sollte. (Ich wusste damals nicht, dass ich mich h\u00e4tte selbst entlassen k\u00f6nnen, da ich auf freiwilliger Basis hier war). Er drohte mir, mir die &#8222;Freundschaft&#8220; zu k\u00fcndigen, wenn ich es nicht t\u00e4te.<br>Ich unterschrieb den Wisch und ging raus. Ich setzte mich auf den Ergometer im Eingangsbereich und fing an wie wild zu strampeln und dabei kamen mir die ersten Tr\u00e4nen, denn langsam wurde mir klar, dass ich in der Klapse gelandet war.<br><br>Es gab weitere Probleme: Die private Krankenkasse wollte nicht zahlen, weil sie davon ausging, dass ich die Erkrankung schon l\u00e4nger h\u00e4tte und sie bei Vertragsabschluss verwiegen habe. Zum Gl\u00fcck konnte das eine \u00c4rztin f\u00fcr mich kl\u00e4ren&#8230;<br>Meine liebe Bank wollte die von mir als Jungunternehmer aufgenommen Kredite k\u00fcndigen (ERP Darlehen usw.), weil sie die Angst hatte, dass ich die nie zur\u00fcckzahlen k\u00f6nne&#8230;zum Gl\u00fcck war ich nicht allein selbstst\u00e4ndig. Das h\u00e4tte mich sonst vollkommen ruiniert&#8230;<\/p>\n\n\n\n<p><\/p>\n\n\n\n<figure class=\"wp-block-gallery aligncenter has-nested-images columns-default is-cropped wp-block-gallery-1 is-layout-flex wp-block-gallery-is-layout-flex\">\n<figure class=\"wp-block-image size-large\"><img loading=\"lazy\" decoding=\"async\" width=\"1024\" height=\"768\" data-id=\"1295\" src=\"https:\/\/www.run-a-way.de\/wp-content\/uploads\/2025\/11\/CIMG1504-1024x768.jpg\" alt=\"\" class=\"wp-image-1295\" srcset=\"https:\/\/www.run-a-way.de\/wp-content\/uploads\/2025\/11\/CIMG1504-1024x768.jpg 1024w, https:\/\/www.run-a-way.de\/wp-content\/uploads\/2025\/11\/CIMG1504-300x225.jpg 300w, https:\/\/www.run-a-way.de\/wp-content\/uploads\/2025\/11\/CIMG1504-768x576.jpg 768w, https:\/\/www.run-a-way.de\/wp-content\/uploads\/2025\/11\/CIMG1504-800x600.jpg 800w, https:\/\/www.run-a-way.de\/wp-content\/uploads\/2025\/11\/CIMG1504.jpg 1280w\" sizes=\"auto, (max-width: 1024px) 100vw, 1024px\" \/><figcaption class=\"wp-element-caption\">Gekommen um zu bleiben<\/figcaption><\/figure>\n\n\n\n<figure class=\"wp-block-image size-large\"><img loading=\"lazy\" decoding=\"async\" width=\"1024\" height=\"768\" data-id=\"559\" src=\"https:\/\/www.run-a-way.de\/wp-content\/uploads\/2023\/01\/CIMG1492-1024x768.jpg\" alt=\"\" class=\"wp-image-559\" srcset=\"https:\/\/www.run-a-way.de\/wp-content\/uploads\/2023\/01\/CIMG1492-1024x768.jpg 1024w, https:\/\/www.run-a-way.de\/wp-content\/uploads\/2023\/01\/CIMG1492-300x225.jpg 300w, https:\/\/www.run-a-way.de\/wp-content\/uploads\/2023\/01\/CIMG1492-768x576.jpg 768w, https:\/\/www.run-a-way.de\/wp-content\/uploads\/2023\/01\/CIMG1492-800x600.jpg 800w, https:\/\/www.run-a-way.de\/wp-content\/uploads\/2023\/01\/CIMG1492.jpg 1280w\" sizes=\"auto, (max-width: 1024px) 100vw, 1024px\" \/><figcaption class=\"wp-element-caption\">Smoking kills&#8230;<\/figcaption><\/figure>\n\n\n\n<figure class=\"wp-block-image size-large\"><img loading=\"lazy\" decoding=\"async\" width=\"1024\" height=\"768\" data-id=\"558\" src=\"https:\/\/www.run-a-way.de\/wp-content\/uploads\/2023\/01\/CIMG1483-1024x768.jpg\" alt=\"\" class=\"wp-image-558\" srcset=\"https:\/\/www.run-a-way.de\/wp-content\/uploads\/2023\/01\/CIMG1483-1024x768.jpg 1024w, https:\/\/www.run-a-way.de\/wp-content\/uploads\/2023\/01\/CIMG1483-300x225.jpg 300w, https:\/\/www.run-a-way.de\/wp-content\/uploads\/2023\/01\/CIMG1483-768x576.jpg 768w, https:\/\/www.run-a-way.de\/wp-content\/uploads\/2023\/01\/CIMG1483-800x600.jpg 800w, https:\/\/www.run-a-way.de\/wp-content\/uploads\/2023\/01\/CIMG1483.jpg 1280w\" sizes=\"auto, (max-width: 1024px) 100vw, 1024px\" \/><figcaption class=\"wp-element-caption\">Trautes Heim- Gl\u00fcck allein<\/figcaption><\/figure>\n<\/figure>\n\n\n\n<p><\/p>\n\n\n\n<p class=\"has-text-align-left\">Tagebuchauszug 2003&#8230;<br><br>Ich will nicht mehr&#8230;<br>Ich kann nicht mehr&#8230;<br>Ich will nur noch weg&#8230;<br>Ich wei\u00df nicht wohin&#8230;<br>Schei\u00df Pillen, Schei\u00df Therapie<br>Alles f\u00fcrn Arsch<br>Was soll der Dreck&#8230;keiner hat doch wirklich ne Ahnung.<br>Was will ich eigentlich&#8230;mir gehts doch pr\u00e4chtig.<br>Ich kann doch noch lachen, ich hab ja mich.<br>Es gibt keinen besseren Witz.<br>&#8230;und bei jedem L\u00e4cheln oder Grinsen unter Leuten f\u00fchle<br>ich den Essig auf meiner Zunge zusammenlaufen&#8230;<br>Lieber w\u00fcrd ich kotzen&#8230;aber ich grinse&#8230;<br>Ich kneif die Lippen zusammen und schlucks wieder runter.<br>Alle freuen sich, weils mir endlich besser geht.<\/p>\n\n\n\n<p><\/p>\n\n\n\n<h2 class=\"wp-block-heading\">Naja, lieber erstmal mit den &#8222;Kollegen&#8220; eine rauchen gehen&#8230;<\/h2>\n\n\n\n<p><\/p>\n\n\n\n<h2 class=\"wp-block-heading\"><\/h2>\n\n\n\n<p><a href=\"https:\/\/www.run-a-way.de\/?page_id=126\">Wollt ihr auch hier raus? dann klickt hier&gt;<\/a><\/p>\n\n\n\n<figure class=\"wp-block-embed is-type-video is-provider-youtube wp-block-embed-youtube wp-embed-aspect-16-9 wp-has-aspect-ratio\"><div class=\"wp-block-embed__wrapper\">\n<iframe loading=\"lazy\" hcb-fetch-image-from=\"https:\/\/youtu.be\/kXYiU_JCYtU?si=9gvccsdD5VBpKFFE\" title=\"Numb (Official Music Video) [4K UPGRADE] \u2013 Linkin Park\" width=\"1080\" height=\"608\" src=\"https:\/\/www.youtube.com\/embed\/kXYiU_JCYtU?feature=oembed\" frameborder=\"0\" allow=\"accelerometer; autoplay; clipboard-write; encrypted-media; gyroscope; picture-in-picture; web-share\" referrerpolicy=\"strict-origin-when-cross-origin\" allowfullscreen><\/iframe>\n<\/div><\/figure>\n","protected":false},"excerpt":{"rendered":"<p>Endlich angekommen&#8230; Nun bin ich &#8222;endlich&#8220; das erste Mal in der geschlossenen Psychiatrie gelandet (es sollte nicht das letzte Mal sein) und habe auch meine erste Diagnose (Juhu) bekommen: Akute Manie!Was zur H\u00f6lle ist das denn? Ist das ansteckend? \ud83d\ude09 Ich wusste zun\u00e4chst \u00fcberhaupt nicht wo ich bin. Ich kam mir vor wie auf einem [&hellip;]<\/p>\n","protected":false},"author":1,"featured_media":0,"parent":0,"menu_order":0,"comment_status":"closed","ping_status":"closed","template":"","meta":{"footnotes":""},"class_list":["post-109","page","type-page","status-publish","hentry"],"_links":{"self":[{"href":"https:\/\/www.run-a-way.de\/index.php?rest_route=\/wp\/v2\/pages\/109","targetHints":{"allow":["GET"]}}],"collection":[{"href":"https:\/\/www.run-a-way.de\/index.php?rest_route=\/wp\/v2\/pages"}],"about":[{"href":"https:\/\/www.run-a-way.de\/index.php?rest_route=\/wp\/v2\/types\/page"}],"author":[{"embeddable":true,"href":"https:\/\/www.run-a-way.de\/index.php?rest_route=\/wp\/v2\/users\/1"}],"replies":[{"embeddable":true,"href":"https:\/\/www.run-a-way.de\/index.php?rest_route=%2Fwp%2Fv2%2Fcomments&post=109"}],"version-history":[{"count":15,"href":"https:\/\/www.run-a-way.de\/index.php?rest_route=\/wp\/v2\/pages\/109\/revisions"}],"predecessor-version":[{"id":1324,"href":"https:\/\/www.run-a-way.de\/index.php?rest_route=\/wp\/v2\/pages\/109\/revisions\/1324"}],"wp:attachment":[{"href":"https:\/\/www.run-a-way.de\/index.php?rest_route=%2Fwp%2Fv2%2Fmedia&parent=109"}],"curies":[{"name":"wp","href":"https:\/\/api.w.org\/{rel}","templated":true}]}}