{"id":1195,"date":"2025-11-25T10:44:31","date_gmt":"2025-11-25T09:44:31","guid":{"rendered":"https:\/\/www.run-a-way.de\/?page_id=1195"},"modified":"2025-11-25T10:44:32","modified_gmt":"2025-11-25T09:44:32","slug":"the-story","status":"publish","type":"page","link":"https:\/\/www.run-a-way.de\/?page_id=1195","title":{"rendered":"The Story"},"content":{"rendered":"\n<h2 class=\"wp-block-heading\"><br><br>(M)eine Geschichte.<br> <\/h2>\n\n\n\n<p>Ich m\u00f6chte hier meine Geschichte erz\u00e4hlen, ob sie wichtig ist wei\u00df ich nicht. F\u00fcr mich ist sie mein Leben.  <\/p>\n","protected":false},"excerpt":{"rendered":"<p>(M)eine Geschichte. Ich m\u00f6chte hier meine Geschichte erz\u00e4hlen, ob sie wichtig ist wei\u00df ich nicht. F\u00fcr mich ist sie mein Leben.<\/p>\n","protected":false},"author":1,"featured_media":0,"parent":0,"menu_order":0,"comment_status":"closed","ping_status":"closed","template":"","meta":{"footnotes":""},"class_list":["post-1195","page","type-page","status-publish","hentry"],"_links":{"self":[{"href":"https:\/\/www.run-a-way.de\/index.php?rest_route=\/wp\/v2\/pages\/1195","targetHints":{"allow":["GET"]}}],"collection":[{"href":"https:\/\/www.run-a-way.de\/index.php?rest_route=\/wp\/v2\/pages"}],"about":[{"href":"https:\/\/www.run-a-way.de\/index.php?rest_route=\/wp\/v2\/types\/page"}],"author":[{"embeddable":true,"href":"https:\/\/www.run-a-way.de\/index.php?rest_route=\/wp\/v2\/users\/1"}],"replies":[{"embeddable":true,"href":"https:\/\/www.run-a-way.de\/index.php?rest_route=%2Fwp%2Fv2%2Fcomments&post=1195"}],"version-history":[{"count":1,"href":"https:\/\/www.run-a-way.de\/index.php?rest_route=\/wp\/v2\/pages\/1195\/revisions"}],"predecessor-version":[{"id":1196,"href":"https:\/\/www.run-a-way.de\/index.php?rest_route=\/wp\/v2\/pages\/1195\/revisions\/1196"}],"wp:attachment":[{"href":"https:\/\/www.run-a-way.de\/index.php?rest_route=%2Fwp%2Fv2%2Fmedia&parent=1195"}],"curies":[{"name":"wp","href":"https:\/\/api.w.org\/{rel}","templated":true}]}}