{"id":126,"date":"2018-06-13T04:33:11","date_gmt":"2018-06-13T04:33:11","guid":{"rendered":"https:\/\/www.run-a-way.de\/?page_id=126"},"modified":"2025-11-28T13:26:43","modified_gmt":"2025-11-28T12:26:43","slug":"4-livestyle","status":"publish","type":"page","link":"https:\/\/www.run-a-way.de\/?page_id=126","title":{"rendered":"4. Livestyle&#8230;"},"content":{"rendered":"\n<p><\/p>\n\n\n\n<h2 class=\"wp-block-heading\">(Erstmal) wieder drau\u00dfen\u2026<\/h2>\n\n\n\n<p>In der Psychiatrie besuchte mich eine alte Bekannte aus meiner Vorkrisenzeit. Irgendwie verliebten wir uns ineinander. Sie half mir wieder etwas auf die Beine und mich mit der neuen Situation, ich war jetzt staatlich anerkannter Verr\u00fcckter, besser zurecht zu finden.<br>Sie wohnte allerdings zu der Zeit in Berlin und arbeitete trotz abgeschlossenen Studiums in einer Pflegestation. Wir pendelten. Irgendwie hatte ich bald das Gef\u00fchl: DAS IST SIE! (und das war sie auch, meine heutige Frau). Trotz allem wurde ich immer depressiver und begann meine erste Psychotherapie.<br>Nichts half wirklich, weder die Medikamente (Ich probierte diverse Antidepressiva) noch die Therapie an sich. Ich machte es meiner damaligen Freundin nicht gerade leicht. Sie hatte es selbst ziemlich schwer, auch psychisch. Sie war trotzdem f\u00fcr mich da.<br><br>Ich ging nach kurzer Zeit wieder Arbeiten, immer noch als Gesch\u00e4ftsf\u00fchrer in der gleichen Firma. Das funktioniere mehr schlecht als recht. Es gab Tage in dem ich unter starken Medikamenteneinfluss mitten am Tag im B\u00fcrosessel einschlief. Das kam als Chef nicht sonderlich gut an. &nbsp;&nbsp;&nbsp;&nbsp;&nbsp;<\/p>\n\n\n\n<p>Ein kurzer Auszug:<br><br>Ich habe gestern Abend mal wieder den Tiefpunkt erreicht, (MICH) geschnitten, gesoffen\u2026heute Morgen mal wieder fast verschlafen und ein Gef\u00fchl wie gel\u00e4hmt zu sein, was immer noch anh\u00e4lt.<br>Heute hatte ich nen Termin bei meiner Psychiaterin. Ich soll jetzt die Dosis Remergil verdoppeln von 30mg auf 60mg. Wenn das nicht hilft, will sie mich umstellen auf ein anderes Medikament. Irgendwie habe ich langsam keinen Bock mehr\u2026<br>und das Schlimmste ist, Weihnachten steht vor der T\u00fcr.<\/p>\n\n\n\n<p><\/p>\n\n\n<div class=\"wp-block-image\">\n<figure class=\"aligncenter size-large\"><img loading=\"lazy\" decoding=\"async\" width=\"709\" height=\"1024\" src=\"https:\/\/www.run-a-way.de\/wp-content\/uploads\/2023\/01\/blood-bearbeitet-709x1024.jpg\" alt=\"\" class=\"wp-image-6\" srcset=\"https:\/\/www.run-a-way.de\/wp-content\/uploads\/2023\/01\/blood-bearbeitet-709x1024.jpg 709w, https:\/\/www.run-a-way.de\/wp-content\/uploads\/2023\/01\/blood-bearbeitet-208x300.jpg 208w, https:\/\/www.run-a-way.de\/wp-content\/uploads\/2023\/01\/blood-bearbeitet-768x1110.jpg 768w, https:\/\/www.run-a-way.de\/wp-content\/uploads\/2023\/01\/blood-bearbeitet-1063x1536.jpg 1063w, https:\/\/www.run-a-way.de\/wp-content\/uploads\/2023\/01\/blood-bearbeitet-1417x2048.jpg 1417w, https:\/\/www.run-a-way.de\/wp-content\/uploads\/2023\/01\/blood-bearbeitet-1329x1920.jpg 1329w, https:\/\/www.run-a-way.de\/wp-content\/uploads\/2023\/01\/blood-bearbeitet-scaled.jpg 1772w\" sizes=\"auto, (max-width: 709px) 100vw, 709px\" \/><figcaption class=\"wp-element-caption\">Ein Bild aus dieser Zeit&#8230;<\/figcaption><\/figure>\n<\/div>\n\n\n<p><\/p>\n\n\n\n<p>Sein oder nicht sein? Tja\u2026genau das ist die Frage, die man sich irgendwann mal stellen sollte.<br>\u201eWenn die Zeitachse nur lang genug ist, sinkt die \u00dcberlebenschance eines jeden auf null\u2026\u201c (Filmzitat aus \u201eFight Club\u201c).<\/p>\n\n\n\n<p>Fest steht, wenn ich weitermache wie bisher, werde ich \u00fcber kurz oder lang ins Gras bei\u00dfen. Was ich insgesamt betrachtet, vom heutigen Standpunkt aus gesehen, als recht unerfreulich ansehen w\u00fcrde.<\/p>\n\n\n\n<p>\u201eSuizid ist eine permanente L\u00f6sung f\u00fcr ein tempor\u00e4res Problem\u201c. Leider tauchen diese Probleme immer wieder auf und somit auch die Gedanken endg\u00fcltig die Schnauze voll zu haben.<\/p>\n\n\n<div class=\"wp-block-image\">\n<figure class=\"aligncenter size-large\"><img loading=\"lazy\" decoding=\"async\" width=\"1024\" height=\"761\" src=\"https:\/\/www.run-a-way.de\/wp-content\/uploads\/2023\/01\/CIMG1428-1024x761.jpg\" alt=\"\" class=\"wp-image-556\" srcset=\"https:\/\/www.run-a-way.de\/wp-content\/uploads\/2023\/01\/CIMG1428-1024x761.jpg 1024w, https:\/\/www.run-a-way.de\/wp-content\/uploads\/2023\/01\/CIMG1428-300x223.jpg 300w, https:\/\/www.run-a-way.de\/wp-content\/uploads\/2023\/01\/CIMG1428-768x571.jpg 768w, https:\/\/www.run-a-way.de\/wp-content\/uploads\/2023\/01\/CIMG1428-1536x1141.jpg 1536w, https:\/\/www.run-a-way.de\/wp-content\/uploads\/2023\/01\/CIMG1428-1920x1427.jpg 1920w\" sizes=\"auto, (max-width: 1024px) 100vw, 1024px\" \/><\/figure>\n<\/div>\n\n\n<p><\/p>\n\n\n\n<h2 class=\"wp-block-heading\"><\/h2>\n\n\n\n<p>Zum Thema SVV \u2013 Selbstverletzendes Verhalten)<br>Diverse Zusammenk\u00fcnfte mit Borderlinern in meinem Leben schienen auf mich abzuf\u00e4rben.<\/p>\n\n\n\n<p>Ich w\u00fcrde es so beschreiben:<br>Es entsteht in mir ein seelischer Schmerz, der einen inneren Druck aufbaut, der sich steigert\u2026wenn dieser Vorgang eskaliert, finde ich keinen Ausweg und reagiere panisch\u2026<br>Der physische Schmerz lenkt die Aufmerksamkeit auf sich und von dem seelischen Schmerz ab.<br>Man wird wieder normal, oder besser: \u201eklar im Kopf\u201c\u2026<\/p>\n\n\n<div class=\"wp-block-image\">\n<figure class=\"aligncenter size-full\"><img loading=\"lazy\" decoding=\"async\" width=\"869\" height=\"250\" src=\"https:\/\/www.run-a-way.de\/wp-content\/uploads\/2023\/01\/beitrag-trevilor-saufen-rasierklingen-rot.jpg\" alt=\"Foreneintrag\" class=\"wp-image-588\" srcset=\"https:\/\/www.run-a-way.de\/wp-content\/uploads\/2023\/01\/beitrag-trevilor-saufen-rasierklingen-rot.jpg 869w, https:\/\/www.run-a-way.de\/wp-content\/uploads\/2023\/01\/beitrag-trevilor-saufen-rasierklingen-rot-300x86.jpg 300w, https:\/\/www.run-a-way.de\/wp-content\/uploads\/2023\/01\/beitrag-trevilor-saufen-rasierklingen-rot-768x221.jpg 768w\" sizes=\"auto, (max-width: 869px) 100vw, 869px\" \/><figcaption class=\"wp-element-caption\">Selbsthilfeforeneintrag von 2005 Tja&#8230;<\/figcaption><\/figure>\n<\/div>\n\n\n<h2 class=\"wp-block-heading\">Hast du einen Schatten?<\/h2>\n\n\n\n<p><a href=\"https:\/\/www.run-a-way.de\/?page_id=145\">Hier geht es nach Fernost&gt;<\/a><\/p>\n\n\n\n<figure class=\"wp-block-embed is-type-video is-provider-youtube wp-block-embed-youtube wp-embed-aspect-4-3 wp-has-aspect-ratio\"><div class=\"wp-block-embed__wrapper\">\n<iframe loading=\"lazy\" hcb-fetch-image-from=\"https:\/\/youtu.be\/QQPJYnr48yU?si=cXb46lIFamI1bq6_\" title=\"Marilyn Manson - Coma White\" width=\"1080\" height=\"810\" src=\"https:\/\/www.youtube.com\/embed\/QQPJYnr48yU?feature=oembed\" frameborder=\"0\" allow=\"accelerometer; autoplay; clipboard-write; encrypted-media; gyroscope; picture-in-picture; web-share\" referrerpolicy=\"strict-origin-when-cross-origin\" allowfullscreen><\/iframe>\n<\/div><\/figure>\n","protected":false},"excerpt":{"rendered":"<p>(Erstmal) wieder drau\u00dfen\u2026 In der Psychiatrie besuchte mich eine alte Bekannte aus meiner Vorkrisenzeit. Irgendwie verliebten wir uns ineinander. Sie half mir wieder etwas auf die Beine und mich mit der neuen Situation, ich war jetzt staatlich anerkannter Verr\u00fcckter, besser zurecht zu finden.Sie wohnte allerdings zu der Zeit in Berlin und arbeitete trotz abgeschlossenen Studiums [&hellip;]<\/p>\n","protected":false},"author":1,"featured_media":0,"parent":0,"menu_order":0,"comment_status":"closed","ping_status":"closed","template":"","meta":{"footnotes":""},"class_list":["post-126","page","type-page","status-publish","hentry"],"_links":{"self":[{"href":"https:\/\/www.run-a-way.de\/index.php?rest_route=\/wp\/v2\/pages\/126","targetHints":{"allow":["GET"]}}],"collection":[{"href":"https:\/\/www.run-a-way.de\/index.php?rest_route=\/wp\/v2\/pages"}],"about":[{"href":"https:\/\/www.run-a-way.de\/index.php?rest_route=\/wp\/v2\/types\/page"}],"author":[{"embeddable":true,"href":"https:\/\/www.run-a-way.de\/index.php?rest_route=\/wp\/v2\/users\/1"}],"replies":[{"embeddable":true,"href":"https:\/\/www.run-a-way.de\/index.php?rest_route=%2Fwp%2Fv2%2Fcomments&post=126"}],"version-history":[{"count":11,"href":"https:\/\/www.run-a-way.de\/index.php?rest_route=\/wp\/v2\/pages\/126\/revisions"}],"predecessor-version":[{"id":1298,"href":"https:\/\/www.run-a-way.de\/index.php?rest_route=\/wp\/v2\/pages\/126\/revisions\/1298"}],"wp:attachment":[{"href":"https:\/\/www.run-a-way.de\/index.php?rest_route=%2Fwp%2Fv2%2Fmedia&parent=126"}],"curies":[{"name":"wp","href":"https:\/\/api.w.org\/{rel}","templated":true}]}}