{"id":145,"date":"2018-06-13T05:53:53","date_gmt":"2018-06-13T05:53:53","guid":{"rendered":"https:\/\/www.run-a-way.de\/?page_id=145"},"modified":"2025-11-28T13:27:34","modified_gmt":"2025-11-28T12:27:34","slug":"in-china-essen-sie-hunde","status":"publish","type":"page","link":"https:\/\/www.run-a-way.de\/?page_id=145","title":{"rendered":"5. In China essen sie Hunde&#8230;"},"content":{"rendered":"\n<h2 class=\"wp-block-heading\">Wenn es einem wieder gut geht, kann man ja auch wieder auf Arbeit gehen&#8230;<\/h2>\n\n\n\n<p>also ab zur n\u00e4chsten Auslandsdienstreise&#8230;<\/p>\n\n\n\n<p>Taiyuan, 01.03.2004, 0:02, Tagebucheintrag<\/p>\n\n\n\n<p>Es ist ein komisches Gef\u00fchl hier zu sein.<br>\nIch befinde mich so weit weg von meiner Heimat wie noch nie, und doch ist es \u00fcberall das Gleiche.<br>\nIch f\u00fchle mich nicht fremder als woanders, und von einer fremden, exotischen, vielleicht sogar geheimnisvollen Kultur ist nichts zu sp\u00fcren.<\/p>\n\n\n\n<p>Ich bin wahrlich etwas entt\u00e4uscht. Ich f\u00fchle mich matt aber nicht kraftlos.<br>\nDie Reise war anstrengend.<\/p>\n\n\n\n<p>Wieder sind Zweifel aufgekommen, wieder hat mich die Angst erfasst und wieder hat mich mein Glauben im Stich gelassen, oder besser gesagt ich ihn.<br>\nAber irgendwie scheint mir das im Moment \u00fcberhaupt nicht wichtig.<br>\nWarum wei\u00df ich nicht.<\/p>\n\n\n\n<p>Vielleicht liegt es an der Ersch\u00f6pfung, an der M\u00fcdigkeit oder am Alkohol\u2026(2cl Wodka x 2, 0,33 Bier x 2)<\/p>\n\n\n\n<p>Irgendwie ist im Moment fast alles unwichtig.<br>\nIn mir ist eine gespenstische Ruhe, wie ich sie noch nie erlebt habe.<br>\nEs kann allerdings auch an diesem Moment liegen und morgen schon ganz anders sein.<\/p>\n\n\n\n<p>Es ist ein Witz, ich bin mitten in China und ich erlebe es nicht.<br>\nEs geht einfach an mir vorbei, wie ein k\u00fchler Wind.<br>\nIn Taiyuan riecht er nach Schwefel.<\/p>\n\n\n\n<figure class=\"wp-block-gallery aligncenter has-nested-images columns-default is-cropped wp-block-gallery-1 is-layout-flex wp-block-gallery-is-layout-flex\">\n<figure class=\"wp-block-image size-large\"><img loading=\"lazy\" decoding=\"async\" width=\"1024\" height=\"761\" data-id=\"566\" src=\"https:\/\/www.run-a-way.de\/wp-content\/uploads\/2023\/01\/CIMG1654-1024x761.jpg\" alt=\"\" class=\"wp-image-566\" srcset=\"https:\/\/www.run-a-way.de\/wp-content\/uploads\/2023\/01\/CIMG1654-1024x761.jpg 1024w, https:\/\/www.run-a-way.de\/wp-content\/uploads\/2023\/01\/CIMG1654-300x223.jpg 300w, https:\/\/www.run-a-way.de\/wp-content\/uploads\/2023\/01\/CIMG1654-768x571.jpg 768w, https:\/\/www.run-a-way.de\/wp-content\/uploads\/2023\/01\/CIMG1654-1536x1141.jpg 1536w, https:\/\/www.run-a-way.de\/wp-content\/uploads\/2023\/01\/CIMG1654-1920x1427.jpg 1920w\" sizes=\"auto, (max-width: 1024px) 100vw, 1024px\" \/><\/figure>\n\n\n\n<figure class=\"wp-block-image size-large\"><img loading=\"lazy\" decoding=\"async\" width=\"1024\" height=\"761\" data-id=\"564\" src=\"https:\/\/www.run-a-way.de\/wp-content\/uploads\/2023\/01\/CIMG1650-1024x761.jpg\" alt=\"\" class=\"wp-image-564\" srcset=\"https:\/\/www.run-a-way.de\/wp-content\/uploads\/2023\/01\/CIMG1650-1024x761.jpg 1024w, https:\/\/www.run-a-way.de\/wp-content\/uploads\/2023\/01\/CIMG1650-300x223.jpg 300w, https:\/\/www.run-a-way.de\/wp-content\/uploads\/2023\/01\/CIMG1650-768x571.jpg 768w, https:\/\/www.run-a-way.de\/wp-content\/uploads\/2023\/01\/CIMG1650-1536x1141.jpg 1536w, https:\/\/www.run-a-way.de\/wp-content\/uploads\/2023\/01\/CIMG1650-1920x1427.jpg 1920w\" sizes=\"auto, (max-width: 1024px) 100vw, 1024px\" \/><\/figure>\n\n\n\n<figure class=\"wp-block-image size-large\"><img loading=\"lazy\" decoding=\"async\" width=\"1024\" height=\"761\" data-id=\"568\" src=\"https:\/\/www.run-a-way.de\/wp-content\/uploads\/2023\/01\/CIMG1681-1024x761.jpg\" alt=\"\" class=\"wp-image-568\" srcset=\"https:\/\/www.run-a-way.de\/wp-content\/uploads\/2023\/01\/CIMG1681-1024x761.jpg 1024w, https:\/\/www.run-a-way.de\/wp-content\/uploads\/2023\/01\/CIMG1681-300x223.jpg 300w, https:\/\/www.run-a-way.de\/wp-content\/uploads\/2023\/01\/CIMG1681-768x571.jpg 768w, https:\/\/www.run-a-way.de\/wp-content\/uploads\/2023\/01\/CIMG1681-1536x1141.jpg 1536w, https:\/\/www.run-a-way.de\/wp-content\/uploads\/2023\/01\/CIMG1681-1920x1427.jpg 1920w\" sizes=\"auto, (max-width: 1024px) 100vw, 1024px\" \/><\/figure>\n<\/figure>\n\n\n\n<p>Wie tief bin ich eigentlich gesunken? Oder ist es genau umgekehrt, bin ich gestiegen?<br>\nIch wei\u00df es nicht mehr.<br>\nIch habe mich entwickelt, zweifellos. Doch mein Gewissen macht mich schwach.<br>\nIch kann viele schlechte Dinge nicht mehr akzeptieren.<br>\nMein Wille str\u00e4ubt sich dagegen Ungerechtigkeiten zu billigen.<\/p>\n\n\n\n<p>Doch ich mache weiter, immer weiter.<br>\nIch wollte nie nach China, zumindest nicht aus dem Grunde warum ich jetzt hier bin.<\/p>\n\n\n\n<p>Die Kinder tragen einen Mundschutz gegen den Staub, den Dreck den sie t\u00e4glich einatmen m\u00fcssen.<br>\nDie Landschaft ist gespenstig. Es ist kaum zu beschreiben. Man muss es gesehen haben, um das Elend zu begreifen.<br>\nEs ist die H\u00f6lle!<\/p>\n\n\n\n<figure class=\"wp-block-gallery aligncenter has-nested-images columns-default is-cropped wp-block-gallery-2 is-layout-flex wp-block-gallery-is-layout-flex\">\n<figure class=\"wp-block-image size-large\"><img loading=\"lazy\" decoding=\"async\" width=\"1024\" height=\"761\" data-id=\"572\" src=\"https:\/\/www.run-a-way.de\/wp-content\/uploads\/2023\/01\/CIMG1695-1024x761.jpg\" alt=\"\" class=\"wp-image-572\" srcset=\"https:\/\/www.run-a-way.de\/wp-content\/uploads\/2023\/01\/CIMG1695-1024x761.jpg 1024w, https:\/\/www.run-a-way.de\/wp-content\/uploads\/2023\/01\/CIMG1695-300x223.jpg 300w, https:\/\/www.run-a-way.de\/wp-content\/uploads\/2023\/01\/CIMG1695-768x571.jpg 768w, https:\/\/www.run-a-way.de\/wp-content\/uploads\/2023\/01\/CIMG1695-1536x1141.jpg 1536w, https:\/\/www.run-a-way.de\/wp-content\/uploads\/2023\/01\/CIMG1695-1920x1427.jpg 1920w\" sizes=\"auto, (max-width: 1024px) 100vw, 1024px\" \/><\/figure>\n\n\n\n<figure class=\"wp-block-image size-large\"><img loading=\"lazy\" decoding=\"async\" width=\"1024\" height=\"761\" data-id=\"569\" src=\"https:\/\/www.run-a-way.de\/wp-content\/uploads\/2023\/01\/CIMG1689-1024x761.jpg\" alt=\"\" class=\"wp-image-569\" srcset=\"https:\/\/www.run-a-way.de\/wp-content\/uploads\/2023\/01\/CIMG1689-1024x761.jpg 1024w, https:\/\/www.run-a-way.de\/wp-content\/uploads\/2023\/01\/CIMG1689-300x223.jpg 300w, https:\/\/www.run-a-way.de\/wp-content\/uploads\/2023\/01\/CIMG1689-768x571.jpg 768w, https:\/\/www.run-a-way.de\/wp-content\/uploads\/2023\/01\/CIMG1689-1536x1141.jpg 1536w, https:\/\/www.run-a-way.de\/wp-content\/uploads\/2023\/01\/CIMG1689-1920x1427.jpg 1920w\" sizes=\"auto, (max-width: 1024px) 100vw, 1024px\" \/><\/figure>\n\n\n\n<figure class=\"wp-block-image size-large\"><img loading=\"lazy\" decoding=\"async\" width=\"1024\" height=\"761\" data-id=\"571\" src=\"https:\/\/www.run-a-way.de\/wp-content\/uploads\/2023\/01\/CIMG1694-1024x761.jpg\" alt=\"\" class=\"wp-image-571\" srcset=\"https:\/\/www.run-a-way.de\/wp-content\/uploads\/2023\/01\/CIMG1694-1024x761.jpg 1024w, https:\/\/www.run-a-way.de\/wp-content\/uploads\/2023\/01\/CIMG1694-300x223.jpg 300w, https:\/\/www.run-a-way.de\/wp-content\/uploads\/2023\/01\/CIMG1694-768x571.jpg 768w, https:\/\/www.run-a-way.de\/wp-content\/uploads\/2023\/01\/CIMG1694-1536x1141.jpg 1536w, https:\/\/www.run-a-way.de\/wp-content\/uploads\/2023\/01\/CIMG1694-1920x1427.jpg 1920w\" sizes=\"auto, (max-width: 1024px) 100vw, 1024px\" \/><\/figure>\n<\/figure>\n\n\n\n<h2 class=\"wp-block-heading\">&nbsp;Ja manchmal k\u00f6nnte (sollte) man heulen&#8230;<\/h2>\n\n\n\n<p><a href=\"https:\/\/www.run-a-way.de\/?page_id=163\">Weiter geht es&gt;<\/a><\/p>\n\n\n\n<figure class=\"wp-block-embed is-type-video is-provider-youtube wp-block-embed-youtube wp-embed-aspect-4-3 wp-has-aspect-ratio\"><div class=\"wp-block-embed__wrapper\">\n<iframe loading=\"lazy\" hcb-fetch-image-from=\"https:\/\/youtu.be\/u7K72X4eo_s?si=zJhr7e-MFnK3KZwF\" title=\"Massive Attack - Teardrop (Official Video)\" width=\"1080\" height=\"810\" src=\"https:\/\/www.youtube.com\/embed\/u7K72X4eo_s?feature=oembed\" frameborder=\"0\" allow=\"accelerometer; autoplay; clipboard-write; encrypted-media; gyroscope; picture-in-picture; web-share\" referrerpolicy=\"strict-origin-when-cross-origin\" allowfullscreen><\/iframe>\n<\/div><\/figure>\n","protected":false},"excerpt":{"rendered":"<p>Wenn es einem wieder gut geht, kann man ja auch wieder auf Arbeit gehen&#8230; also ab zur n\u00e4chsten Auslandsdienstreise&#8230; Taiyuan, 01.03.2004, 0:02, Tagebucheintrag Es ist ein komisches Gef\u00fchl hier zu sein. Ich befinde mich so weit weg von meiner Heimat wie noch nie, und doch ist es \u00fcberall das Gleiche. Ich f\u00fchle mich nicht fremder [&hellip;]<\/p>\n","protected":false},"author":1,"featured_media":0,"parent":0,"menu_order":0,"comment_status":"closed","ping_status":"closed","template":"","meta":{"footnotes":""},"class_list":["post-145","page","type-page","status-publish","hentry"],"_links":{"self":[{"href":"https:\/\/www.run-a-way.de\/index.php?rest_route=\/wp\/v2\/pages\/145","targetHints":{"allow":["GET"]}}],"collection":[{"href":"https:\/\/www.run-a-way.de\/index.php?rest_route=\/wp\/v2\/pages"}],"about":[{"href":"https:\/\/www.run-a-way.de\/index.php?rest_route=\/wp\/v2\/types\/page"}],"author":[{"embeddable":true,"href":"https:\/\/www.run-a-way.de\/index.php?rest_route=\/wp\/v2\/users\/1"}],"replies":[{"embeddable":true,"href":"https:\/\/www.run-a-way.de\/index.php?rest_route=%2Fwp%2Fv2%2Fcomments&post=145"}],"version-history":[{"count":5,"href":"https:\/\/www.run-a-way.de\/index.php?rest_route=\/wp\/v2\/pages\/145\/revisions"}],"predecessor-version":[{"id":960,"href":"https:\/\/www.run-a-way.de\/index.php?rest_route=\/wp\/v2\/pages\/145\/revisions\/960"}],"wp:attachment":[{"href":"https:\/\/www.run-a-way.de\/index.php?rest_route=%2Fwp%2Fv2%2Fmedia&parent=145"}],"curies":[{"name":"wp","href":"https:\/\/api.w.org\/{rel}","templated":true}]}}