{"id":18,"date":"2018-06-12T17:44:02","date_gmt":"2018-06-12T17:44:02","guid":{"rendered":"https:\/\/www.run-a-way.de\/?page_id=18"},"modified":"2025-12-06T14:48:28","modified_gmt":"2025-12-06T13:48:28","slug":"impressum","status":"publish","type":"page","link":"https:\/\/www.run-a-way.de\/?page_id=18","title":{"rendered":"Impressum"},"content":{"rendered":"\n<h2 class=\"wp-block-heading\">Recht &amp; Ordnung<\/h2>\n\n\n\n<p>Hallo Leute,<br> sch\u00f6n dass Ihr wissen wollt wer ich bin\u2026ich habe aus vielleicht verst\u00e4ndlichen Gr\u00fcnden aber leider kein Interesse daran, dass ihr das rausbekommt. Deshalb arbeite ich unter einem Pseudonym.<\/p>\n\n\n\n<p><\/p>\n\n\n\n<p>\u00a9 2025 Alex C. Schwarz<br>Website: run-a-way.de<\/p>\n\n\n\n<p>Druck und Distribution im Auftrag des Autors:<br>tredition GmbH, Heinz-Beusen-Stieg 5, 22926 Ahrensburg, Deutschland<\/p>\n\n\n\n<p>Das Werk, einschlie\u00dflich seiner Teile, ist urheberrechtlich gesch\u00fctzt. F\u00fcr die Inhalte ist der Autor verantwortlich. Jede Verwertung ist ohne seine Zustimmung unzul\u00e4ssig. Die Publikation und Verbreitung erfolgen im Auftrag des Autors, zu erreichen unter: tredition GmbH, Abteilung &#8222;Impressumservice&#8220;, Heinz-Beusen-Stieg 5, 22926 Ahrensburg, Deutschland.<\/p>\n\n\n\n<p>Kontaktadresse nach EU-Produktsicherheitsverordnung: impressumservice@tredition.com<\/p>\n\n\n\n<p><\/p>\n\n\n\n<p>Ich bekomme kein Geld f\u00fcr die eingebunden Videos. Sie dienen nur der Untermalung der Inhalte.<br> Ich m\u00f6chte hier lediglich von meinen Erfahrungen berichten und wenn es sich einrichten l\u00e4sst auch gerne helfen.<br> Also, wenn es aus rechtlichen oder anderen wichtigen Gr\u00fcnden unbedingt sein muss, bitte eine Mail an <a href=\"mailto:hilfe@run-a-way.de\">hilfe@run-a-way.de<\/a> wenn es geht bitte bevor die Abmahnung vom Anwalt hereinfliegt\u2026<\/p>\n\n\n\n<p>\u201eRein private Webseiten sind zun\u00e4chst von der Impressumspflicht ausgenommen. \u00a7 5 TMG spricht von gesch\u00e4ftsm\u00e4\u00dfigen Online-Diensten, die eine&nbsp;Anbieterkennzeichnung ben\u00f6tigen. Auch \u00a7 55 RStV geht davon aus, dass bei Webseiten, die ausschlie\u00dflich pers\u00f6nlichen oder famili\u00e4ren Zwecken dienen, kein Impressum notwendig ist.\u201c<br>\nQuelle: <a href=\"https:\/\/www.e-recht24.de\/\">https:\/\/www.e-recht24.de<\/a><\/p>\n","protected":false},"excerpt":{"rendered":"<p>Recht &amp; Ordnung Hallo Leute, sch\u00f6n dass Ihr wissen wollt wer ich bin\u2026ich habe aus vielleicht verst\u00e4ndlichen Gr\u00fcnden aber leider kein Interesse daran, dass ihr das rausbekommt. Deshalb arbeite ich unter einem Pseudonym. \u00a9 2025 Alex C. SchwarzWebsite: run-a-way.de Druck und Distribution im Auftrag des Autors:tredition GmbH, Heinz-Beusen-Stieg 5, 22926 Ahrensburg, Deutschland Das Werk, einschlie\u00dflich [&hellip;]<\/p>\n","protected":false},"author":1,"featured_media":0,"parent":0,"menu_order":0,"comment_status":"closed","ping_status":"closed","template":"","meta":{"footnotes":""},"class_list":["post-18","page","type-page","status-publish","hentry"],"_links":{"self":[{"href":"https:\/\/www.run-a-way.de\/index.php?rest_route=\/wp\/v2\/pages\/18","targetHints":{"allow":["GET"]}}],"collection":[{"href":"https:\/\/www.run-a-way.de\/index.php?rest_route=\/wp\/v2\/pages"}],"about":[{"href":"https:\/\/www.run-a-way.de\/index.php?rest_route=\/wp\/v2\/types\/page"}],"author":[{"embeddable":true,"href":"https:\/\/www.run-a-way.de\/index.php?rest_route=\/wp\/v2\/users\/1"}],"replies":[{"embeddable":true,"href":"https:\/\/www.run-a-way.de\/index.php?rest_route=%2Fwp%2Fv2%2Fcomments&post=18"}],"version-history":[{"count":4,"href":"https:\/\/www.run-a-way.de\/index.php?rest_route=\/wp\/v2\/pages\/18\/revisions"}],"predecessor-version":[{"id":1375,"href":"https:\/\/www.run-a-way.de\/index.php?rest_route=\/wp\/v2\/pages\/18\/revisions\/1375"}],"wp:attachment":[{"href":"https:\/\/www.run-a-way.de\/index.php?rest_route=%2Fwp%2Fv2%2Fmedia&parent=18"}],"curies":[{"name":"wp","href":"https:\/\/api.w.org\/{rel}","templated":true}]}}