{"id":203,"date":"2018-06-13T08:43:50","date_gmt":"2018-06-13T08:43:50","guid":{"rendered":"https:\/\/www.run-a-way.de\/?page_id=203"},"modified":"2025-11-26T17:34:34","modified_gmt":"2025-11-26T16:34:34","slug":"hier-gehts-weiter","status":"publish","type":"page","link":"https:\/\/www.run-a-way.de\/?page_id=203","title":{"rendered":"&#8230;hier gehts weiter"},"content":{"rendered":"\n<h2 class=\"wp-block-heading\">Und wie sieht die Sache heute aus?<\/h2>\n\n\n\n<p>Meine Frau und Ich leben relativ zur\u00fcckgezogen auf dem Lande. Haben ein paar Freunde, ich zum Teil auch Internetfreundschaften. Ich bin mittlerweile seit 5 Jahren relativ stabil und habe mich damit abgefunden, meine Tabletten dauerhaft nehmen zu m\u00fcssen. Die Dosis ist mittlerweile auch auf ein ertr\u00e4gliches Niveau herabgesetzt worden, nat\u00fcrlich in Abstimmung mit meiner Psychiaterin. Ich bin nur noch leicht depressiv und komme ganz gut zurecht. Ich koche sehr gerne und oft. Gehe auch mal gerne Essen, bevorzugt griechisch. Ab und zu gehen wir sogar noch Tanzen, in letzter Zeit sogar ziemlich oft, nat\u00fcrlicherweise zu ordentlicher Musik :P. <br>Ich arbeite gerne an dieser Webseite und treibe mich auch sonst schon seit Jahren viel im Internet rum.<\/p>\n\n\n\n<p>Trotz meiner Erkrankung und der meiner Frau, die aus psychischen Gr\u00fcnden mittlerweile berentet ist (sie hat auch ihre Dinger am Laufen), k\u00f6nnte man aus meiner Sicht fast sagen, dass wir irgendwie sowas wie gl\u00fccklich sind. &nbsp;<\/p>\n\n\n\n<p>Ich habe immer noch ein paar seltsame Ticks und renne st\u00e4ndig in schwarzen Klamotten rum. Ich habe mir angew\u00f6hnt jeden Tag eine Runde durchs Dorf zu drehen, jeden Morgen nach dem Aufstehen. Ich halte mich gerne in Kirchen auf und schmei\u00dfe auch jedes Mal etwas in den Klingelbeutel, zwei M\u00fcnzen a 2 Euro, f\u00fcr den F\u00e4hrmann. Ich sammle 2 Euro M\u00fcnzen und gebe sie so gut wie niemals f\u00fcr kommerzielle Zwecke aus.<\/p>\n\n\n\n<p>Zu Gottesdiensten sieht man mich allerdings so gut wie nie. Ich bin nicht kirchlich, aber ich habe einen Glauben. Wie der aussieht steht auf einem anderen Blatt. \ud83d\ude0a<\/p>\n\n\n\n<p>  <\/p>\n\n\n<div class=\"wp-block-image\">\n<figure class=\"aligncenter size-large\"><img loading=\"lazy\" decoding=\"async\" width=\"768\" height=\"1024\" src=\"https:\/\/www.run-a-way.de\/wp-content\/uploads\/2023\/01\/Bild-096-768x1024.jpg\" alt=\"\" class=\"wp-image-547\" srcset=\"https:\/\/www.run-a-way.de\/wp-content\/uploads\/2023\/01\/Bild-096-768x1024.jpg 768w, https:\/\/www.run-a-way.de\/wp-content\/uploads\/2023\/01\/Bild-096-225x300.jpg 225w, https:\/\/www.run-a-way.de\/wp-content\/uploads\/2023\/01\/Bild-096-1152x1536.jpg 1152w, https:\/\/www.run-a-way.de\/wp-content\/uploads\/2023\/01\/Bild-096-600x800.jpg 600w, https:\/\/www.run-a-way.de\/wp-content\/uploads\/2023\/01\/Bild-096.jpg 1200w\" sizes=\"auto, (max-width: 768px) 100vw, 768px\" \/><figcaption class=\"wp-element-caption\">Selbstbildnis 2005<\/figcaption><\/figure>\n<\/div>\n\n\n<p>   <\/p>\n\n\n\n<h2 class=\"wp-block-heading\">Paranoid?<br>\nFl\u00fcchte und du wirst gejagt!!!<br>\nAu\u00dferdem&#8230;nur weil du paranoid bist, hei\u00dft das nicht, dass sie nicht trotzdem hinter dir her sind&#8230;&nbsp; \ud83d\ude1b<\/h2>\n\n\n\n<p><a href=\"https:\/\/www.run-a-way.de\/?page_id=930\">Danke f\u00fcr deine Aufmerksamkeit&gt;<\/a><\/p>\n\n\n\n<figure class=\"wp-block-embed is-type-video is-provider-youtube wp-block-embed-youtube wp-embed-aspect-16-9 wp-has-aspect-ratio\"><div class=\"wp-block-embed__wrapper\">\n<iframe loading=\"lazy\" hcb-fetch-image-from=\"https:\/\/youtu.be\/ypr18UmxOas?si=gWy5odkzj_pgaAOE\" title=\"Garbage - I Think I&#039;m Paranoid\" width=\"1080\" height=\"608\" src=\"https:\/\/www.youtube.com\/embed\/ypr18UmxOas?feature=oembed\" frameborder=\"0\" allow=\"accelerometer; autoplay; clipboard-write; encrypted-media; gyroscope; picture-in-picture; web-share\" referrerpolicy=\"strict-origin-when-cross-origin\" allowfullscreen><\/iframe>\n<\/div><\/figure>\n","protected":false},"excerpt":{"rendered":"<p>Und wie sieht die Sache heute aus? Meine Frau und Ich leben relativ zur\u00fcckgezogen auf dem Lande. Haben ein paar Freunde, ich zum Teil auch Internetfreundschaften. Ich bin mittlerweile seit 5 Jahren relativ stabil und habe mich damit abgefunden, meine Tabletten dauerhaft nehmen zu m\u00fcssen. Die Dosis ist mittlerweile auch auf ein ertr\u00e4gliches Niveau herabgesetzt [&hellip;]<\/p>\n","protected":false},"author":1,"featured_media":0,"parent":0,"menu_order":0,"comment_status":"closed","ping_status":"closed","template":"","meta":{"footnotes":""},"class_list":["post-203","page","type-page","status-publish","hentry"],"_links":{"self":[{"href":"https:\/\/www.run-a-way.de\/index.php?rest_route=\/wp\/v2\/pages\/203","targetHints":{"allow":["GET"]}}],"collection":[{"href":"https:\/\/www.run-a-way.de\/index.php?rest_route=\/wp\/v2\/pages"}],"about":[{"href":"https:\/\/www.run-a-way.de\/index.php?rest_route=\/wp\/v2\/types\/page"}],"author":[{"embeddable":true,"href":"https:\/\/www.run-a-way.de\/index.php?rest_route=\/wp\/v2\/users\/1"}],"replies":[{"embeddable":true,"href":"https:\/\/www.run-a-way.de\/index.php?rest_route=%2Fwp%2Fv2%2Fcomments&post=203"}],"version-history":[{"count":8,"href":"https:\/\/www.run-a-way.de\/index.php?rest_route=\/wp\/v2\/pages\/203\/revisions"}],"predecessor-version":[{"id":1313,"href":"https:\/\/www.run-a-way.de\/index.php?rest_route=\/wp\/v2\/pages\/203\/revisions\/1313"}],"wp:attachment":[{"href":"https:\/\/www.run-a-way.de\/index.php?rest_route=%2Fwp%2Fv2%2Fmedia&parent=203"}],"curies":[{"name":"wp","href":"https:\/\/api.w.org\/{rel}","templated":true}]}}