{"id":237,"date":"2018-06-13T12:50:39","date_gmt":"2018-06-13T12:50:39","guid":{"rendered":"https:\/\/www.run-a-way.de\/?page_id=237"},"modified":"2025-11-26T17:29:34","modified_gmt":"2025-11-26T16:29:34","slug":"8-der-achte-kreuzzug","status":"publish","type":"page","link":"https:\/\/www.run-a-way.de\/?page_id=237","title":{"rendered":"8. Der achte Kreuzzug"},"content":{"rendered":"\n<p><\/p>\n\n\n\n<h2 class=\"wp-block-heading\">Jetzt geht\u2019s ab\u2026<\/h2>\n\n\n\n<p>Der Song von <a href=\"https:\/\/youtu.be\/dhh21crSohs\">Nine Inch Nails \u2013 Hurt<\/a> (Link) ,(Anmerkung 2018: Der Song ist so gut, dass selbst <a href=\"https:\/\/www.youtube.com\/watch?v=8AHCfZTRGiI\">Johnny Cash den gecovert<\/a>&nbsp;(Link) hat.)<br>\n(&#8222;I hurt myself today to see if I still feel, I focus on the pain the only thing thats real&#8230;&#8220; &#8211; Tja das Problem war eigentlich, dass ich zu viel auf einmal f\u00fchlte.)<\/p>\n\n\n\n<p>   <\/p>\n\n\n<div class=\"wp-block-image\">\n<figure class=\"aligncenter size-full\"><img loading=\"lazy\" decoding=\"async\" width=\"869\" height=\"280\" src=\"https:\/\/www.run-a-way.de\/wp-content\/uploads\/2023\/01\/beitrag-furzwarm-rot.jpg\" alt=\"\" class=\"wp-image-584\" srcset=\"https:\/\/www.run-a-way.de\/wp-content\/uploads\/2023\/01\/beitrag-furzwarm-rot.jpg 869w, https:\/\/www.run-a-way.de\/wp-content\/uploads\/2023\/01\/beitrag-furzwarm-rot-300x97.jpg 300w, https:\/\/www.run-a-way.de\/wp-content\/uploads\/2023\/01\/beitrag-furzwarm-rot-768x247.jpg 768w\" sizes=\"auto, (max-width: 869px) 100vw, 869px\" \/><figcaption class=\"wp-element-caption\">Forenbeitrag \u2013 kein bock mehr auf Psychiatrien- keine Ahnung warum (?)<\/figcaption><\/figure>\n<\/div>\n\n\n<p>   <\/p>\n\n\n\n<p>Fight Club \u2013 der Film, und viele aktuelle Eindr\u00fccke zermartern mein Hirn. Ich kann mich nicht mehr konzentrieren. Ich habe in diversen Psychiatrieaufenthalten gelernt mich zu regulieren, aber ich bin nicht mal mehr im Stande die Play-Taste meiner Musikanlage zu finden.<br> Stattdessen randaliere ich in meiner Wohnung. Mir f\u00e4llt ein Song von <a href=\"https:\/\/youtu.be\/0rE_Hp3HLF4\">Udo Lindenberg ein &#8222;&#8230;den Fernseher den ich eingetreten hab, hat die Versicherung voll bezahlt&#8230;&#8220;<\/a>(Link).&nbsp; Der Fernseher und die Versicherung waren mir vollkommen wurscht, aber ich dachte mir, einen Fernseher einzutreten sollte man mal gemacht haben, vor allem in so einer Ausnahmesituation. Also begann ich wie wild auf das Ding einzutreten. Nix passierte&#8230;bis ich die Axt nahm&#8230;und selbst damit bekam ich nur zu einem Spinnennetz zu Stande. Also gab ich auf und begn\u00fcgte mich damit, dass ich wohl einen qualitativ hochwertigen Fernseher (damals noch R\u00f6hre) gekauft hatte.<\/p>\n\n\n<div class=\"wp-block-image\">\n<figure class=\"aligncenter size-full\"><img loading=\"lazy\" decoding=\"async\" width=\"869\" height=\"387\" src=\"https:\/\/www.run-a-way.de\/wp-content\/uploads\/2023\/01\/beitrag-Apollo13-rot.jpg\" alt=\"\" class=\"wp-image-582\" srcset=\"https:\/\/www.run-a-way.de\/wp-content\/uploads\/2023\/01\/beitrag-Apollo13-rot.jpg 869w, https:\/\/www.run-a-way.de\/wp-content\/uploads\/2023\/01\/beitrag-Apollo13-rot-300x134.jpg 300w, https:\/\/www.run-a-way.de\/wp-content\/uploads\/2023\/01\/beitrag-Apollo13-rot-768x342.jpg 768w\" sizes=\"auto, (max-width: 869px) 100vw, 869px\" \/><figcaption class=\"wp-element-caption\">Foreneintrag &#8211; Wer weiss, wer da Unsinn getrieben hat? Die 1&amp;1 Rechnung fehlt bis heute&#8230;sowie alle registrierten Domains von damals&#8230;automatische K\u00fcndigung?<\/figcaption><\/figure>\n<\/div>\n\n\n<p>    <\/p>\n\n\n\n<p>Ich war schon lange auf dem 8. Kreuzzug. Irgendwie dachte ich mir es w\u00e4re sinnvoll, nach Jerusalem zu pilgern, um die 3 Religionen Christentum, Judentum und Islam zu vereinigen, indem ich friedlich alle drei Symbole (Hexagramm, Kreuz und Halbmond) in ein Symbol verwandle. Zun\u00e4chst f\u00fchrte mich mein Weg zur Nikolaikirche in Leipzig, wo ich gerade eine tiefe Verneigung vor einer k\u00fcnstlichen Palme machte. Ein Passant sprach mich an, was denn das sollte.<br>\nZu dieser Zeit wurden gerade zwei Leipziger B\u00fcrger im Irak als Geiseln gehalten. Alle m\u00f6glichen Leute versammelten sich dort um zu beten und stellten Kerzen hin.<\/p>\n\n\n\n<p>   <\/p>\n\n\n<div class=\"wp-block-image\">\n<figure class=\"aligncenter size-large\"><img loading=\"lazy\" decoding=\"async\" width=\"768\" height=\"1024\" src=\"https:\/\/www.run-a-way.de\/wp-content\/uploads\/2023\/02\/IMG_0978-768x1024.jpg\" alt=\"\" class=\"wp-image-770\" srcset=\"https:\/\/www.run-a-way.de\/wp-content\/uploads\/2023\/02\/IMG_0978-768x1024.jpg 768w, https:\/\/www.run-a-way.de\/wp-content\/uploads\/2023\/02\/IMG_0978-225x300.jpg 225w, https:\/\/www.run-a-way.de\/wp-content\/uploads\/2023\/02\/IMG_0978-1152x1536.jpg 1152w, https:\/\/www.run-a-way.de\/wp-content\/uploads\/2023\/02\/IMG_0978-1536x2048.jpg 1536w, https:\/\/www.run-a-way.de\/wp-content\/uploads\/2023\/02\/IMG_0978-600x800.jpg 600w, https:\/\/www.run-a-way.de\/wp-content\/uploads\/2023\/02\/IMG_0978-1440x1920.jpg 1440w, https:\/\/www.run-a-way.de\/wp-content\/uploads\/2023\/02\/IMG_0978-scaled.jpg 1920w\" sizes=\"auto, (max-width: 768px) 100vw, 768px\" \/><\/figure>\n<\/div>\n\n\n<p>      <\/p>\n\n\n\n<p>Ich war mir sicher, dass mein Kreuzzug unter einem guten Stern stehen musste, denn so viel Leute waren schon versammelt. Ich sagte dem Passanten, er wird schon noch sehen. Ich marschierte los, zun\u00e4chst nach Hause. Ich bewaffnete mich mit einem Schwert (eigentlich nur ein Messer aber es war von mir pers\u00f6nlich hergestellt und in den Flammen geweiht) und einem Bambusstock. Nat\u00fcrlich war mir bewusst, dass man im 21. Jahrhundert einen Kreuzzug etwas moderner organisieren muss. Also nahm ich noch einen Laptop mit, den ich mit einem Keltenkreuz verzierte.<\/p>\n\n\n\n<p>(Anmerkung 2018: Tja ich habe mich ja der Wahrheit verschrieben: Vor Gericht wurde mir Beweisst\u00fcck Nr.X vorgelegt. Urspr\u00fcnglich war es ein Keltenkreuz, was ich aus heutiger Sicht schon f\u00fcr grenzwertig halte. Die Wahrheit ist aber, dass es sich um die Swastika handelte. Ich habe keine Ahnung, wie mir das in den Kopf kam. Sorry, aber so war es leider.)<\/p>\n\n\n<div class=\"wp-block-image\">\n<figure class=\"aligncenter size-full\"><img loading=\"lazy\" decoding=\"async\" width=\"869\" height=\"340\" src=\"https:\/\/www.run-a-way.de\/wp-content\/uploads\/2023\/01\/beitrag-trevilor-oberarzt-II-rot.jpg\" alt=\"\" class=\"wp-image-586\" srcset=\"https:\/\/www.run-a-way.de\/wp-content\/uploads\/2023\/01\/beitrag-trevilor-oberarzt-II-rot.jpg 869w, https:\/\/www.run-a-way.de\/wp-content\/uploads\/2023\/01\/beitrag-trevilor-oberarzt-II-rot-300x117.jpg 300w, https:\/\/www.run-a-way.de\/wp-content\/uploads\/2023\/01\/beitrag-trevilor-oberarzt-II-rot-768x300.jpg 768w\" sizes=\"auto, (max-width: 869px) 100vw, 869px\" \/><figcaption class=\"wp-element-caption\">Foreneintrag \u2013 \u201eLeider war ich nur in der \u201eBILD \u2013 (yeah fuck it)\u201c<\/figcaption><\/figure>\n<\/div>\n\n\n<p><\/p>\n\n\n\n<p>Ich zog los und landete vor einer Table-Dance-Bar&#8230;auf meiner Pilgerfahrt hatte so etwas keinen Platz. Also versuchte ich reinzukommen, um aufzur\u00e4umen. Ich wurde an der T\u00fcr zun\u00e4chst abgewiesen, also ging ich nach Hause und verwandelte den Laptop in eine Bombe, indem ich ein altes Handy damit verdrahtete&#8230; zumindest sah er jetzt so aus. Ich ging zur\u00fcck und verlangte nach Einlass. Als mir dieser verwehrt wurde, schmiss ich den Laptop hin und schrie lauthals, dass es eine Bombe sei. Der Einlasser ging mir hinterher und ich bedrohte ihn mit meinem Bambusstock. Dann ergriff ich die Flucht und landete, mit einem Zwischenhalt im Polizeigewahrsam, in der Psychiatrie, wo ich mich kurz darauf wieder entlassen lie\u00df, weil es mir ja gut ging. Keiner der \u00c4rzte in der Psychiatrie erkannte, dass ich unter einer Psychose litt. Ich war wohl sehr \u00fcberzeugend. Also ging meine Reise weiter.<br> (Anmerkung 2018: Es gab sogar die Situation, dass ich nachts in die Psychiatrie eindrang mich an einem Gel\u00e4nder mit Handschellen festkettete und sagte, &#8222;Sperrt mich ein! Ich bin gef\u00e4hrlich&#8220;&#8230;der relativ junge AvD beruhigte mich, und schickte mich wegen \u00dcberbelegung wieder nach Hause&#8230;)<\/p>\n\n\n\n<p>Ich stehe in der Nordstra\u00dfe. Die Kneipe Rockroom, in der ich vor Jahren gern einkehrte, gibt es leider nicht mehr. Sie ist wohl Pleite gegangen. Dieser Ort ist eine riesige Schweinerei, denk ich mir. Ich blicke auf die Kirche, die am Ende der Stra\u00dfe steht. Ich frage mich wie ein Pfarrer predigen kann, w\u00e4hrend ihm gegen\u00fcber junge M\u00e4dchen auf den Strich gehen, nur weil sich ein Hotel in der N\u00e4he befindet.<br>\nIch fasse einen Entschluss. Ich werde ein Exempel statuieren. Ich laufe in den sich in der N\u00e4he befindlichen Konsum und kaufe ein. Meine Einkaufsliste besteht aus einer Rolle Klopapier, einer Flasche Essig, einer Packung Salz, und einer M\u00f6hre, die ich mir als Wegzehrung gedacht hatte. Ich stelle mich nicht an, nein ich bin auf einer wichtigen Mission. Ich lege 10 Euro aufs Band an der Kasse und laufe an den verdutzten Leuten vorbei. Pl\u00f6tzlich kommt die erste Bedrohung. Ich sehe einen schwarzen Mercedes die Nordstra\u00dfe runterfahren. Mir ist bewusst, dass er nur deswegen hier ist um arme M\u00e4dchen f\u00fcr Geld zu ficken. Den Stra\u00dfenstrich gibt es schon seit Jahren nicht mehr, aber das ist mir leider entfallen. Die gerade angeknabberte M\u00f6hre landet mit voller Wucht auf seiner Windschutzscheibe. Der arme Sack verschwindet ohne mich anzumachen, entweder sehe ich gef\u00e4hrlich aus, oder er hat mich, mit meiner zerzausten selbst geschnittenen Glatze, in sein Herz geschlossen. Auf jeden Fall ist er verschwunden.<br>\nIch stehe vor der Kirche auf einem freien Platz. Ich werde diese Kirche exorzieren. Ich male eine 10 Meter gro\u00dfen Kreis aus Salz und hinterlasse ein Kreuz aus Klopapier. Dann bastle ich einen Molotowcocktail aus der Flasche Essig und w\u00e4hrend die Insassen der Kirche wohl langsam Angst bekommen haben, knalle ich das Ding gegen die T\u00fcr. Die Glocken fingen wie wild an zu l\u00e4uten. Das war mein Signal (vielleicht war es gerade Zeit die Glocken zu l\u00e4uten oder jemand gab Alarm).<\/p>\n\n\n\n<p>   <\/p>\n\n\n<div class=\"wp-block-image\">\n<figure class=\"aligncenter size-full\"><img loading=\"lazy\" decoding=\"async\" width=\"869\" height=\"200\" src=\"https:\/\/www.run-a-way.de\/wp-content\/uploads\/2023\/01\/beitrag-fische-rot.jpg\" alt=\"\" class=\"wp-image-583\" srcset=\"https:\/\/www.run-a-way.de\/wp-content\/uploads\/2023\/01\/beitrag-fische-rot.jpg 869w, https:\/\/www.run-a-way.de\/wp-content\/uploads\/2023\/01\/beitrag-fische-rot-300x69.jpg 300w, https:\/\/www.run-a-way.de\/wp-content\/uploads\/2023\/01\/beitrag-fische-rot-768x177.jpg 768w\" sizes=\"auto, (max-width: 869px) 100vw, 869px\" \/><figcaption class=\"wp-element-caption\">Forenbeitrag &#8211; man muss Priorit\u00e4ten setzen \ud83d\ude09<\/figcaption><\/figure>\n<\/div>\n\n\n<p>     <\/p>\n\n\n\n<p>Hier beginnt meine Flucht. Sie f\u00fchrt \u00fcber meine Wohnung, wo ich noch in aller Seelenruhe meine, bei meinen Aquarien (6 an der Zahl) Wasserwechsel durchf\u00fchren zu m\u00fcssen, bis hin zu meinem Vater, dessen Akten ich gerade am Vernichten bin.<br>Was f\u00fcr eine Firma\u2026ich spaziere rein mit meiner Glatze, alle gucken doof (Anmerkung 2018: sorry daf\u00fcr). Am liebsten h\u00e4tte ich diese H\u00fctte angez\u00fcndet, wenn ich es gekonnt h\u00e4tte.<br><br>  <\/p>\n\n\n\n<h2 class=\"wp-block-heading\">Was f\u00fcr ein Aufruhr&#8230;<\/h2>\n\n\n\n<p><a href=\"https:\/\/www.run-a-way.de\/?page_id=245\">Weiter&gt;<\/a><\/p>\n\n\n\n<figure class=\"wp-block-embed is-type-video is-provider-youtube wp-block-embed-youtube wp-embed-aspect-4-3 wp-has-aspect-ratio\"><div class=\"wp-block-embed__wrapper\">\n<iframe loading=\"lazy\" hcb-fetch-image-from=\"https:\/\/youtu.be\/P9BfvPjsXXw?si=JhzbYnubJ5GYomQ7\" title=\"Nine Inch Nails - We&#039;re In This Together\" width=\"1080\" height=\"810\" src=\"https:\/\/www.youtube.com\/embed\/P9BfvPjsXXw?feature=oembed\" frameborder=\"0\" allow=\"accelerometer; autoplay; clipboard-write; encrypted-media; gyroscope; picture-in-picture; web-share\" referrerpolicy=\"strict-origin-when-cross-origin\" allowfullscreen><\/iframe>\n<\/div><\/figure>\n","protected":false},"excerpt":{"rendered":"<p>Jetzt geht\u2019s ab\u2026 Der Song von Nine Inch Nails \u2013 Hurt (Link) ,(Anmerkung 2018: Der Song ist so gut, dass selbst Johnny Cash den gecovert&nbsp;(Link) hat.) (&#8222;I hurt myself today to see if I still feel, I focus on the pain the only thing thats real&#8230;&#8220; &#8211; Tja das Problem war eigentlich, dass ich zu [&hellip;]<\/p>\n","protected":false},"author":1,"featured_media":0,"parent":0,"menu_order":0,"comment_status":"closed","ping_status":"closed","template":"","meta":{"footnotes":""},"class_list":["post-237","page","type-page","status-publish","hentry"],"_links":{"self":[{"href":"https:\/\/www.run-a-way.de\/index.php?rest_route=\/wp\/v2\/pages\/237","targetHints":{"allow":["GET"]}}],"collection":[{"href":"https:\/\/www.run-a-way.de\/index.php?rest_route=\/wp\/v2\/pages"}],"about":[{"href":"https:\/\/www.run-a-way.de\/index.php?rest_route=\/wp\/v2\/types\/page"}],"author":[{"embeddable":true,"href":"https:\/\/www.run-a-way.de\/index.php?rest_route=\/wp\/v2\/users\/1"}],"replies":[{"embeddable":true,"href":"https:\/\/www.run-a-way.de\/index.php?rest_route=%2Fwp%2Fv2%2Fcomments&post=237"}],"version-history":[{"count":18,"href":"https:\/\/www.run-a-way.de\/index.php?rest_route=\/wp\/v2\/pages\/237\/revisions"}],"predecessor-version":[{"id":1306,"href":"https:\/\/www.run-a-way.de\/index.php?rest_route=\/wp\/v2\/pages\/237\/revisions\/1306"}],"wp:attachment":[{"href":"https:\/\/www.run-a-way.de\/index.php?rest_route=%2Fwp%2Fv2%2Fmedia&parent=237"}],"curies":[{"name":"wp","href":"https:\/\/api.w.org\/{rel}","templated":true}]}}