{"id":245,"date":"2018-06-13T13:02:30","date_gmt":"2018-06-13T13:02:30","guid":{"rendered":"https:\/\/www.run-a-way.de\/?page_id=245"},"modified":"2025-11-24T12:54:35","modified_gmt":"2025-11-24T11:54:35","slug":"9-kapitulation","status":"publish","type":"page","link":"https:\/\/www.run-a-way.de\/?page_id=245","title":{"rendered":"9. Kapitulation"},"content":{"rendered":"\n<h2 class=\"wp-block-heading\">Psychedelic<\/h2>\n\n\n\n<p>Nachdem ich im B\u00fcro meines Vaters angekommen war, begann ich seinen Schreibtisch &#8222;aufzur\u00e4umen&#8220; und zwar, indem ich das meiste von seinen Unterlagen in den im Flur stehenden Datenm\u00fcllbeh\u00e4lter stopfte. Mein Vater war wohl gerade im Lager unterwegs. Die Chefsekret\u00e4rin rief ihn wohl in Panik an&#8230;<\/p>\n\n\n\n<p>Nach kurzer Zeit kam mein Vater hinzu. Ich verlangte meinen Dienstwagen zur\u00fcck, den ich vor kurzem demoliert hatte. Als dieser mir verweigert wurde, schlug ich mit einem d\u00fcnnen Bambusstock auf den Schreibtisch und es kam zum Handgemenge. Dabei ging die Hand meines Vaters zu Bruch, trotzdem schaffe er es mich niederzuringen, dabei verlor ich das Messer aus meinem Stiefel, welches ich die ganze Zeit mit mir rumschleppte. Meine F\u00fc\u00dfe waren schon ganz wund von der Schneide. Dieses Messer, mein geweihtes Schwert, wird zu meinem Galgenstrick. Es kamen dann einige Kollegen hinzu, die mich am Boden festhielten bis irgendwann die Polizei anr\u00fcckte und mich abtransportierte. <\/p>\n\n\n\n<p>Ich war total aufgebracht und ich schrie im Polizeiwagen wie am Spie\u00df unter anderen sowas wie: \u201eIch bringe ihn um, und wenn ich eingesperrt werde, vollende ich mein Werk, wenn ich entlassen werde!\u201c. Das war wohl nicht ganz so g\u00fcnstig&#8230;<\/p>\n\n\n\n<p>Eine Psychose ist eine seltsame Sache. Man wei\u00df nicht mehr wo oben oder unten ist, aber im Moment bin ich eindeutig unten gelandet.<br>Voll auf die Schnauze gefallen.<\/p>\n\n\n\n<p>Mir wurde gesagt: ich wollte meinen Vater umbringen\u2026und in meinem Wahn, h\u00e4tte ich das auch getan, wurde mir gesagt, wenn nicht einige Leute dazwischen gegangen w\u00e4ren. Die Leute die mir das sagten, hatten keine Ahnung davon, was eigentlich passiert war. Sie nahmen mich einfach als unm\u00fcndiges, krankes Arschloch auf, in ihre so genannte Psychatrie.<\/p>\n\n\n\n<p>\u201c&#8230;and for one second i lost my head, and for one second i wish that you where dead<br> and for one second you wish that you will here all alone , hold back the tears that could fall from me<br> and for one second i lost my breath, and for one second i cherish what you said, and for one second it seams that i was here all alone, hold back the tears that could fall from me,<br> and for one second i understand, and for one second my life was in your hand, and for one second you wish that you where here all alone, hold back the tears that could fall from me, they fall alone&#8230;\u201d<br> (zitiert aus dem Songtext &#8222;One Second&#8220; von Paradise Lost)<\/p>\n\n\n\n<p><a href=\"https:\/\/www.run-a-way.de\/?page_id=252\">weiterlesen&gt;<\/a><\/p>\n\n\n\n<p><\/p>\n\n\n\n<figure class=\"wp-block-embed is-type-video is-provider-youtube wp-block-embed-youtube wp-embed-aspect-16-9 wp-has-aspect-ratio\"><div class=\"wp-block-embed__wrapper\">\n<iframe loading=\"lazy\" hcb-fetch-image-from=\"https:\/\/youtu.be\/LZ5XWyC5i6A?si=oGU0RviQX4mTG9oj\" title=\"Paradise Lost - One Second | Official Music Video\" width=\"1080\" height=\"608\" src=\"https:\/\/www.youtube.com\/embed\/LZ5XWyC5i6A?feature=oembed\" frameborder=\"0\" allow=\"accelerometer; autoplay; clipboard-write; encrypted-media; gyroscope; picture-in-picture; web-share\" referrerpolicy=\"strict-origin-when-cross-origin\" allowfullscreen><\/iframe>\n<\/div><\/figure>\n\n\n\n<p><\/p>\n\n\n\n<p><\/p>\n","protected":false},"excerpt":{"rendered":"<p>Psychedelic Nachdem ich im B\u00fcro meines Vaters angekommen war, begann ich seinen Schreibtisch &#8222;aufzur\u00e4umen&#8220; und zwar, indem ich das meiste von seinen Unterlagen in den im Flur stehenden Datenm\u00fcllbeh\u00e4lter stopfte. Mein Vater war wohl gerade im Lager unterwegs. Die Chefsekret\u00e4rin rief ihn wohl in Panik an&#8230; Nach kurzer Zeit kam mein Vater hinzu. Ich verlangte [&hellip;]<\/p>\n","protected":false},"author":1,"featured_media":0,"parent":0,"menu_order":0,"comment_status":"closed","ping_status":"closed","template":"","meta":{"footnotes":""},"class_list":["post-245","page","type-page","status-publish","hentry"],"_links":{"self":[{"href":"https:\/\/www.run-a-way.de\/index.php?rest_route=\/wp\/v2\/pages\/245","targetHints":{"allow":["GET"]}}],"collection":[{"href":"https:\/\/www.run-a-way.de\/index.php?rest_route=\/wp\/v2\/pages"}],"about":[{"href":"https:\/\/www.run-a-way.de\/index.php?rest_route=\/wp\/v2\/types\/page"}],"author":[{"embeddable":true,"href":"https:\/\/www.run-a-way.de\/index.php?rest_route=\/wp\/v2\/users\/1"}],"replies":[{"embeddable":true,"href":"https:\/\/www.run-a-way.de\/index.php?rest_route=%2Fwp%2Fv2%2Fcomments&post=245"}],"version-history":[{"count":14,"href":"https:\/\/www.run-a-way.de\/index.php?rest_route=\/wp\/v2\/pages\/245\/revisions"}],"predecessor-version":[{"id":1162,"href":"https:\/\/www.run-a-way.de\/index.php?rest_route=\/wp\/v2\/pages\/245\/revisions\/1162"}],"wp:attachment":[{"href":"https:\/\/www.run-a-way.de\/index.php?rest_route=%2Fwp%2Fv2%2Fmedia&parent=245"}],"curies":[{"name":"wp","href":"https:\/\/api.w.org\/{rel}","templated":true}]}}