{"id":257,"date":"2018-06-13T13:32:49","date_gmt":"2018-06-13T13:32:49","guid":{"rendered":"https:\/\/www.run-a-way.de\/?page_id=257"},"modified":"2025-11-28T13:31:01","modified_gmt":"2025-11-28T12:31:01","slug":"11-raus","status":"publish","type":"page","link":"https:\/\/www.run-a-way.de\/?page_id=257","title":{"rendered":"11. Raus"},"content":{"rendered":"\n<h2 class=\"wp-block-heading\">Man gew\u00f6hnt sich ja irgendwie an alles<\/h2>\n\n\n\n<p>Nach meiner achtmonatigen U-Haft im Ma\u00dfregelvollzug, kam es zu meiner Gerichtsverhandlung. Ich wurde in Handschellen zum Landesgerichtsgeb\u00e4ude transportiert, beim Landesgericht wurde verhandelt, weil ich wie erw\u00e4hnt Haftbeschwerde eingereicht hatte.<br>Der Saal war voll, und ich wurde von der Presse (Bild-Zeitung, Morgenpost, LVZ) ungefragt fotografiert. Das Bild wurde zwar retuschiert aber jemand der mich kannte\u2026naja.<br>Es ging um mein Leben. Ich war mittlerweile zum Gl\u00fcck nicht mehr psychotisch daf\u00fcr aber ziemlich depressiv und ver\u00e4ngstigt von der Situation.<br>Nach einigen Zeugen und dem Staatsanwalt der die Anklageschrift vorlas, hatte ich das Wort und konnte mich \u00e4u\u00dfern. Das fiel mir in diesem Rahmen verdammt schwer. Ich hatte einfach nur Angst. Ich sagte \u201eIch wollte meinen Vater nicht umbringen!\u201c, der relativ junge Staatsanwalt meinte dazu es w\u00e4re eine so genannte \u201eSchutzbehauptung\u201c. Anders gesagt eine L\u00fcge.<\/p>\n\n\n\n<p>Wenn man psychisch krank und wie ich schuldunf\u00e4hig ist, scheint der gute alte Satz \u201eIm Zweifel f\u00fcr den Angeklagten!\u201c keine Bedeutung mehr zu haben. Man ist ja nicht zurechenbar, also potenziell gef\u00e4hrlich. Ich wurde wegen versuchten Todschlags verurteilt, ein Kapitalverbrechen.<br>Ich durfte mich dazu \u00e4u\u00dfern und ich sagte schluchzend: \u201eGeben sie mir noch eine Chance.\u201c Der Gutachter sagt zuvor irgendwas wie: \u201eDer Angeklagte ist weitestgehend geheilt, es w\u00e4re jetzt nur noch ein prophylaktisches Wegsperren.\u201c Mein Urteil wurde auf Bew\u00e4hrung ausgesetzt. Ich kam frei. Meine Eltern, die mich nicht fallen lie\u00dfen (Danke noch einmal daf\u00fcr), nahmen mich zun\u00e4chst zu Hause bei sich auf. Ich wurde ein letztes Mal in die Forensik transportiert um meine Sachen abzuholen. Innerhalb von 10 Minuten wurde mein Schrank gelehrt. Alles kam in einen riesigen Plastiksack und ich wurde von meinem Vater abgeholt. Ich hatte kaum Zeit mich von irgendjemand zu verabschieden\u2026ich erinnere mich noch dunkel, dass wir kurz darauf gleich ins Steakhaus gingen um zu essen. &nbsp;&nbsp;&nbsp;&nbsp;&nbsp;&nbsp;&nbsp;<\/p>\n\n\n\n<p>Anmerkung 2018:<br>Es stellte sich ein Vakuum ein. Es f\u00fcllte sich zwar (sehr) langsam mit Luft\u2026aber 10 Jahre danach hat sich zwar viel ver\u00e4ndert\u2026<\/p>\n\n\n\n<figure class=\"wp-block-embed is-type-video is-provider-youtube wp-block-embed-youtube wp-embed-aspect-4-3 wp-has-aspect-ratio\"><div class=\"wp-block-embed__wrapper\">\n<iframe loading=\"lazy\" hcb-fetch-image-from=\"https:\/\/youtu.be\/cyrdPtEHKzE?si=CmJjIQuSJovhmsTL\" title=\"Falco - Out Of The Dark [Official Music Video]\" width=\"1080\" height=\"810\" src=\"https:\/\/www.youtube.com\/embed\/cyrdPtEHKzE?feature=oembed\" frameborder=\"0\" allow=\"accelerometer; autoplay; clipboard-write; encrypted-media; gyroscope; picture-in-picture; web-share\" referrerpolicy=\"strict-origin-when-cross-origin\" allowfullscreen><\/iframe>\n<\/div><\/figure>\n\n\n\n<p><\/p>\n\n\n\n<p>&#8230;aber irgendwie war ich bis zum heutigen Zeitpunkt (2018) wohl einfach &#8222;medikamentenweichgesp\u00fclt&#8220;<\/p>\n\n\n\n<p><a href=\"https:\/\/www.run-a-way.de\/?page_id=681\">To be continued&#8230;&gt;<\/a><\/p>\n","protected":false},"excerpt":{"rendered":"<p>Man gew\u00f6hnt sich ja irgendwie an alles Nach meiner achtmonatigen U-Haft im Ma\u00dfregelvollzug, kam es zu meiner Gerichtsverhandlung. Ich wurde in Handschellen zum Landesgerichtsgeb\u00e4ude transportiert, beim Landesgericht wurde verhandelt, weil ich wie erw\u00e4hnt Haftbeschwerde eingereicht hatte.Der Saal war voll, und ich wurde von der Presse (Bild-Zeitung, Morgenpost, LVZ) ungefragt fotografiert. Das Bild wurde zwar retuschiert [&hellip;]<\/p>\n","protected":false},"author":1,"featured_media":0,"parent":0,"menu_order":0,"comment_status":"closed","ping_status":"closed","template":"","meta":{"footnotes":""},"class_list":["post-257","page","type-page","status-publish","hentry"],"_links":{"self":[{"href":"https:\/\/www.run-a-way.de\/index.php?rest_route=\/wp\/v2\/pages\/257","targetHints":{"allow":["GET"]}}],"collection":[{"href":"https:\/\/www.run-a-way.de\/index.php?rest_route=\/wp\/v2\/pages"}],"about":[{"href":"https:\/\/www.run-a-way.de\/index.php?rest_route=\/wp\/v2\/types\/page"}],"author":[{"embeddable":true,"href":"https:\/\/www.run-a-way.de\/index.php?rest_route=\/wp\/v2\/users\/1"}],"replies":[{"embeddable":true,"href":"https:\/\/www.run-a-way.de\/index.php?rest_route=%2Fwp%2Fv2%2Fcomments&post=257"}],"version-history":[{"count":8,"href":"https:\/\/www.run-a-way.de\/index.php?rest_route=\/wp\/v2\/pages\/257\/revisions"}],"predecessor-version":[{"id":1327,"href":"https:\/\/www.run-a-way.de\/index.php?rest_route=\/wp\/v2\/pages\/257\/revisions\/1327"}],"wp:attachment":[{"href":"https:\/\/www.run-a-way.de\/index.php?rest_route=%2Fwp%2Fv2%2Fmedia&parent=257"}],"curies":[{"name":"wp","href":"https:\/\/api.w.org\/{rel}","templated":true}]}}