{"id":267,"date":"2018-06-13T14:29:46","date_gmt":"2018-06-13T14:29:46","guid":{"rendered":"https:\/\/www.run-a-way.de\/?page_id=267"},"modified":"2025-11-12T11:59:56","modified_gmt":"2025-11-12T10:59:56","slug":"sorry","status":"publish","type":"page","link":"https:\/\/www.run-a-way.de\/?page_id=267","title":{"rendered":"Sorry&#8230;"},"content":{"rendered":"\n<h2 class=\"wp-block-heading\">Entschuldigung<\/h2>\n\n\n\n<p>An alle denen ich in den vergangenen Jahren in irgendeiner Form, Leid zu gef\u00fcgt habe, Nachbarn (ohje), Ex-Freundinnen etc. und allen denen gegen\u00fcber ich mich sonst noch wie ein (Ober)Arschloch (ohja) verhalten habe.<br>\nSei es wegen der Sorge um mich, seien es Verbalattacken, andere Attacken\u2026unsch\u00f6nes Verhalten, Gemeinheiten etc. die Liste ist lang genug.<\/p>\n\n\n\n<p>Ich m\u00f6chte einfach versuchen mich daf\u00fcr zu entschuldigen\u2026<\/p>\n\n\n\n<p>Ich kann nichts r\u00fcckg\u00e4ngig machen. Das Meiste will ich auch nicht r\u00fcckg\u00e4ngig machen, aber es gibt Dinge die ich im Wahn und auch au\u00dferhalb dessen getan habe, f\u00fcr die ich mich zu Recht sch\u00e4me. Ich glaube und hoffe, dass die Personen die gemeint sind, sich hiermit angesprochen f\u00fchlen.<\/p>\n\n\n\n<h2 class=\"wp-block-heading\">Sorry\u2026<\/h2>\n\n\n\n<figure class=\"wp-block-embed is-type-video is-provider-youtube wp-block-embed-youtube wp-embed-aspect-16-9 wp-has-aspect-ratio\"><div class=\"wp-block-embed__wrapper\">\n<iframe loading=\"lazy\" hcb-fetch-image-from=\"https:\/\/youtu.be\/XFkzRNyygfk?si=bG7UaTXmotD3pgk6\" title=\"Radiohead - Creep\" width=\"1080\" height=\"608\" src=\"https:\/\/www.youtube.com\/embed\/XFkzRNyygfk?feature=oembed\" frameborder=\"0\" allow=\"accelerometer; autoplay; clipboard-write; encrypted-media; gyroscope; picture-in-picture; web-share\" referrerpolicy=\"strict-origin-when-cross-origin\" allowfullscreen><\/iframe>\n<\/div><\/figure>\n","protected":false},"excerpt":{"rendered":"<p>Entschuldigung An alle denen ich in den vergangenen Jahren in irgendeiner Form, Leid zu gef\u00fcgt habe, Nachbarn (ohje), Ex-Freundinnen etc. und allen denen gegen\u00fcber ich mich sonst noch wie ein (Ober)Arschloch (ohja) verhalten habe. Sei es wegen der Sorge um mich, seien es Verbalattacken, andere Attacken\u2026unsch\u00f6nes Verhalten, Gemeinheiten etc. die Liste ist lang genug. Ich [&hellip;]<\/p>\n","protected":false},"author":1,"featured_media":0,"parent":0,"menu_order":0,"comment_status":"closed","ping_status":"closed","template":"","meta":{"footnotes":""},"class_list":["post-267","page","type-page","status-publish","hentry"],"_links":{"self":[{"href":"https:\/\/www.run-a-way.de\/index.php?rest_route=\/wp\/v2\/pages\/267","targetHints":{"allow":["GET"]}}],"collection":[{"href":"https:\/\/www.run-a-way.de\/index.php?rest_route=\/wp\/v2\/pages"}],"about":[{"href":"https:\/\/www.run-a-way.de\/index.php?rest_route=\/wp\/v2\/types\/page"}],"author":[{"embeddable":true,"href":"https:\/\/www.run-a-way.de\/index.php?rest_route=\/wp\/v2\/users\/1"}],"replies":[{"embeddable":true,"href":"https:\/\/www.run-a-way.de\/index.php?rest_route=%2Fwp%2Fv2%2Fcomments&post=267"}],"version-history":[{"count":3,"href":"https:\/\/www.run-a-way.de\/index.php?rest_route=\/wp\/v2\/pages\/267\/revisions"}],"predecessor-version":[{"id":1363,"href":"https:\/\/www.run-a-way.de\/index.php?rest_route=\/wp\/v2\/pages\/267\/revisions\/1363"}],"wp:attachment":[{"href":"https:\/\/www.run-a-way.de\/index.php?rest_route=%2Fwp%2Fv2%2Fmedia&parent=267"}],"curies":[{"name":"wp","href":"https:\/\/api.w.org\/{rel}","templated":true}]}}