{"id":339,"date":"2018-06-15T00:25:37","date_gmt":"2018-06-15T00:25:37","guid":{"rendered":"https:\/\/www.run-a-way.de\/?page_id=339"},"modified":"2025-11-28T13:53:15","modified_gmt":"2025-11-28T12:53:15","slug":"stuff","status":"publish","type":"page","link":"https:\/\/www.run-a-way.de\/?page_id=339","title":{"rendered":"Stuff"},"content":{"rendered":"\n<h2 class=\"wp-block-heading\">Hier gibt es ein bissl Infozeug<\/h2>\n\n\n\n<h3 class=\"wp-block-heading\">1. Lebensweisheiten &amp; Zitate<\/h3>\n\n\n\n<ul class=\"wp-block-list\">\n<li>Versuche niemals zu l\u00fcgen &#8211; Jede L\u00fcge bringt dich in die Defensive&#8230;und dem Wahnsinn n\u00e4her.<\/li>\n\n\n\n<li>Sei offen&#8230;<\/li>\n\n\n\n<li>Man sieht sich immer mindestens zweimal im Leben.<\/li>\n\n\n\n<li>Wer fl\u00fcchtet, der wird gejagt!<\/li>\n\n\n\n<li>Der Weg ist da wo die Angst ist.<\/li>\n\n\n\n<li>Nur weil du paranoid bist, hei\u00dft das nicht, dass sie nicht trotzdem hinter dir her sind&#8230; \ud83d\ude09<\/li>\n\n\n\n<li>Wer andere zitiert, hat selbst meist nicht viel zu sagen.<\/li>\n<\/ul>\n\n\n\n<h3 class=\"wp-block-heading\">2. Filme zum Thema, die man meiner Meinung nach gesehen haben sollte<\/h3>\n\n\n\n<ul class=\"wp-block-list\">\n<li><a href=\"https:\/\/de.wikipedia.org\/wiki\/Fight_Club_(Film)\">Fight Club<\/a><br>Der Film ist einfach nur krank, aber irgendwie genial. Regt zum Nachdenken \u00fcber die Gesellschaft an. Wie man vielleicht merkt, ist das einer meiner Lieblingsfilme&#8230;lass dich da nicht reinfallen!<\/li>\n\n\n\n<li><a href=\"https:\/\/de.wikipedia.org\/wiki\/Einer_flog_%C3%BCber_das_Kuckucksnest_(Film)\">Einer flog \u00fcber das Kuckucksnest<\/a><br>Standardwerk f\u00fcr Psychiatrieinsassen, muss man gesehen haben.<\/li>\n\n\n\n<li><a href=\"https:\/\/de.wikipedia.org\/wiki\/A_Beautiful_Mind_%E2%80%93_Genie_und_Wahnsinn\">A beautiful Mind<\/a><br>Eine wahre Begebenheit. Mit dem Film kann man sich als psychisch Kranker richtig sch\u00f6n selbst beweihr\u00e4uchern. Wir sind ja alle hochbegabt und bekommen nat\u00fcrlich alle irgendwann einen Nobelpreis! \ud83d\ude09 . Hollywood, aber gut!<\/li>\n\n\n\n<li><a href=\"https:\/\/de.wikipedia.org\/wiki\/Falling_Down_%E2%80%93_Ein_ganz_normaler_Tag\">Falling Down \u2013 Ein ganz normaler Tag<\/a><br>Grusliger, be\u00e4ngstigender Film aber sehr gut gemacht.<\/li>\n\n\n\n<li><a href=\"https:\/\/de.wikipedia.org\/wiki\/Durchgeknallt_(1999)\">Durchgeknallt<\/a><br>Die weibliche Seite des Wahnsinns&#8230;von witzig bis traurig, alles dabei.<\/li>\n\n\n\n<li><a href=\"https:\/\/de.wikipedia.org\/wiki\/Shutter_Island_(Film)\">Shutter Island<\/a><br>Ich glaube, den Film versteht man nur wenn man mal psychotisch war.<\/li>\n\n\n\n<li><a href=\"https:\/\/de.wikipedia.org\/wiki\/Das_weisse_Rauschen\">Das weisse Rauschen<\/a><br>Knallharte Realit\u00e4t, deutscher Film, bedrohlich. Super gemacht und umgesetzt.<\/li>\n\n\n\n<li><a href=\"https:\/\/de.wikipedia.org\/wiki\/Allein_(Film)\">Allein<\/a><br>Die weibliche Seite des Wahnsinns, deutsche Version&#8230;Achtung harte Kost!<\/li>\n\n\n\n<li><a href=\"https:\/\/de.wikipedia.org\/wiki\/Die_Wutprobe\">Die Wutprobe<\/a><br>Einfach nur witzig und irgendwie auch lehrreich, kann man sogar mit Kindern anschauen.<\/li>\n<\/ul>\n","protected":false},"excerpt":{"rendered":"<p>Hier gibt es ein bissl Infozeug 1. Lebensweisheiten &amp; Zitate 2. Filme zum Thema, die man meiner Meinung nach gesehen haben sollte<\/p>\n","protected":false},"author":1,"featured_media":0,"parent":0,"menu_order":0,"comment_status":"closed","ping_status":"closed","template":"","meta":{"footnotes":""},"class_list":["post-339","page","type-page","status-publish","hentry"],"_links":{"self":[{"href":"https:\/\/www.run-a-way.de\/index.php?rest_route=\/wp\/v2\/pages\/339","targetHints":{"allow":["GET"]}}],"collection":[{"href":"https:\/\/www.run-a-way.de\/index.php?rest_route=\/wp\/v2\/pages"}],"about":[{"href":"https:\/\/www.run-a-way.de\/index.php?rest_route=\/wp\/v2\/types\/page"}],"author":[{"embeddable":true,"href":"https:\/\/www.run-a-way.de\/index.php?rest_route=\/wp\/v2\/users\/1"}],"replies":[{"embeddable":true,"href":"https:\/\/www.run-a-way.de\/index.php?rest_route=%2Fwp%2Fv2%2Fcomments&post=339"}],"version-history":[{"count":4,"href":"https:\/\/www.run-a-way.de\/index.php?rest_route=\/wp\/v2\/pages\/339\/revisions"}],"predecessor-version":[{"id":1335,"href":"https:\/\/www.run-a-way.de\/index.php?rest_route=\/wp\/v2\/pages\/339\/revisions\/1335"}],"wp:attachment":[{"href":"https:\/\/www.run-a-way.de\/index.php?rest_route=%2Fwp%2Fv2%2Fmedia&parent=339"}],"curies":[{"name":"wp","href":"https:\/\/api.w.org\/{rel}","templated":true}]}}