{"id":350,"date":"2018-06-15T01:10:20","date_gmt":"2018-06-15T01:10:20","guid":{"rendered":"https:\/\/www.run-a-way.de\/?page_id=350"},"modified":"2025-11-28T14:06:23","modified_gmt":"2025-11-28T13:06:23","slug":"emotionsregulation","status":"publish","type":"page","link":"https:\/\/www.run-a-way.de\/?page_id=350","title":{"rendered":"Emotionsregulation"},"content":{"rendered":"\n<h2 class=\"wp-block-heading\">Wenn du mal nicht wei\u00dft warum es dir gerade so schei\u00dfe geht&#8230;oder du eine Entscheidungshilfe brauchst<\/h2>\n\n\n\n<p>Das hier zum Download bereitgestellte Formblatt, stammt zum Teil aus der DBT (<a href=\"https:\/\/de.wikipedia.org\/wiki\/Dialektisch-Behaviorale_Therapie\">Dialektisch-Behaviorale Therapie nach\u00a0Marsha M. Linehan<\/a>)<br> Ich habe es 2005 auf meine Bed\u00fcrfnisse angepasst. (Ja ich bin gr\u00f6\u00dfenwahnsinnig, aber alles was helfen kann ist gut, ich habe keine Psychologie studiert, ich habe sie nur gelebt.)<br> Kann sein das es nur mir hilft. Das Ding ist ziemlich komplex und nicht f\u00fcr jeden anwendbar, hilfreich und auch nicht f\u00fcr jeden Zustand empfehlenswert.<\/p>\n\n\n\n<p>Notfalls versuch halt irgendetwas anderes, aber versuche raus zu finden was los ist, sonst bleibt der Zustand so wie er ist und das f\u00fcr verdammt lange.<\/p>\n\n\n\n<p>Ich glaube das Teil macht keinen Sinn, wenn man unter starken Medikamenteneinflu\u00df steht, besoffen, zugekifft oder psychotisch ist.<\/p>\n\n\n\n<p>Unten findet Ihr das Formblatt (PDF) zum Ausdrucken und ausf\u00fcllen.<br> Bitte nicht \u00fcberbewerten, die Anwendung ist auf eigene Gefahr, such dir Schutz und Hilfe!<\/p>\n\n\n\n<h3 class=\"wp-block-heading\">Formblatt zur <a href=\"https:\/\/www.run-a-way.de\/wp-content\/uploads\/2023\/01\/Emotionsregulation.pdf\">Emotionsregulation<\/a><\/h3>\n\n\n\n<p><\/p>\n","protected":false},"excerpt":{"rendered":"<p>Wenn du mal nicht wei\u00dft warum es dir gerade so schei\u00dfe geht&#8230;oder du eine Entscheidungshilfe brauchst Das hier zum Download bereitgestellte Formblatt, stammt zum Teil aus der DBT (Dialektisch-Behaviorale Therapie nach\u00a0Marsha M. Linehan) Ich habe es 2005 auf meine Bed\u00fcrfnisse angepasst. (Ja ich bin gr\u00f6\u00dfenwahnsinnig, aber alles was helfen kann ist gut, ich habe keine [&hellip;]<\/p>\n","protected":false},"author":1,"featured_media":0,"parent":0,"menu_order":0,"comment_status":"closed","ping_status":"closed","template":"","meta":{"footnotes":""},"class_list":["post-350","page","type-page","status-publish","hentry"],"_links":{"self":[{"href":"https:\/\/www.run-a-way.de\/index.php?rest_route=\/wp\/v2\/pages\/350","targetHints":{"allow":["GET"]}}],"collection":[{"href":"https:\/\/www.run-a-way.de\/index.php?rest_route=\/wp\/v2\/pages"}],"about":[{"href":"https:\/\/www.run-a-way.de\/index.php?rest_route=\/wp\/v2\/types\/page"}],"author":[{"embeddable":true,"href":"https:\/\/www.run-a-way.de\/index.php?rest_route=\/wp\/v2\/users\/1"}],"replies":[{"embeddable":true,"href":"https:\/\/www.run-a-way.de\/index.php?rest_route=%2Fwp%2Fv2%2Fcomments&post=350"}],"version-history":[{"count":7,"href":"https:\/\/www.run-a-way.de\/index.php?rest_route=\/wp\/v2\/pages\/350\/revisions"}],"predecessor-version":[{"id":1343,"href":"https:\/\/www.run-a-way.de\/index.php?rest_route=\/wp\/v2\/pages\/350\/revisions\/1343"}],"wp:attachment":[{"href":"https:\/\/www.run-a-way.de\/index.php?rest_route=%2Fwp%2Fv2%2Fmedia&parent=350"}],"curies":[{"name":"wp","href":"https:\/\/api.w.org\/{rel}","templated":true}]}}