{"id":396,"date":"2018-06-15T06:39:19","date_gmt":"2018-06-15T06:39:19","guid":{"rendered":"https:\/\/www.run-a-way.de\/?page_id=396"},"modified":"2025-11-12T11:41:34","modified_gmt":"2025-11-12T10:41:34","slug":"achtsamkeit","status":"publish","type":"page","link":"https:\/\/www.run-a-way.de\/?page_id=396","title":{"rendered":"Achtsamkeit"},"content":{"rendered":"\n<h2 class=\"wp-block-heading\"><a href=\"https:\/\/de.wikipedia.org\/wiki\/Zen\">ZEN<\/a><\/h2>\n\n\n\n<p>Versuch deine Umwelt bewusst wahrzunehmen. Achte konzentriert darauf was du tust, dann schmei\u00dft du weniger Gl\u00e4ser und Flaschen um, dann passieren dir auch weniger Unf\u00e4lle und deine \u00dcberlebenschance steigt rapide \ud83d\ude00 .<\/p>\n\n\n\n<p>Genie\u00dfe deine Umwelt, die Farben, die Ger\u00fcche, die Ger\u00e4usche und die Formen. Versuch im hier und jetzt zu sein!<br>\nDas steigert deine Lebensqualit\u00e4t und gibt dir die M\u00f6glichkeit dich zu sortieren, der Wahn hat dann eine geringere Chance &#8211;<br>\n<strong>Ordne das Chaos!<\/strong><\/p>\n","protected":false},"excerpt":{"rendered":"<p>ZEN Versuch deine Umwelt bewusst wahrzunehmen. Achte konzentriert darauf was du tust, dann schmei\u00dft du weniger Gl\u00e4ser und Flaschen um, dann passieren dir auch weniger Unf\u00e4lle und deine \u00dcberlebenschance steigt rapide \ud83d\ude00 . Genie\u00dfe deine Umwelt, die Farben, die Ger\u00fcche, die Ger\u00e4usche und die Formen. Versuch im hier und jetzt zu sein! Das steigert deine [&hellip;]<\/p>\n","protected":false},"author":1,"featured_media":0,"parent":0,"menu_order":0,"comment_status":"closed","ping_status":"closed","template":"","meta":{"footnotes":""},"class_list":["post-396","page","type-page","status-publish","hentry"],"_links":{"self":[{"href":"https:\/\/www.run-a-way.de\/index.php?rest_route=\/wp\/v2\/pages\/396","targetHints":{"allow":["GET"]}}],"collection":[{"href":"https:\/\/www.run-a-way.de\/index.php?rest_route=\/wp\/v2\/pages"}],"about":[{"href":"https:\/\/www.run-a-way.de\/index.php?rest_route=\/wp\/v2\/types\/page"}],"author":[{"embeddable":true,"href":"https:\/\/www.run-a-way.de\/index.php?rest_route=\/wp\/v2\/users\/1"}],"replies":[{"embeddable":true,"href":"https:\/\/www.run-a-way.de\/index.php?rest_route=%2Fwp%2Fv2%2Fcomments&post=396"}],"version-history":[{"count":3,"href":"https:\/\/www.run-a-way.de\/index.php?rest_route=\/wp\/v2\/pages\/396\/revisions"}],"predecessor-version":[{"id":996,"href":"https:\/\/www.run-a-way.de\/index.php?rest_route=\/wp\/v2\/pages\/396\/revisions\/996"}],"wp:attachment":[{"href":"https:\/\/www.run-a-way.de\/index.php?rest_route=%2Fwp%2Fv2%2Fmedia&parent=396"}],"curies":[{"name":"wp","href":"https:\/\/api.w.org\/{rel}","templated":true}]}}