{"id":401,"date":"2018-06-15T06:55:29","date_gmt":"2018-06-15T06:55:29","guid":{"rendered":"https:\/\/www.run-a-way.de\/?page_id=401"},"modified":"2025-11-28T14:02:56","modified_gmt":"2025-11-28T13:02:56","slug":"die-rote-oder-die-blaue-pille","status":"publish","type":"page","link":"https:\/\/www.run-a-way.de\/?page_id=401","title":{"rendered":"Die rote oder die blaue Pille?"},"content":{"rendered":"\n<h2 class=\"wp-block-heading\">Medikamente<\/h2>\n\n\n\n<p>Zum Thema Medikamente kann man geteilter Meinung sein. ABER(!) jedes Medikament ist nur eine Kr\u00fccke, um wieder auf die Beine zu kommen. (Anmerkung 2023: Hmmm, ich bin mir nicht mehr ganz sicher, ob ich das noch so stehen lassen kann. Wahrscheinlich ist manchmal auch eine dauerhafte Medikation notwendig, so wie bei mir.) Ich habe einen ganzen Cocktail davon durch. Ich habe die Erfahrung gemacht, dass es Pillen gibt die wirken, welche die haupts\u00e4chlich neben-wirken, und welche die \u00fcberhaupt nix bringen. Das zieht sich vor allem durch die vielen <a href=\"https:\/\/de.wikipedia.org\/wiki\/Antidepressivum\">Antidepressivas<\/a>.<\/p>\n\n\n\n<p><\/p>\n\n\n<div class=\"wp-block-image\">\n<figure class=\"aligncenter size-full\"><img loading=\"lazy\" decoding=\"async\" width=\"869\" height=\"387\" src=\"https:\/\/www.run-a-way.de\/wp-content\/uploads\/2023\/01\/beitrag-NaValproat-rot.jpg\" alt=\"\" class=\"wp-image-585\" srcset=\"https:\/\/www.run-a-way.de\/wp-content\/uploads\/2023\/01\/beitrag-NaValproat-rot.jpg 869w, https:\/\/www.run-a-way.de\/wp-content\/uploads\/2023\/01\/beitrag-NaValproat-rot-300x134.jpg 300w, https:\/\/www.run-a-way.de\/wp-content\/uploads\/2023\/01\/beitrag-NaValproat-rot-768x342.jpg 768w\" sizes=\"auto, (max-width: 869px) 100vw, 869px\" \/><figcaption class=\"wp-element-caption\">Foreneintrag &#8211; damals hielt ich die letzte Substanz im Preis\/Leistungsverh\u00e4ltnis am effektivsten&#8230;ich hatte noch was da&#8230;beim Studium abgezweigt \ud83d\ude1b<\/figcaption><\/figure>\n<\/div>\n\n\n<p><\/p>\n\n\n\n<p>Untersch\u00e4tze nicht die Wirkung des Placeboeffektes, wenn du daran glaubst, hilft sogar eine Aspirin gegen deine Depression&#8230;<br> <a href=\"https:\/\/de.wikipedia.org\/wiki\/Neuroleptikum\">Neuroleptikas<\/a> wirken definitiv (irgendwie) und ebenso <a href=\"https:\/\/de.wikipedia.org\/wiki\/Benzodiazepine\">Benzos<\/a>.<\/p>\n\n\n\n<p><\/p>\n\n\n<div class=\"wp-block-image\">\n<figure class=\"aligncenter size-large\"><img loading=\"lazy\" decoding=\"async\" width=\"1024\" height=\"768\" src=\"https:\/\/www.run-a-way.de\/wp-content\/uploads\/2023\/01\/Pillen-bearbeitet-mit-Namen-1024x768.jpg\" alt=\"\" class=\"wp-image-590\" srcset=\"https:\/\/www.run-a-way.de\/wp-content\/uploads\/2023\/01\/Pillen-bearbeitet-mit-Namen-1024x768.jpg 1024w, https:\/\/www.run-a-way.de\/wp-content\/uploads\/2023\/01\/Pillen-bearbeitet-mit-Namen-300x225.jpg 300w, https:\/\/www.run-a-way.de\/wp-content\/uploads\/2023\/01\/Pillen-bearbeitet-mit-Namen-768x576.jpg 768w, https:\/\/www.run-a-way.de\/wp-content\/uploads\/2023\/01\/Pillen-bearbeitet-mit-Namen-1536x1152.jpg 1536w, https:\/\/www.run-a-way.de\/wp-content\/uploads\/2023\/01\/Pillen-bearbeitet-mit-Namen-800x600.jpg 800w, https:\/\/www.run-a-way.de\/wp-content\/uploads\/2023\/01\/Pillen-bearbeitet-mit-Namen-1920x1440.jpg 1920w\" sizes=\"auto, (max-width: 1024px) 100vw, 1024px\" \/><figcaption class=\"wp-element-caption\">Ups&#8230;da halten aber einige die Hand auf&#8230;<\/figcaption><\/figure>\n<\/div>\n\n\n<p><\/p>\n\n\n\n<p>Weiterf\u00fchrender Link: (statista.com)<br>\n<a href=\"https:\/\/de.statista.com\/statistik\/daten\/studie\/153178\/umfrage\/konsum-von-antidepressiva-in-ausgwaehlten-laendern\/\"><strong>Durchschnittlicher Konsum von Antidepressiva in ausgew\u00e4hlten europ\u00e4ischen L\u00e4ndern im Jahr 2015 (in DDD* je 1.000 Personen pro Tag)<\/strong><\/a><\/p>\n\n\n\n<p>Manchmal muss es einfach sein, aber versuch irgendwann ohne auszukommen, denk an deine Leber und an deinen Hirnstoffwechsel.<br>\nSetze niemals eigensinnig deine Tabletten ab, oder nimm irgendwelches Zeug, was du gerade noch im Schrank hast.<br>\nDas kann und soll nur ein guter Psychiater (ich hoffe du hast einen) machen.<br>\nDas meine ich mehr als ernst!<\/p>\n\n\n\n<h2 class=\"wp-block-heading\">Anmerkung 2018:<br>\nEigener Erfahrungsbericht \u00fcber das Medikament <a href=\"https:\/\/www.otsuka-europe.com\/de\/hcp?redirect=%2Fde%2Fhealthcare-professionals\">Abilify<\/a>:<\/h2>\n\n\n\n<h3 class=\"wp-block-heading\">Wirkstoff:<\/h3>\n\n\n\n<p><a href=\"https:\/\/de.wikipedia.org\/wiki\/Aripiprazol\">Aripiprazol<\/a><\/p>\n\n\n\n<h3 class=\"wp-block-heading\">So soll er wirken:<\/h3>\n\n\n\n<p>Quelle: <a href=\"https:\/\/de.wikipedia.org\/wiki\/Aripiprazol\">Wikipedia<\/a><\/p>\n\n\n\n<p>&#8222;Aripiprazol ist ein&nbsp;<a title=\"Funktionelle Selektivit\u00e4t\" href=\"https:\/\/de.wikipedia.org\/wiki\/Funktionelle_Selektivit%C3%A4t\">funktionell selektiver<\/a>&nbsp;<a title=\"Ligand (Biochemie)\" href=\"https:\/\/de.wikipedia.org\/wiki\/Ligand_(Biochemie)\">Ligand<\/a>&nbsp;am&nbsp;<a title=\"Dopamin-Rezeptor\" href=\"https:\/\/de.wikipedia.org\/wiki\/Dopamin-Rezeptor\">Dopamin-D<sub>2<\/sub>-Rezeptor<\/a>. Es wirkt an diesem Rezeptor als&nbsp;<a title=\"Partialagonist\" href=\"https:\/\/de.wikipedia.org\/wiki\/Partialagonist\">Partialagonist<\/a>&nbsp;\u00fcber das&nbsp;<a title=\"G-Protein\" href=\"https:\/\/de.wikipedia.org\/wiki\/G-Protein\">G-Protein<\/a>&nbsp;<a title=\"Heterotrimeres G-Protein\" href=\"https:\/\/de.wikipedia.org\/wiki\/Heterotrimeres_G-Protein#Klassifizierung\">G\u03b1i\/o<\/a>, w\u00e4hrend es \u00fcber den&nbsp;<a title=\"G-Protein-gekoppelter Rezeptor\" href=\"https:\/\/de.wikipedia.org\/wiki\/G-Protein-gekoppelter_Rezeptor#Aktivierung_von_G-Proteinen\">G\u03b2\u03b3<\/a>&#8211;<a title=\"Signaltransduktion\" href=\"https:\/\/de.wikipedia.org\/wiki\/Signaltransduktion#G-Protein-gekoppelte_Rezeptoren\">Signalweg<\/a>&nbsp;als robuster&nbsp;<a title=\"Antagonist (Pharmakologie)\" href=\"https:\/\/de.wikipedia.org\/wiki\/Antagonist_(Pharmakologie)\">Antagonist<\/a>&nbsp;fungiert.<sup id=\"cite_ref-pmid25449598_5-0\" class=\"reference\"><a href=\"https:\/\/de.wikipedia.org\/wiki\/Aripiprazol#cite_note-pmid25449598-5\">[5]<\/a><\/sup>&nbsp;Am&nbsp;<a title=\"5-HT-Rezeptor\" href=\"https:\/\/de.wikipedia.org\/wiki\/5-HT-Rezeptor\">5-HT<sub>2A<\/sub>-Rezeptor<\/a>&nbsp;wirkt Aripiprazol als Partialagonist mit geringer&nbsp;<a title=\"Intrinsische Aktivit\u00e4t\" href=\"https:\/\/de.wikipedia.org\/wiki\/Intrinsische_Aktivit%C3%A4t\">intrinsischer Aktivit\u00e4t<\/a>.<sup id=\"cite_ref-pmid12784105_6-0\" class=\"reference\"><a href=\"https:\/\/de.wikipedia.org\/wiki\/Aripiprazol#cite_note-pmid12784105-6\">[6]<\/a><\/sup>Zus\u00e4tzlich aktiviert es den&nbsp;<a title=\"5-HT-Rezeptor\" href=\"https:\/\/de.wikipedia.org\/wiki\/5-HT-Rezeptor\">5-HT<sub>1A<\/sub>-Rezeptor<\/a>&nbsp;wiederum als Partialagonist.<sup id=\"cite_ref-pmid17242925_7-0\" class=\"reference\"><a href=\"https:\/\/de.wikipedia.org\/wiki\/Aripiprazol#cite_note-pmid17242925-7\">[7]<\/a><\/sup><sup id=\"cite_ref-pmid26346901_8-0\" class=\"reference\"><a href=\"https:\/\/de.wikipedia.org\/wiki\/Aripiprazol#cite_note-pmid26346901-8\">[8]<\/a><\/sup><\/p>\n\n\n\n<p>Die&nbsp;<i>agonistische<\/i>&nbsp;Wirkung n\u00fctzt bei relativem Dopaminmangel im&nbsp;<a title=\"Zentralnervensystem\" href=\"https:\/\/de.wikipedia.org\/wiki\/Zentralnervensystem\">ZNS<\/a>: Der etwa 30%ige Agonismus soll beispielsweise im Frontalhirn zum Tragen kommen.<\/p>\n\n\n\n<p>Bei erh\u00f6hter Neurotransmission an D<sub>2<\/sub>-Rezeptoren, wie sie f\u00fcr&nbsp;<a title=\"Schizophrenie\" href=\"https:\/\/de.wikipedia.org\/wiki\/Schizophrenie\">Schizophrenie<\/a>&nbsp;angenommen wird (einstmalige These: \u00dcberangebot von Dopamin im limbischen System, u.&nbsp;a. f\u00fcr das Entstehen von Emotionen zust\u00e4ndig), nutzt man den&nbsp;<i>antagonistischen<\/i>&nbsp;Effekt an diesem Rezeptor (\u201e<a title=\"Dopaminhypothese\" href=\"https:\/\/de.wikipedia.org\/wiki\/Dopaminhypothese\">Dopaminhypothese<\/a>\u201c).<\/p>\n\n\n\n<p>Aripiprazol wird auf Grund seines partiellen Agonismus auch als Vertreter der dritten Neuroleptika-Generation bezeichnet.&#8220;<\/p>\n\n\n\n<h3 class=\"wp-block-heading\">Folgende Nebenwirkungen sind bekannt:<\/h3>\n\n\n\n<p>Quelle: <a href=\"https:\/\/de.wikipedia.org\/wiki\/Aripiprazol\">Wikipedia<\/a><\/p>\n\n\n\n<p>&#8222;Zu den unerw\u00fcnschten Wirkungen z\u00e4hlen&nbsp;<a class=\"mw-redirect\" title=\"Extrapyramidal-motorische St\u00f6rung\" href=\"https:\/\/de.wikipedia.org\/wiki\/Extrapyramidal-motorische_St%C3%B6rung\">extrapyramidal-motorische St\u00f6rungen<\/a>, die allerdings nur halb so h\u00e4ufig wie unter einer&nbsp;<a title=\"Haloperidol\" href=\"https:\/\/de.wikipedia.org\/wiki\/Haloperidol\">Haloperidol<\/a>-Behandlung auftreten.<sup id=\"cite_ref-10\" class=\"reference\"><a href=\"https:\/\/de.wikipedia.org\/wiki\/Aripiprazol#cite_note-10\">[10]<\/a><\/sup>&nbsp;Die H\u00e4ufigkeit von&nbsp;<a title=\"Sp\u00e4tdyskinesie\" href=\"https:\/\/de.wikipedia.org\/wiki\/Sp%C3%A4tdyskinesie\">Sp\u00e4tdyskinesien<\/a>&nbsp;l\u00e4sst sich noch nicht beurteilen. Es wird vermutet, dass bei Atypika im Vergleich zu \u00e4lteren Pr\u00e4paraten ein geringeres Risiko besteht, was allerdings nicht belegt ist.<\/p>\n\n\n\n<p>In Einzelf\u00e4llen wurde von einer Verschlimmerung&nbsp;<a title=\"Psychose\" href=\"https:\/\/de.wikipedia.org\/wiki\/Psychose\">psychotischer<\/a>&nbsp;Symptome berichtet. Diese St\u00f6rwirkung wird ebenfalls mit dem besonderen Wirkmechanismus von Aripiprazol in Verbindung gebracht.<sup id=\"cite_ref-11\" class=\"reference\"><a href=\"https:\/\/de.wikipedia.org\/wiki\/Aripiprazol#cite_note-11\">[11]<\/a><\/sup><sup id=\"cite_ref-12\" class=\"reference\"><a href=\"https:\/\/de.wikipedia.org\/wiki\/Aripiprazol#cite_note-12\">[12]<\/a><\/sup><\/p>\n\n\n\n<p>Weiterhin k\u00f6nnen folgende Nebenwirkungen auftreten: <strong>(Das trat bei mir auf)<\/strong><\/p>\n\n\n\n<ul class=\"wp-block-list\">\n<li><a title=\"Hyperhidrose\" href=\"https:\/\/de.wikipedia.org\/wiki\/Hyperhidrose\">Hyperhidrose <strong>(ja)<\/strong><\/a><\/li>\n\n\n\n<li><a title=\"Blepharospasmus\" href=\"https:\/\/de.wikipedia.org\/wiki\/Blepharospasmus\">Blepharospasmus <strong>(nein)<\/strong><\/a><\/li>\n\n\n\n<li><a class=\"mw-redirect\" title=\"Kopfschmerzen\" href=\"https:\/\/de.wikipedia.org\/wiki\/Kopfschmerzen\">Kopfschmerzen <strong>(ja)<\/strong><\/a><\/li>\n\n\n\n<li><a title=\"Agitation (Medizin)\" href=\"https:\/\/de.wikipedia.org\/wiki\/Agitation_(Medizin)\">Agitiertheit <strong>(nein)<\/strong><\/a><\/li>\n\n\n\n<li><a title=\"Angst\" href=\"https:\/\/de.wikipedia.org\/wiki\/Angst\">Angst (oh ja)<\/a><\/li>\n\n\n\n<li><a title=\"Schlafst\u00f6rung\" href=\"https:\/\/de.wikipedia.org\/wiki\/Schlafst%C3%B6rung\">Schlafst\u00f6rungen <strong>(ja)<\/strong><\/a><\/li>\n\n\n\n<li><a title=\"Verdauungsst\u00f6rung\" href=\"https:\/\/de.wikipedia.org\/wiki\/Verdauungsst%C3%B6rung\">Verdauungsst\u00f6rungen<\/a>,&nbsp;<a title=\"Obstipation\" href=\"https:\/\/de.wikipedia.org\/wiki\/Obstipation\">Obstipation<\/a>, \u00dcbelkeit und Erbrechen <strong>(ja)<\/strong><\/li>\n\n\n\n<li>Benommenheit, Schl\u00e4frigkeit, Beeintr\u00e4chtigung des Reaktionsverm\u00f6gens <strong>(ja)<\/strong><\/li>\n\n\n\n<li><a title=\"Akathisie\" href=\"https:\/\/de.wikipedia.org\/wiki\/Akathisie\">Akathisie <strong>(nein)<\/strong><\/a><\/li>\n\n\n\n<li><a title=\"Hypersexualit\u00e4t\" href=\"https:\/\/de.wikipedia.org\/wiki\/Hypersexualit%C3%A4t\">Hypersexualit\u00e4t<\/a>&nbsp;\u2192 Einzelfallberichte <strong>(\u00d6hm kein Kommentar! \ud83d\ude42 )<\/strong><\/li>\n\n\n\n<li><a title=\"\" href=\"https:\/\/de.wikipedia.org\/wiki\/Depression\">Depression <strong>(oh ja)<\/strong><\/a><sup id=\"cite_ref-pmid18373615_15-0\" class=\"reference\">&nbsp;<\/sup><\/li>\n\n\n\n<li><a title=\"Hypomanie\" href=\"https:\/\/de.wikipedia.org\/wiki\/Hypomanie\">Hypomanie <strong>(nein)<\/strong><\/a><\/li>\n\n\n\n<li><a class=\"mw-redirect\" title=\"Orthostatische Hypotonie\" href=\"https:\/\/de.wikipedia.org\/wiki\/Orthostatische_Hypotonie\">Orthostatische Hypotonie<\/a>&nbsp;(lagebedingter Blutdruckabfall) \u2192 sehr selten <strong>(nein)<\/strong><\/li>\n\n\n\n<li><a class=\"mw-redirect\" title=\"Malignes Neuroleptisches Syndrom\" href=\"https:\/\/de.wikipedia.org\/wiki\/Malignes_Neuroleptisches_Syndrom\">Malignes Neuroleptisches Syndrom <strong>(ich glaube nein)<\/strong><\/a><sup id=\"cite_ref-18\" class=\"reference\"><\/sup><\/li>\n\n\n\n<li>M\u00fcdigkeit<sup id=\"cite_ref-Abilify_19-0\" class=\"reference\"><\/sup>\u2192 h\u00e4ufige Nebenwirkung <strong>(oh ja)<\/strong><\/li>\n\n\n\n<li>Schw\u00e4che<sup id=\"cite_ref-Abilify_19-1\" class=\"reference\"><\/sup>&nbsp;\u2192 h\u00e4ufige Nebenwirkung <strong>(oh ja)<\/strong><\/li>\n<\/ul>\n\n\n\n<p>Bei \u00e4lteren Patienten mit&nbsp;<a title=\"Demenz\" href=\"https:\/\/de.wikipedia.org\/wiki\/Demenz\">Demenz<\/a>&nbsp;f\u00fchrt Aripiprazol zu erh\u00f6hter&nbsp;<a title=\"Mortalit\u00e4t\" href=\"https:\/\/de.wikipedia.org\/wiki\/Mortalit%C3%A4t\">Sterblichkeit<\/a>; deshalb soll es diesen Patienten nicht verschrieben werden.&#8220;<sup id=\"cite_ref-20\" class=\"reference\"><\/sup><\/p>\n\n\n\n<p><strong>Anmerkung: Bei meiner Trefferquote muss ich schon ein verdammtes Pech gehabt haben&#8230;vor allem wenn man die Losgr\u00f6\u00dfen auf dem Beipackzettel betrachtet:<\/strong><\/p>\n\n\n\n<p>Quelle: <a href=\"https:\/\/www.vfa.de\/de\/patienten\/patientenratgeber\/ratgeber031.html\">vfa.de &#8211; <strong>Herausgeber<\/strong><\/a><\/p>\n\n\n\n<p>Verband Forschender Arzneimittelhersteller e.V.<br>\nHausvogteiplatz 13<br>\n10117 Berlin<br>\nTelefon: +49 30 20604-0<br>\nFax: +49 30 20604-222<br>\nEmail:&nbsp;<a href=\"mailto:info@vfa.de\">info@vfa.de<\/a><\/p>\n\n\n\n<p><strong>&#8222;sehr h\u00e4ufig:<\/strong>1 oder mehr als 1 von 10 Behandelten (bei 10 % oder mehr als 10 % der Behandelten)<br>\n<strong>h\u00e4ufig:<\/strong>1 oder mehr als 1 von 100 Behandelten aber weniger als 1 von 10 Behandelten (bei 1 % oder mehr als 1 % aber weniger als 10 % der Behandelten)<br>\n<strong>gelegentlich:<\/strong>1 oder mehr als 1 von 1.000 Behandelten aber weniger als 1 von 100 Behandelten (bei 0,1 % oder mehr als 0,1 % aber weniger als 1 % der Behandelten)<br>\n<strong>selten:<\/strong>1 oder mehr als 1 von 10.000 Behandelten aber weniger als 1 von 1.000 Behandelten (bei 0,01 % oder mehr als 0,01 % aber weniger als 0,1 % der Behandelten)<br>\n<strong>sehr selten:<\/strong>weniger als 1 von 10.000 Behandelten einschlie\u00dflich Einzelf\u00e4lle (bei weniger als 0,01 % der Behandelten, einschlie\u00dflich von Einzelf\u00e4llen)&#8220;<\/p>\n\n\n\n<p><span style=\"color: #ff0000;\"><strong>Wie lange wollt ihr uns noch verarschen? Geh\u00f6rt zur Ausbildung des Biochemikers, Pharmazeuts, Chemikers, Apothekers, Arztes&#8230;etc. nicht mindestens auch ein Hauptschulabschluss der das Erlernen des Z\u00e4hlens beinhaltet? Es soll ja sogar Schimpansen geben die das k\u00f6nnen.<\/strong><\/span><\/p>\n\n\n\n<h3 class=\"wp-block-heading\">Das kostet das Zeug:<\/h3>\n\n\n\n<p>Ich war ja privat versichert und habe demzufolge den Preis auf der Rechnung gehabt. Die Packung kostete als Re-Import aufgrund des noch nicht abgelaufenen Patentes der Firma:<\/p>\n\n\n\n<p>Auszug aus dem Impressum:<br>\n&#8222;Otsuka Pharmaceutical Europe Ltd.,Gallions,<br>\nWexham Springs,<br>\nFramewood Road,Wexham,<br>\nSL3 6PJ,&nbsp;Gro\u00dfbritannien<br>\nTel:&nbsp;+44 (0) 203 747 5000<br>\nFax:&nbsp;+44 (0)1895 207 115<br>\nEmail:&nbsp;<a class=\"emailLink\" href=\"mailto:opelsc@otsuka-europe.com\">opelsc@otsuka-europe.com&#8220;<\/a><\/p>\n\n\n\n<p>ca. 800,-\u20ac das macht einen Preis von ca. 8,16\u20ac pro Pille.<br>\nIch habe das Medikament ca. 13 Jahre eingenommen (bis vor Kurzem).<br>\nDas macht bei t\u00e4glicher Einnahme (habe ich nat\u00fcrlich immer brav gemacht).<br>\nEinen Umsatz von <a href=\"https:\/\/www.mercedes-benz.de\/\">38719,20\u20ac<\/a>. (klick mal spa\u00dfeshalber auf die Zahl \ud83d\ude09<\/p>\n\n\n\n<p>Du kannst dir nat\u00fcrlich vorstellen, dass die Apotheken f\u00fcr mich regelm\u00e4\u00dfig den roten Teppich ausrollten, ein sch\u00f6nes Gef\u00fchl! \ud83d\ude42<\/p>\n\n\n\n<h3 class=\"wp-block-heading\">Das hat es mit mir gemacht:<\/h3>\n\n\n\n<p>Trotz der am Ende verabreichten Minimaldosis von 5mg, habe in den 13 Jahren so gut wie keine Emotion, au\u00dfer Angst empfunden. Ich wusste, dass ich meine Frau liebe, aber wirklich gesp\u00fcrt habe ich es erst wieder als ich vor ca. 2 Monaten das Zeug abgesetzt habe.<br>\nMein erster Absetzversuch schlug fehl, weil die Angst so \u00fcberm\u00e4chtig wurde, so dass ich das Zeug lieber wieder nahm. (besser als \u00fcber die Klinge zu springen&#8230;hmm oder?)<br>\nIch dachte mir bei so einer geringen Dosis kann es eigentlich kaum noch wirken.<br>\nWeit gefehlt. Ich zog den zweiten Versuch mit Zusage (trotz Bedenken) meiner Psychiaterin durch.<br>\nIch durchwanderte 2-3 Tage die H\u00f6lle. Bis ich aus Ihr auftauchte&#8230;hier bin ich! \ud83d\ude09<\/p>\n\n\n\n<h4 class=\"wp-block-heading\">Wei\u00df nicht ob und wann ich wieder im Sumpf der Pharmaindustrie verschwinden werde&#8230;deswegen habe ich es verdammt eilig.<br>\nWenn ich dann wieder auf Neuroleptika bin, k\u00f6nnt Ihr mich ja versuchen wieder zu ignorieren und zu treten und zu pathologisieren.<\/h4>\n\n\n\n<h4 class=\"wp-block-heading\">Ist ja alles kranker Unfug den ich hier schreibe&#8230;oder?<\/h4>\n\n\n\n<p>&nbsp;<\/p>\n\n\n\n<p><\/p>\n","protected":false},"excerpt":{"rendered":"<p>Medikamente Zum Thema Medikamente kann man geteilter Meinung sein. ABER(!) jedes Medikament ist nur eine Kr\u00fccke, um wieder auf die Beine zu kommen. (Anmerkung 2023: Hmmm, ich bin mir nicht mehr ganz sicher, ob ich das noch so stehen lassen kann. Wahrscheinlich ist manchmal auch eine dauerhafte Medikation notwendig, so wie bei mir.) Ich habe [&hellip;]<\/p>\n","protected":false},"author":1,"featured_media":0,"parent":0,"menu_order":0,"comment_status":"closed","ping_status":"closed","template":"","meta":{"footnotes":""},"class_list":["post-401","page","type-page","status-publish","hentry"],"_links":{"self":[{"href":"https:\/\/www.run-a-way.de\/index.php?rest_route=\/wp\/v2\/pages\/401","targetHints":{"allow":["GET"]}}],"collection":[{"href":"https:\/\/www.run-a-way.de\/index.php?rest_route=\/wp\/v2\/pages"}],"about":[{"href":"https:\/\/www.run-a-way.de\/index.php?rest_route=\/wp\/v2\/types\/page"}],"author":[{"embeddable":true,"href":"https:\/\/www.run-a-way.de\/index.php?rest_route=\/wp\/v2\/users\/1"}],"replies":[{"embeddable":true,"href":"https:\/\/www.run-a-way.de\/index.php?rest_route=%2Fwp%2Fv2%2Fcomments&post=401"}],"version-history":[{"count":12,"href":"https:\/\/www.run-a-way.de\/index.php?rest_route=\/wp\/v2\/pages\/401\/revisions"}],"predecessor-version":[{"id":1340,"href":"https:\/\/www.run-a-way.de\/index.php?rest_route=\/wp\/v2\/pages\/401\/revisions\/1340"}],"wp:attachment":[{"href":"https:\/\/www.run-a-way.de\/index.php?rest_route=%2Fwp%2Fv2%2Fmedia&parent=401"}],"curies":[{"name":"wp","href":"https:\/\/api.w.org\/{rel}","templated":true}]}}