{"id":420,"date":"2018-06-15T10:45:34","date_gmt":"2018-06-15T10:45:34","guid":{"rendered":"https:\/\/www.run-a-way.de\/?page_id=420"},"modified":"2025-11-28T14:08:12","modified_gmt":"2025-11-28T13:08:12","slug":"ich","status":"publish","type":"page","link":"https:\/\/www.run-a-way.de\/?page_id=420","title":{"rendered":"Ich!"},"content":{"rendered":"\n<h2 class=\"wp-block-heading\">Ja ICH!..oder wenn Du das jetzt liest DU!<\/h2>\n\n\n\n<p>Es geht nichts gegen einen gesunden Hang zur Egozentrik. Wehre dich gegen Ungerechtigkeiten! Mach deinen Mund auf, wenn dir was gegen den Strich geht. L\u00fcge dabei nicht, sondern geh deinen Weg, und zwar geradlinig. Wenn dir einer unberechtigt bl\u00f6d kommt, dich anl\u00fcgt oder betr\u00fcgt, versuche ihm Saures zu geben! Du darfst das! Jeder darf das!<\/p>\n\n\n\n<p>Das tut gut und st\u00e4rkt das Selbstbewusstsein. Werde dabei aber nicht zum Haarspalter oder Erbsenz\u00e4hler&#8230;UND bereite dich auf das Echo vor!<br>\nDas geh\u00f6rt im Paket mit dazu&#8230;<br>\nF\u00fcr dich bist du mit Sicherheit das Zentrum des Universums, aber f\u00fcr andere sieht das ganz anders aus. Also beziehe nicht jeden Schei\u00df auf dich. Manchmal haben manche Leute einfach nur einen schlechten Tag.<\/p>\n","protected":false},"excerpt":{"rendered":"<p>Ja ICH!..oder wenn Du das jetzt liest DU! Es geht nichts gegen einen gesunden Hang zur Egozentrik. Wehre dich gegen Ungerechtigkeiten! Mach deinen Mund auf, wenn dir was gegen den Strich geht. L\u00fcge dabei nicht, sondern geh deinen Weg, und zwar geradlinig. Wenn dir einer unberechtigt bl\u00f6d kommt, dich anl\u00fcgt oder betr\u00fcgt, versuche ihm Saures [&hellip;]<\/p>\n","protected":false},"author":1,"featured_media":0,"parent":0,"menu_order":0,"comment_status":"closed","ping_status":"closed","template":"","meta":{"footnotes":""},"class_list":["post-420","page","type-page","status-publish","hentry"],"_links":{"self":[{"href":"https:\/\/www.run-a-way.de\/index.php?rest_route=\/wp\/v2\/pages\/420","targetHints":{"allow":["GET"]}}],"collection":[{"href":"https:\/\/www.run-a-way.de\/index.php?rest_route=\/wp\/v2\/pages"}],"about":[{"href":"https:\/\/www.run-a-way.de\/index.php?rest_route=\/wp\/v2\/types\/page"}],"author":[{"embeddable":true,"href":"https:\/\/www.run-a-way.de\/index.php?rest_route=\/wp\/v2\/users\/1"}],"replies":[{"embeddable":true,"href":"https:\/\/www.run-a-way.de\/index.php?rest_route=%2Fwp%2Fv2%2Fcomments&post=420"}],"version-history":[{"count":3,"href":"https:\/\/www.run-a-way.de\/index.php?rest_route=\/wp\/v2\/pages\/420\/revisions"}],"predecessor-version":[{"id":1345,"href":"https:\/\/www.run-a-way.de\/index.php?rest_route=\/wp\/v2\/pages\/420\/revisions\/1345"}],"wp:attachment":[{"href":"https:\/\/www.run-a-way.de\/index.php?rest_route=%2Fwp%2Fv2%2Fmedia&parent=420"}],"curies":[{"name":"wp","href":"https:\/\/api.w.org\/{rel}","templated":true}]}}