{"id":429,"date":"2018-06-15T11:13:28","date_gmt":"2018-06-15T11:13:28","guid":{"rendered":"https:\/\/www.run-a-way.de\/?page_id=429"},"modified":"2025-11-12T11:57:16","modified_gmt":"2025-11-12T10:57:16","slug":"meins","status":"publish","type":"page","link":"https:\/\/www.run-a-way.de\/?page_id=429","title":{"rendered":"Meins!"},"content":{"rendered":"\n<h2 class=\"wp-block-heading\">Ja so ist es!<\/h2>\n\n\n\n<p>In dieser Webseite steckt eine Menge Arbeit, eine Menge Tr\u00e4nen und viel Zeit.<br>\nAlle Inhalte, die nicht gesondert gekennzeichnet sind, sind mein geistiges Eigentum. Das gilt auch f\u00fcr die verwendeten Fotos und Bilder.<br>\nWenn ich dich beim Klauen erwische, bekommst du das zu sp\u00fcren&#8230;es gibt sehr viele legale Mittel und Wege gegen so etwas vorzugehen.<br>\nIch kenne mich ganz gut mit Rechentechnik aus, siehe den Copyrightvermerk ganz unten im Kleingedruckten \ud83d\ude09 !<br>\nGlaub mir, ich ziehe das durch!<\/p>\n\n\n\n<p>Das gilt nat\u00fcrlich nicht f\u00fcr die eingebundenen Videos, wie schon erw\u00e4hnt.<\/p>\n","protected":false},"excerpt":{"rendered":"<p>Ja so ist es! In dieser Webseite steckt eine Menge Arbeit, eine Menge Tr\u00e4nen und viel Zeit. Alle Inhalte, die nicht gesondert gekennzeichnet sind, sind mein geistiges Eigentum. Das gilt auch f\u00fcr die verwendeten Fotos und Bilder. Wenn ich dich beim Klauen erwische, bekommst du das zu sp\u00fcren&#8230;es gibt sehr viele legale Mittel und Wege [&hellip;]<\/p>\n","protected":false},"author":1,"featured_media":0,"parent":0,"menu_order":0,"comment_status":"closed","ping_status":"closed","template":"","meta":{"footnotes":""},"class_list":["post-429","page","type-page","status-publish","hentry"],"_links":{"self":[{"href":"https:\/\/www.run-a-way.de\/index.php?rest_route=\/wp\/v2\/pages\/429","targetHints":{"allow":["GET"]}}],"collection":[{"href":"https:\/\/www.run-a-way.de\/index.php?rest_route=\/wp\/v2\/pages"}],"about":[{"href":"https:\/\/www.run-a-way.de\/index.php?rest_route=\/wp\/v2\/types\/page"}],"author":[{"embeddable":true,"href":"https:\/\/www.run-a-way.de\/index.php?rest_route=\/wp\/v2\/users\/1"}],"replies":[{"embeddable":true,"href":"https:\/\/www.run-a-way.de\/index.php?rest_route=%2Fwp%2Fv2%2Fcomments&post=429"}],"version-history":[{"count":2,"href":"https:\/\/www.run-a-way.de\/index.php?rest_route=\/wp\/v2\/pages\/429\/revisions"}],"predecessor-version":[{"id":1019,"href":"https:\/\/www.run-a-way.de\/index.php?rest_route=\/wp\/v2\/pages\/429\/revisions\/1019"}],"wp:attachment":[{"href":"https:\/\/www.run-a-way.de\/index.php?rest_route=%2Fwp%2Fv2%2Fmedia&parent=429"}],"curies":[{"name":"wp","href":"https:\/\/api.w.org\/{rel}","templated":true}]}}