{"id":468,"date":"2018-06-20T05:03:39","date_gmt":"2018-06-20T05:03:39","guid":{"rendered":"https:\/\/www.run-a-way.de\/?page_id=468"},"modified":"2025-11-28T14:10:14","modified_gmt":"2025-11-28T13:10:14","slug":"dear-doctor","status":"publish","type":"page","link":"https:\/\/www.run-a-way.de\/?page_id=468","title":{"rendered":"Dear Doctor&#8230;"},"content":{"rendered":"\n<h2 class=\"wp-block-heading\">Das geht jetzt an die Damen und Herren in wei\u00df<\/h2>\n\n\n\n<p>Ich habe an anderen Stellen auf dieser Seite von zwei Glanzbeispielen gesprochen. Ich will das hier nicht weiter ausf\u00fchren.<br> Unsere Krankenh\u00e4user mutieren zu Gesundheits(?)-Fabriken&#8230;und oft wird man auch so behandelt. Es gibt auch Gegenbeispiele&#8230;also ich will hier kein pauschalisiertes Urteil f\u00e4llen.<br> Die zwei Beispielkandidaten sind wahrscheinlich immer noch im psychiatrischen Bereich unterwegs. Ich habe keine Ahnung, welchen Schaden man anrichten kann, wenn man eine gewisse Position inne hat&#8230;leider ist das aber so.<br> Liebe \u00c4rzte und Therapeuten, denkt daran, dass eure Patienten euch vertrauen m\u00fcssen, damit Ihr arbeiten k\u00f6nnt. Vertrauen muss man sich wie \u00fcberall verdienen.<br> \u00dcbernehmt doch bitte die euch angetragene Verantwortung euren Patienten gegen\u00fcber. Legt eure Schablonen weg, beginnt selbstst\u00e4ndig zu denken, nehmt uns ernst, respektiert uns und nehmt euch die n\u00f6tige Zeit, und \u00fcberdenkt eure Motivation bei euren Entscheidungen.<\/p>\n\n\n\n<p><\/p>\n\n\n<div class=\"wp-block-image\">\n<figure class=\"aligncenter size-full\"><img loading=\"lazy\" decoding=\"async\" width=\"949\" height=\"827\" src=\"https:\/\/www.run-a-way.de\/wp-content\/uploads\/2023\/01\/Buerste-bearbeitet.jpg\" alt=\"\" class=\"wp-image-589\" srcset=\"https:\/\/www.run-a-way.de\/wp-content\/uploads\/2023\/01\/Buerste-bearbeitet.jpg 949w, https:\/\/www.run-a-way.de\/wp-content\/uploads\/2023\/01\/Buerste-bearbeitet-300x261.jpg 300w, https:\/\/www.run-a-way.de\/wp-content\/uploads\/2023\/01\/Buerste-bearbeitet-768x669.jpg 768w\" sizes=\"auto, (max-width: 949px) 100vw, 949px\" \/><\/figure>\n<\/div>\n\n\n<p><\/p>\n\n\n\n<p>Denk mal dar\u00fcber nach was jetzt kommt:<\/p>\n\n\n\n<h2 class=\"wp-block-heading\">ca. 400 v. Chr. Der Eid des Hippokrates (Quelle: Wikipedia)<\/h2>\n\n\n\n<figure class=\"wp-block-table toptextcells\"><table class=\"has-fixed-layout\"><tbody><tr><td><b>Griechisches Original<\/b><\/td><td><b>Deutsche \u00dcbersetzung<\/b><\/td><\/tr><tr><td>\u201e<span lang=\"grc\">\u1f4c\u03bc\u03bd\u03c5\u03bc\u03b9 \u1f08\u03c0\u03cc\u03bb\u03bb\u03c9\u03bd\u03b1 \u1f30\u03b7\u03c4\u03c1\u1f78\u03bd, \u03ba\u03b1\u1f76 \u1f08\u03c3\u03ba\u03bb\u03b7\u03c0\u03b9\u1f78\u03bd, \u03ba\u03b1\u1f76 \u1f59\u03b3\u03b5\u03af\u03b1\u03bd, \u03ba\u03b1\u1f76 \u03a0\u03b1\u03bd\u03ac\u03ba\u03b5\u03b9\u03b1\u03bd, \u03ba\u03b1\u1f76 \u03b8\u03b5\u03bf\u1f7a\u03c2 \u03c0\u03ac\u03bd\u03c4\u03b1\u03c2 \u03c4\u03b5 \u03ba\u03b1\u1f76 \u03c0\u03ac\u03c3\u03b1\u03c2, \u1f35\u03c3\u03c4\u03bf\u03c1\u03b1\u03c2 \u03c0\u03bf\u03b9\u03b5\u03cd\u03bc\u03b5\u03bd\u03bf\u03c2, \u1f10\u03c0\u03b9\u03c4\u03b5\u03bb\u03ad\u03b1 \u03c0\u03bf\u03b9\u03ae\u03c3\u03b5\u03b9\u03bd \u03ba\u03b1\u03c4\u1f70 \u03b4\u03cd\u03bd\u03b1\u03bc\u03b9\u03bd \u03ba\u03b1\u1f76 \u03ba\u03c1\u03af\u03c3\u03b9\u03bd \u1f10\u03bc\u1f74\u03bd \u1f45\u03c1\u03ba\u03bf\u03bd \u03c4\u03cc\u03bd\u03b4\u03b5 \u03ba\u03b1\u1f76 \u03be\u03c5\u03b3\u03b3\u03c1\u03b1\u03c6\u1f74\u03bd \u03c4\u03ae\u03bd\u03b4\u03b5.<\/span><\/td><td>\u201eIch schw\u00f6re,&nbsp;<a title=\"Apollon\" href=\"https:\/\/de.wikipedia.org\/wiki\/Apollon\">Apollon<\/a>&nbsp;den Arzt und&nbsp;<a title=\"Asklepios\" href=\"https:\/\/de.wikipedia.org\/wiki\/Asklepios\">Asklepios<\/a>&nbsp;und&nbsp;<a title=\"Hygieia\" href=\"https:\/\/de.wikipedia.org\/wiki\/Hygieia\">Hygieia<\/a>&nbsp;und&nbsp;<a title=\"Panakeia\" href=\"https:\/\/de.wikipedia.org\/wiki\/Panakeia\">Panakeia<\/a>&nbsp;und alle G\u00f6tter und G\u00f6ttinnen zu Zeugen anrufend, da\u00df ich nach bestem Verm\u00f6gen und Urteil<sup id=\"cite_ref-3\" class=\"reference\"><a href=\"https:\/\/de.wikipedia.org\/wiki\/Eid_des_Hippokrates#cite_note-3\">[3]<\/a><\/sup>&nbsp;diesen Eid und diese Verpflichtung erf\u00fcllen werde:<\/td><\/tr><tr><td><span lang=\"grc\">\u1f29\u03b3\u03ae\u03c3\u03b1\u03c3\u03b8\u03b1\u03b9 \u03bc\u1f72\u03bd \u03c4\u1f78\u03bd \u03b4\u03b9\u03b4\u03ac\u03be\u03b1\u03bd\u03c4\u03ac \u03bc\u03b5 \u03c4\u1f74\u03bd \u03c4\u03ad\u03c7\u03bd\u03b7\u03bd \u03c4\u03b1\u03cd\u03c4\u03b7\u03bd \u1f34\u03c3\u03b1 \u03b3\u03b5\u03bd\u03ad\u03c4\u1fc3\u03c3\u03b9\u03bd \u1f10\u03bc\u03bf\u1fd6\u03c3\u03b9, \u03ba\u03b1\u1f76 \u03b2\u03af\u03bf\u03c5 \u03ba\u03bf\u03b9\u03bd\u03ce\u03c3\u03b1\u03c3\u03b8\u03b1\u03b9, \u03ba\u03b1\u1f76 \u03c7\u03c1\u03b5\u1ff6\u03bd \u03c7\u03c1\u03b7\u03af\u03b6\u03bf\u03bd\u03c4\u03b9 \u03bc\u03b5\u03c4\u03ac\u03b4\u03bf\u03c3\u03b9\u03bd \u03c0\u03bf\u03b9\u03ae\u03c3\u03b1\u03c3\u03b8\u03b1\u03b9, \u03ba\u03b1\u1f76 \u03b3\u03ad\u03bd\u03bf\u03c2 \u03c4\u1f78 \u1f10\u03be \u03c9\u1f50\u03c4\u03ad\u03bf\u03c5 \u1f00\u03b4\u03b5\u03bb\u03c6\u03bf\u1fd6\u03c2 \u1f34\u03c3\u03bf\u03bd \u1f10\u03c0\u03b9\u03ba\u03c1\u03b9\u03bd\u03ad\u03b5\u03b9\u03bd \u1f04\u1fe4\u1fe5\u03b5\u03c3\u03b9, \u03ba\u03b1\u1f76 \u03b4\u03b9\u03b4\u03ac\u03be\u03b5\u03b9\u03bd \u03c4\u1f74\u03bd \u03c4\u03ad\u03c7\u03bd\u03b7\u03bd \u03c4\u03b1\u03cd\u03c4\u03b7\u03bd, \u1f22\u03bd \u03c7\u03c1\u03b7\u03af\u03b6\u03c9\u03c3\u03b9 \u03bc\u03b1\u03bd\u03b8\u03ac\u03bd\u03b5\u03b9\u03bd, \u1f04\u03bd\u03b5\u03c5 \u03bc\u03b9\u03c3\u03b8\u03bf\u1fe6 \u03ba\u03b1\u1f76 \u03be\u03c5\u03b3\u03b3\u03c1\u03b1\u03c6\u1fc6\u03c2, \u03c0\u03b1\u03c1\u03b1\u03b3\u03b3\u03b5\u03bb\u03af\u03b7\u03c2 \u03c4\u03b5 \u03ba\u03b1\u1f76 \u1f00\u03ba\u03c1\u03bf\u03ae\u03c3\u03b9\u03bf\u03c2 \u03ba\u03b1\u1f76 \u03c4\u1fc6\u03c2 \u03bb\u03bf\u03b9\u03c0\u1fc6\u03c2 \u1f01\u03c0\u03ac\u03c3\u03b7\u03c2 \u03bc\u03b1\u03b8\u03ae\u03c3\u03b9\u03bf\u03c2 \u03bc\u03b5\u03c4\u03ac\u03b4\u03bf\u03c3\u03b9\u03bd \u03c0\u03bf\u03b9\u03ae\u03c3\u03b1\u03c3\u03b8\u03b1\u03b9 \u03c5\u1f31\u03bf\u1fd6\u03c3\u03af \u03c4\u03b5 \u1f10\u03bc\u03bf\u1fd6\u03c3\u03b9, \u03ba\u03b1\u1f76 \u03c4\u03bf\u1fd6\u03c3\u03b9 \u03c4\u03bf\u1fe6 \u1f10\u03bc\u1f72 \u03b4\u03b9\u03b4\u03ac\u03be\u03b1\u03bd\u03c4\u03bf\u03c2, \u03ba\u03b1\u1f76 \u03bc\u03b1\u03b8\u03b7\u03c4\u03b1\u1fd6\u03c3\u03b9 \u03c3\u03c5\u03b3\u03b3\u03b5\u03b3\u03c1\u03b1\u03bc\u03bc\u03ad\u03bd\u03bf\u03b9\u03c3\u03af \u03c4\u03b5 \u03ba\u03b1\u1f76 \u1f61\u03c1\u03ba\u03b9\u03c3\u03bc\u03ad\u03bd\u03bf\u03b9\u03c2 \u03bd\u03cc\u03bc\u1ff3 \u1f30\u03b7\u03c4\u03c1\u03b9\u03ba\u1ff7, \u1f04\u03bb\u03bb\u1ff3 \u03b4\u1f72 \u03bf\u1f50\u03b4\u03b5\u03bd\u03af.<\/span><\/td><td>den, der mich diese Kunst lehrte, meinen Eltern gleich zu achten, mit ihm den Lebensunterhalt zu teilen und ihn, wenn er Not leidet, mitzuversorgen; seine Nachkommen meinen Br\u00fcdern gleichzustellen und, wenn sie es w\u00fcnschen, sie diese Kunst zu lehren ohne Entgelt und ohne Vertrag; Ratschlag und Vorlesung und alle \u00fcbrige Belehrung meinen und meines Lehrers S\u00f6hnen mitzuteilen, wie auch den Sch\u00fclern, die nach \u00e4rztlichem Brauch durch den Vertrag gebunden und durch den Eid verpflichtet sind, sonst aber niemandem.<\/td><\/tr><tr><td><span lang=\"grc\">\u0394\u03b9\u03b1\u03b9\u03c4\u03ae\u03bc\u03b1\u03c3\u03af \u03c4\u03b5 \u03c7\u03c1\u03ae\u03c3\u03bf\u03bc\u03b1\u03b9 \u1f10\u03c0&#8216; \u1f60\u03c6\u03b5\u03bb\u03b5\u03af\u1fc3 \u03ba\u03b1\u03bc\u03bd\u03cc\u03bd\u03c4\u03c9\u03bd \u03ba\u03b1\u03c4\u1f70 \u03b4\u03cd\u03bd\u03b1\u03bc\u03b9\u03bd \u03ba\u03b1\u1f76 \u03ba\u03c1\u03af\u03c3\u03b9\u03bd \u1f10\u03bc\u1f74\u03bd, \u1f10\u03c0\u1f76 \u03b4\u03b7\u03bb\u03ae\u03c3\u03b5\u03b9 \u03b4\u1f72 \u03ba\u03b1\u1f76 \u1f00\u03b4\u03b9\u03ba\u03af\u1fc3 \u03b5\u1f34\u03c1\u03be\u03b5\u03b9\u03bd.<\/span><\/td><td>Meine Verordnungen werde ich treffen zu Nutz und Frommen der Kranken, nach bestem Verm\u00f6gen und Urteil; ich werde sie bewahren vor Schaden und willk\u00fcrlichem Unrecht.<\/td><\/tr><tr><td><span lang=\"grc\">\u039f\u1f50 \u03b4\u03ce\u03c3\u03c9 \u03b4\u1f72 \u03bf\u1f50\u03b4\u1f72 \u03c6\u03ac\u03c1\u03bc\u03b1\u03ba\u03bf\u03bd \u03bf\u1f50\u03b4\u03b5\u03bd\u1f76 \u03b1\u1f30\u03c4\u03b7\u03b8\u03b5\u1f76\u03c2 \u03b8\u03b1\u03bd\u03ac\u03c3\u03b9\u03bc\u03bf\u03bd, \u03bf\u1f50\u03b4\u1f72 \u1f51\u03c6\u03b7\u03b3\u03ae\u03c3\u03bf\u03bc\u03b1\u03b9 \u03be\u03c5\u03bc\u03b2\u03bf\u03c5\u03bb\u03af\u03b7\u03bd \u03c4\u03bf\u03b9\u03ae\u03bd\u03b4\u03b5. \u1f49\u03bc\u03bf\u03af\u03c9\u03c2 \u03b4\u1f72 \u03bf\u1f50\u03b4\u1f72 \u03b3\u03c5\u03bd\u03b1\u03b9\u03ba\u1f76 \u03c0\u03b5\u03c3\u03c3\u1f78\u03bd \u03c6\u03b8\u03cc\u03c1\u03b9\u03bf\u03bd \u03b4\u03ce\u03c3\u03c9. \u1f09\u03b3\u03bd\u1ff6\u03c2 \u03b4\u1f72 \u03ba\u03b1\u1f76 \u1f41\u03c3\u03af\u03c9\u03c2 \u03b4\u03b9\u03b1\u03c4\u03b7\u03c1\u03ae\u03c3\u03c9 \u03b2\u03af\u03bf\u03bd \u03c4\u1f78\u03bd \u1f10\u03bc\u1f78\u03bd \u03ba\u03b1\u1f76 \u03c4\u03ad\u03c7\u03bd\u03b7\u03bd \u03c4\u1f74\u03bd \u1f10\u03bc\u03ae\u03bd.<\/span><\/td><td>Ich werde niemandem, auch nicht auf seine Bitte hin, ein t\u00f6dliches Gift verabreichen oder auch nur dazu raten. Auch werde ich nie einer Frau ein Abtreibungsmittel geben. Heilig und rein werde ich mein Leben und meine Kunst bewahren.<\/td><\/tr><tr><td><span lang=\"grc\">\u039f\u1f50 \u03c4\u03b5\u03bc\u03ad\u03c9 \u03b4\u1f72 \u03bf\u1f50\u03b4\u1f72 \u03bc\u1f74\u03bd \u03bb\u03b9\u03b8\u03b9\u1ff6\u03bd\u03c4\u03b1\u03c2, \u1f10\u03ba\u03c7\u03c9\u03c1\u03ae\u03c3\u03c9 \u03b4\u1f72 \u1f10\u03c1\u03b3\u03ac\u03c4\u1fc3\u03c3\u03b9\u03bd \u1f00\u03bd\u03b4\u03c1\u03ac\u03c3\u03b9 \u03c0\u03c1\u03ae\u03be\u03b9\u03bf\u03c2 \u03c4\u1fc6\u03c3\u03b4\u03b5.<\/span><\/td><td>Auch werde ich den&nbsp;<a title=\"Harnstein\" href=\"https:\/\/de.wikipedia.org\/wiki\/Harnstein\">Blasenstein<\/a>&nbsp;nicht operieren, sondern es denen \u00fcberlassen,&nbsp;<a title=\"Lithotomus\" href=\"https:\/\/de.wikipedia.org\/wiki\/Lithotomus\">deren Gewerbe<\/a>&nbsp;dies ist.<\/td><\/tr><tr><td><span lang=\"grc\">\u1f18\u03c2 \u03bf\u1f30\u03ba\u03af\u03b1\u03c2 \u03b4\u1f72 \u1f41\u03ba\u03cc\u03c3\u03b1\u03c2 \u1f02\u03bd \u1f10\u03c3\u03af\u03c9, \u1f10\u03c3\u03b5\u03bb\u03b5\u03cd\u03c3\u03bf\u03bc\u03b1\u03b9 \u1f10\u03c0&#8216; \u1f60\u03c6\u03b5\u03bb\u03b5\u03af\u1fc3 \u03ba\u03b1\u03bc\u03bd\u03cc\u03bd\u03c4\u03c9\u03bd, \u1f10\u03ba\u03c4\u1f78\u03c2 \u1f10\u1f7c\u03bd \u03c0\u03ac\u03c3\u03b7\u03c2 \u1f00\u03b4\u03b9\u03ba\u03af\u03b7\u03c2 \u1f11\u03ba\u03bf\u03c5\u03c3\u03af\u03b7\u03c2 \u03ba\u03b1\u1f76 \u03c6\u03b8\u03bf\u03c1\u03af\u03b7\u03c2, \u03c4\u1fc6\u03c2 \u03c4\u03b5 \u1f04\u03bb\u03bb\u03b7\u03c2 \u03ba\u03b1\u1f76 \u1f00\u03c6\u03c1\u03bf\u03b4\u03b9\u03c3\u03af\u03c9\u03bd \u1f14\u03c1\u03b3\u03c9\u03bd \u1f10\u03c0\u03af \u03c4\u03b5 \u03b3\u03c5\u03bd\u03b1\u03b9\u03ba\u03b5\u03af\u03c9\u03bd \u03c3\u03c9\u03bc\u03ac\u03c4\u03c9\u03bd \u03ba\u03b1\u1f76 \u1f00\u03bd\u03b4\u03c1\u1ff4\u03c9\u03bd, \u1f10\u03bb\u03b5\u03c5\u03b8\u03ad\u03c1\u03c9\u03bd \u03c4\u03b5 \u03ba\u03b1\u1f76 \u03b4\u03bf\u03cd\u03bb\u03c9\u03bd.<\/span><\/td><td>Welche H\u00e4user ich betreten werde, ich will zu Nutz und Frommen der Kranken eintreten, mich enthalten jedes willk\u00fcrlichen Unrechtes und jeder anderen Sch\u00e4digung, auch aller&nbsp;<a title=\"Sexueller Missbrauch\" href=\"https:\/\/de.wikipedia.org\/wiki\/Sexueller_Missbrauch\">Werke der Wollust<\/a>&nbsp;an den Leibern von Frauen und M\u00e4nnern, Freien und&nbsp;<a title=\"Sklaverei\" href=\"https:\/\/de.wikipedia.org\/wiki\/Sklaverei\">Sklaven<\/a>.<\/td><\/tr><tr><td><span lang=\"grc\">\u1f0b \u03b4&#8216; \u1f02\u03bd \u1f10\u03bd \u03b8\u03b5\u03c1\u03b1\u03c0\u03b5\u03af\u1fc3 \u1f22 \u1f34\u03b4\u03c9, \u1f22 \u1f00\u03ba\u03bf\u03cd\u03c3\u03c9, \u1f22 \u03ba\u03b1\u1f76 \u1f04\u03bd\u03b5\u03c5 \u03b8\u03b5\u03c1\u03b1\u03c0\u03b7\u03af\u03b7\u03c2 \u03ba\u03b1\u03c4\u1f70 \u03b2\u03af\u03bf\u03bd \u1f00\u03bd\u03b8\u03c1\u03ce\u03c0\u03c9\u03bd, \u1f03 \u03bc\u1f74 \u03c7\u03c1\u03ae \u03c0\u03bf\u03c4\u03b5 \u1f10\u03ba\u03bb\u03b1\u03bb\u03ad\u03b5\u03c3\u03b8\u03b1\u03b9 \u1f14\u03be\u03c9, \u03c3\u03b9\u03b3\u03ae\u03c3\u03bf\u03bc\u03b1\u03b9, \u1f04\u1fe4\u1fe5\u03b7\u03c4\u03b1 \u1f21\u03b3\u03b5\u03cd\u03bc\u03b5\u03bd\u03bf\u03c2 \u03b5\u1f36\u03bd\u03b1\u03b9 \u03c4\u1f70 \u03c4\u03bf\u03b9\u03b1\u1fe6\u03c4\u03b1.<\/span><\/td><td>Was ich bei der Behandlung sehe oder h\u00f6re oder auch au\u00dferhalb der Behandlung im Leben der Menschen, werde ich, soweit man es nicht ausplaudern darf,&nbsp;<a title=\"Verschwiegenheitspflicht\" href=\"https:\/\/de.wikipedia.org\/wiki\/Verschwiegenheitspflicht\">verschweigen<\/a>&nbsp;und solches als ein Geheimnis betrachten.<\/td><\/tr><tr><td><span lang=\"grc\">\u1f4d\u03c1\u03ba\u03bf\u03bd \u03bc\u1f72\u03bd \u03bf\u1f56\u03bd \u03bc\u03bf\u03b9 \u03c4\u03cc\u03bd\u03b4\u03b5 \u1f10\u03c0\u03b9\u03c4\u03b5\u03bb\u03ad\u03b1 \u03c0\u03bf\u03b9\u03ad\u03bf\u03bd\u03c4\u03b9, \u03ba\u03b1\u1f76 \u03bc\u1f74 \u03be\u03c5\u03b3\u03c7\u03ad\u03bf\u03bd\u03c4\u03b9, \u03b5\u1f34\u03b7 \u1f10\u03c0\u03b1\u03cd\u03c1\u03b1\u03c3\u03b8\u03b1\u03b9 \u03ba\u03b1\u1f76 \u03b2\u03af\u03bf\u03c5 \u03ba\u03b1\u1f76 \u03c4\u03ad\u03c7\u03bd\u03b7\u03c2 \u03b4\u03bf\u03be\u03b1\u03b6\u03bf\u03bc\u03ad\u03bd\u1ff3 \u03c0\u03b1\u03c1\u1f70 \u03c0\u1fb6\u03c3\u03b9\u03bd \u1f00\u03bd\u03b8\u03c1\u03ce\u03c0\u03bf\u03b9\u03c2 \u1f10\u03c2 \u03c4\u1f78\u03bd \u03b1\u1f30\u03b5\u1f76 \u03c7\u03c1\u03cc\u03bd\u03bf\u03bd. \u03a0\u03b1\u03c1\u03b1\u03b2\u03b1\u03af\u03bd\u03bf\u03bd\u03c4\u03b9 \u03b4\u1f72 \u03ba\u03b1\u1f76 \u1f10\u03c0\u03b9\u03bf\u03c1\u03ba\u03bf\u1fe6\u03bd\u03c4\u03b9, \u03c4\u1f00\u03bd\u03b1\u03bd\u03c4\u03af\u03b1 \u03c4\u03bf\u03c5\u03c4\u03ad\u03c9\u03bd.<\/span>\u201c<sup id=\"cite_ref-4\" class=\"reference\"><a href=\"https:\/\/de.wikipedia.org\/wiki\/Eid_des_Hippokrates#cite_note-4\">[4]<\/a><\/sup><\/td><td>Wenn ich nun diesen Eid erf\u00fclle und nicht verletze, m\u00f6ge mir im Leben und in der Kunst Erfolg zuteil werden und Ruhm bei allen Menschen bis in ewige Zeiten; wenn ich ihn \u00fcbertrete und meineidig werde, das Gegenteil.\u201c<sup id=\"cite_ref-5\" class=\"reference\"><a href=\"https:\/\/de.wikipedia.org\/wiki\/Eid_des_Hippokrates#cite_note-5\">[5]<\/a><\/sup><\/td><\/tr><\/tbody><\/table><\/figure>\n\n\n\n<p>Mit einem gewissen Grad an Intelligenz und Selbstreflexion, kann das jetzt jeder f\u00fcr sich selbst interpretieren.<\/p>\n","protected":false},"excerpt":{"rendered":"<p>Das geht jetzt an die Damen und Herren in wei\u00df Ich habe an anderen Stellen auf dieser Seite von zwei Glanzbeispielen gesprochen. Ich will das hier nicht weiter ausf\u00fchren. Unsere Krankenh\u00e4user mutieren zu Gesundheits(?)-Fabriken&#8230;und oft wird man auch so behandelt. Es gibt auch Gegenbeispiele&#8230;also ich will hier kein pauschalisiertes Urteil f\u00e4llen. Die zwei Beispielkandidaten sind [&hellip;]<\/p>\n","protected":false},"author":1,"featured_media":0,"parent":0,"menu_order":0,"comment_status":"closed","ping_status":"closed","template":"","meta":{"footnotes":""},"class_list":["post-468","page","type-page","status-publish","hentry"],"_links":{"self":[{"href":"https:\/\/www.run-a-way.de\/index.php?rest_route=\/wp\/v2\/pages\/468","targetHints":{"allow":["GET"]}}],"collection":[{"href":"https:\/\/www.run-a-way.de\/index.php?rest_route=\/wp\/v2\/pages"}],"about":[{"href":"https:\/\/www.run-a-way.de\/index.php?rest_route=\/wp\/v2\/types\/page"}],"author":[{"embeddable":true,"href":"https:\/\/www.run-a-way.de\/index.php?rest_route=\/wp\/v2\/users\/1"}],"replies":[{"embeddable":true,"href":"https:\/\/www.run-a-way.de\/index.php?rest_route=%2Fwp%2Fv2%2Fcomments&post=468"}],"version-history":[{"count":6,"href":"https:\/\/www.run-a-way.de\/index.php?rest_route=\/wp\/v2\/pages\/468\/revisions"}],"predecessor-version":[{"id":1347,"href":"https:\/\/www.run-a-way.de\/index.php?rest_route=\/wp\/v2\/pages\/468\/revisions\/1347"}],"wp:attachment":[{"href":"https:\/\/www.run-a-way.de\/index.php?rest_route=%2Fwp%2Fv2%2Fmedia&parent=468"}],"curies":[{"name":"wp","href":"https:\/\/api.w.org\/{rel}","templated":true}]}}