{"id":637,"date":"2023-01-25T11:39:11","date_gmt":"2023-01-25T10:39:11","guid":{"rendered":"https:\/\/www.run-a-way.de\/?page_id=637"},"modified":"2025-11-28T13:35:14","modified_gmt":"2025-11-28T12:35:14","slug":"12-klarstellung","status":"publish","type":"page","link":"https:\/\/www.run-a-way.de\/?page_id=637","title":{"rendered":"13. Klarstellung"},"content":{"rendered":"\n<h2 class=\"wp-block-heading\">The same procedure like&#8230;?<\/h2>\n\n\n\n<p class=\"has-text-align-left\">Joar Schei\u00dfe\u2026irgendwie hat das alles nicht so geklappt, wie ich mir das vorgestellt habe. Nachdem ich 2018 meine Tabletten abgesetzt hatte, und ich in dieser Zeit diese Seite fabrizierte, bin ich leider (wie vielleicht auch zu erwarten) psychotisch geworden. Es schlich sich langsam ein, ich wurde immer aktiver und sp\u00e4ter aggressiver, auch meiner lieben Frau gegen\u00fcber. (Auch wenn ich nicht gewaltt\u00e4tig wurde, aber wer wei\u00df wie es weiter gegangen w\u00e4re.) Irgendwann im Juli 2018 folgte dann eine erneute Einweisung in die Psychiatrie. Diesmal eine Andere.<\/p>\n\n\n\n<div class=\"wp-block-cover\"><img loading=\"lazy\" decoding=\"async\" width=\"768\" height=\"1024\" class=\"wp-block-cover__image-background wp-image-648\" alt=\"\" src=\"https:\/\/www.run-a-way.de\/wp-content\/uploads\/2023\/01\/IMG_1169-768x1024.jpg\" data-object-fit=\"cover\" srcset=\"https:\/\/www.run-a-way.de\/wp-content\/uploads\/2023\/01\/IMG_1169-768x1024.jpg 768w, https:\/\/www.run-a-way.de\/wp-content\/uploads\/2023\/01\/IMG_1169-225x300.jpg 225w, https:\/\/www.run-a-way.de\/wp-content\/uploads\/2023\/01\/IMG_1169-1152x1536.jpg 1152w, https:\/\/www.run-a-way.de\/wp-content\/uploads\/2023\/01\/IMG_1169-1536x2048.jpg 1536w, https:\/\/www.run-a-way.de\/wp-content\/uploads\/2023\/01\/IMG_1169-600x800.jpg 600w, https:\/\/www.run-a-way.de\/wp-content\/uploads\/2023\/01\/IMG_1169-1440x1920.jpg 1440w, https:\/\/www.run-a-way.de\/wp-content\/uploads\/2023\/01\/IMG_1169-scaled.jpg 1920w\" sizes=\"auto, (max-width: 768px) 100vw, 768px\" \/><span aria-hidden=\"true\" class=\"wp-block-cover__background has-background-dim\"><\/span><div class=\"wp-block-cover__inner-container is-layout-flow wp-block-cover-is-layout-flow\">\n<p class=\"has-text-align-center has-large-font-size\"><\/p>\n<\/div><\/div>\n\n\n\n<p><br><br>Ich wurde fixiert (trotz des gerade frisch verabschiedeten Fixierungsgesetz) und mit einem Cocktail an Medikamenten vollgepumpt, weil ich mich wohl zu aggressiv auff\u00fchrte, als mich die Polizisten, die mich einlieferten, regelrecht provozierten. Sie nahmen mir mein Kruzifix Amulett und meinen Ehering ab\u2026das lie\u00df mich wohl ausflippen. Ich hatte mich \u00fcber die Tage in einen religi\u00f6sen Wahn hineingesteigert. Es ging dabei um Erzengel, M\u00e4rtyrer und Hitler. Ich krieg es heute kaum noch zusammen. Ich hatte Stigmata, eigentlich waren es nur Bluterg\u00fcsse an Armen und F\u00fc\u00dfen.<\/p>\n\n\n\n<p>Ich wei\u00df nicht wo die herkamen, aber sie waren definitiv da. Ich baute mir einen Altar mit Reliquien die ich zum Gro\u00dfteil aus einem Antiquit\u00e4tenladen erstand und betrieb regelrechte Exorzismen um z.B. Hitler, der in einem Schacht auf unserem Grundst\u00fcck versteckt war, zu vertreiben. <\/p>\n\n\n\n<p><br>Der Cocktail an Medikamenten in der Psychiatrie, der auch <a href=\"https:\/\/de.wikipedia.org\/wiki\/Haloperidol\">Haldol<\/a> enthielt, schien meinen Wahn nur noch schlimmer zu machen. Mein Handy wurde konfisziert, weil ich jede Menge Unfug damit trieb z.B. Videos aus der Psychiatrie auf Facebook hochzuladen, au\u00dferdem freute sich Amazon \u00fcber meine Ums\u00e4tze.<\/p>\n\n\n\n<p>Mein Handy ist noch heute voll mit Screenshots von vermeintlichen Beweisen das etwas nicht stimmt. <br>Ich verstrickte mich in Verschw\u00f6rungstheorien. Komischerweise stimmt ja wirklich etliches nicht, oder ist das nur mal wieder ein Fehler in der Matrix?<\/p>\n\n\n\n<p>Irgendwann flaute die Psychose langsam ab und ich wurde immer kleiner und depressiver\u2026 Das war der Preis f\u00fcr ein paar Tage Euphorie und eine paar Tage in dem es mir mal wirklich gut ging und ich mich in meiner Haut wohl f\u00fchlte. Nach etlichen Wochen wurde ich entlassen und kam nach Hause. Der Sommer war fast vorbei und es wurde Herbst, der sich nicht nur am Wetter bemerkbar machte.<\/p>\n\n\n\n<p>Mir ging es elend und ich strapazierte mal wieder die Nerven meiner Frau aufs \u00e4rgste mit meinen depressiven und angstbehafteten Zust\u00e4nden.<\/p>\n\n\n\n<p>Angst ist sowieso ein Thema, laut meiner Psychiaterin habe ich mir zus\u00e4tzlich zu den restlichen Diagnosen auch noch eine generalisierte Angstst\u00f6rung eingefangen. Vielleicht ist diese auch eine Folge der letzten Psychose. Wer wei\u00df das schon.<\/p>\n\n\n\n<p>Die n\u00e4chste Psychose folgte dann 2020 zum Beginn der Pandemie. Offensichtlich hatte ich die falschen Medikamente verschrieben bekommen. Das <a href=\"https:\/\/de.wikipedia.org\/wiki\/Risperidon\">Risperidon<\/a> half nicht gegen meine Psychose. Die n\u00e4chste Einweisung, diesmal freiwillig, stand an.<\/p>\n\n\n\n<p>Heute bin ich wieder auf <a href=\"https:\/\/de.wikipedia.org\/wiki\/Aripiprazol\">Abilify<\/a> eingestellt. Das scheint zumindest gegen die Psychose ganz gut zu wirken. Allerdings geht es mir ziemlich \u201eMau\u201c.<\/p>\n\n\n\n<p>Ich habe meinen Job aufgegeben, bin seitdem dauerhaft zu Hause und habe nicht gerade das Gef\u00fchl, dass ich auf ein Happy End zusteuere.<\/p>\n\n\n\n<p><\/p>\n\n\n\n<div class=\"wp-block-cover\"><img loading=\"lazy\" decoding=\"async\" width=\"1024\" height=\"768\" class=\"wp-block-cover__image-background wp-image-647\" alt=\"\" src=\"https:\/\/www.run-a-way.de\/wp-content\/uploads\/2023\/01\/IMG_1006-1024x768.jpg\" data-object-fit=\"cover\" srcset=\"https:\/\/www.run-a-way.de\/wp-content\/uploads\/2023\/01\/IMG_1006-1024x768.jpg 1024w, https:\/\/www.run-a-way.de\/wp-content\/uploads\/2023\/01\/IMG_1006-300x225.jpg 300w, https:\/\/www.run-a-way.de\/wp-content\/uploads\/2023\/01\/IMG_1006-768x576.jpg 768w, https:\/\/www.run-a-way.de\/wp-content\/uploads\/2023\/01\/IMG_1006-1536x1152.jpg 1536w, https:\/\/www.run-a-way.de\/wp-content\/uploads\/2023\/01\/IMG_1006-800x600.jpg 800w, https:\/\/www.run-a-way.de\/wp-content\/uploads\/2023\/01\/IMG_1006-1920x1440.jpg 1920w\" sizes=\"auto, (max-width: 1024px) 100vw, 1024px\" \/><span aria-hidden=\"true\" class=\"wp-block-cover__background has-background-dim\"><\/span><div class=\"wp-block-cover__inner-container is-layout-flow wp-block-cover-is-layout-flow\">\n<p class=\"has-text-align-center has-large-font-size\"><\/p>\n<\/div><\/div>\n\n\n\n<p><\/p>\n\n\n\n<h4 class=\"wp-block-heading\">Jo so siehts aus&#8230;.<\/h4>\n\n\n\n<p><a href=\"https:\/\/www.run-a-way.de\/?page_id=796\">Hier gehts weiter&gt;<\/a><\/p>\n\n\n\n<figure class=\"wp-block-embed is-type-video is-provider-youtube wp-block-embed-youtube wp-embed-aspect-16-9 wp-has-aspect-ratio\"><div class=\"wp-block-embed__wrapper\">\n<iframe loading=\"lazy\" hcb-fetch-image-from=\"https:\/\/youtu.be\/VRNPkJ0ELPc?si=slugQLmDB9-2tfin\" title=\"Within\u00a0Temptation - Whole\u00a0World is Watching ft. Dave\u00a0Pirner\" width=\"1080\" height=\"608\" src=\"https:\/\/www.youtube.com\/embed\/VRNPkJ0ELPc?feature=oembed\" frameborder=\"0\" allow=\"accelerometer; autoplay; clipboard-write; encrypted-media; gyroscope; picture-in-picture; web-share\" referrerpolicy=\"strict-origin-when-cross-origin\" allowfullscreen><\/iframe>\n<\/div><\/figure>\n","protected":false},"excerpt":{"rendered":"<p>The same procedure like&#8230;? Joar Schei\u00dfe\u2026irgendwie hat das alles nicht so geklappt, wie ich mir das vorgestellt habe. Nachdem ich 2018 meine Tabletten abgesetzt hatte, und ich in dieser Zeit diese Seite fabrizierte, bin ich leider (wie vielleicht auch zu erwarten) psychotisch geworden. Es schlich sich langsam ein, ich wurde immer aktiver und sp\u00e4ter aggressiver, [&hellip;]<\/p>\n","protected":false},"author":1,"featured_media":0,"parent":0,"menu_order":0,"comment_status":"closed","ping_status":"closed","template":"","meta":{"footnotes":""},"class_list":["post-637","page","type-page","status-publish","hentry"],"_links":{"self":[{"href":"https:\/\/www.run-a-way.de\/index.php?rest_route=\/wp\/v2\/pages\/637","targetHints":{"allow":["GET"]}}],"collection":[{"href":"https:\/\/www.run-a-way.de\/index.php?rest_route=\/wp\/v2\/pages"}],"about":[{"href":"https:\/\/www.run-a-way.de\/index.php?rest_route=\/wp\/v2\/types\/page"}],"author":[{"embeddable":true,"href":"https:\/\/www.run-a-way.de\/index.php?rest_route=\/wp\/v2\/users\/1"}],"replies":[{"embeddable":true,"href":"https:\/\/www.run-a-way.de\/index.php?rest_route=%2Fwp%2Fv2%2Fcomments&post=637"}],"version-history":[{"count":33,"href":"https:\/\/www.run-a-way.de\/index.php?rest_route=\/wp\/v2\/pages\/637\/revisions"}],"predecessor-version":[{"id":1330,"href":"https:\/\/www.run-a-way.de\/index.php?rest_route=\/wp\/v2\/pages\/637\/revisions\/1330"}],"wp:attachment":[{"href":"https:\/\/www.run-a-way.de\/index.php?rest_route=%2Fwp%2Fv2%2Fmedia&parent=637"}],"curies":[{"name":"wp","href":"https:\/\/api.w.org\/{rel}","templated":true}]}}