{"id":681,"date":"2023-01-28T15:12:37","date_gmt":"2023-01-28T14:12:37","guid":{"rendered":"https:\/\/www.run-a-way.de\/?page_id=681"},"modified":"2025-11-28T13:33:18","modified_gmt":"2025-11-28T12:33:18","slug":"12-abgetaucht","status":"publish","type":"page","link":"https:\/\/www.run-a-way.de\/?page_id=681","title":{"rendered":"12. Abgetaucht&#8230;"},"content":{"rendered":"\n<h2 class=\"wp-block-heading\">Der schn\u00f6de Alltag<\/h2>\n\n\n\n<p>Zwischenzeitlich so ca. von Ende 2006 bis Mitte 2018 bin ich dann ziemlich abgetaucht.<\/p>\n\n\n\n<p>Kurze Zeit nachdem ich nach 8 Monaten im Oktober 2006 aus der forensischen Psychiatrie entlassen wurde, ging ich wieder arbeiten und wohnte eine Weile bei meinen Eltern. Es fiel mir \u00fcberaus schwer mich wieder ins Leben zu finden. Der lange Aufenthalt in der Forensik hat einiges mit mir gemacht und nicht nur Gutes.<\/p>\n\n\n\n<p><\/p>\n\n\n\n<p>Trotz Allem traf ich meine heutige Frau (wieder) und zog irgendwann 2007 bei meinen Eltern aus. Ich suchte mir wieder eine eigene Wohnung im Leipziger S\u00fcden, in der der N\u00e4he meiner heutigen Frau. Sp\u00e4ter zog sie dann zu mir und wir heirateten.<\/p>\n\n\n\n<p>Wir kauften uns ein Haus im Leipziger Umland und wohnen seit dem dort. Es tat ganz gut dem Stress der Gro\u00dfstadt zu entfliehen.<\/p>\n\n\n\n<p><\/p>\n\n\n<div class=\"wp-block-image\">\n<figure class=\"aligncenter size-large\"><img loading=\"lazy\" decoding=\"async\" width=\"768\" height=\"1024\" src=\"https:\/\/www.run-a-way.de\/wp-content\/uploads\/2023\/01\/IMG_1193-768x1024.jpg\" alt=\"\" class=\"wp-image-649\" srcset=\"https:\/\/www.run-a-way.de\/wp-content\/uploads\/2023\/01\/IMG_1193-768x1024.jpg 768w, https:\/\/www.run-a-way.de\/wp-content\/uploads\/2023\/01\/IMG_1193-225x300.jpg 225w, https:\/\/www.run-a-way.de\/wp-content\/uploads\/2023\/01\/IMG_1193-1152x1536.jpg 1152w, https:\/\/www.run-a-way.de\/wp-content\/uploads\/2023\/01\/IMG_1193-1536x2048.jpg 1536w, https:\/\/www.run-a-way.de\/wp-content\/uploads\/2023\/01\/IMG_1193-600x800.jpg 600w, https:\/\/www.run-a-way.de\/wp-content\/uploads\/2023\/01\/IMG_1193-1440x1920.jpg 1440w, https:\/\/www.run-a-way.de\/wp-content\/uploads\/2023\/01\/IMG_1193-scaled.jpg 1920w\" sizes=\"auto, (max-width: 768px) 100vw, 768px\" \/><\/figure>\n<\/div>\n\n\n<p><\/p>\n\n\n\n<p>Mein Leben war allerdings alles andere als erf\u00fcllt.<\/p>\n\n\n\n<p>Die Tage schienen teilweise endlos. Ich ging immer fr\u00fcher zu Bett um irgendwie die Zeit herumzubekommen, manchmal schon 19:00 Uhr. Durch die Medikamente viel mir das Schlafen nicht schwer. 12-13h Schlaf am Tag waren f\u00fcr mich normal. Mein Leben bestand aus essen, schlafen und arbeiten.<\/p>\n\n\n\n<p>Der psychische Druck, der das Arbeiten bei mir verursachte, wurde immer gr\u00f6\u00dfer. Ich war zwar nicht mehr Gesch\u00e4ftsf\u00fchrer, aber als ehemaliger Chef in der eigenen Firma zusammen mit meinem Vater zu arbeiten war, um es vorsichtig auszudr\u00fccken, nicht gerade einfach. Die Herausforderungen wuchsen und meine Haut wurde immer d\u00fcnner. Irgendwann bin ich dann heulend auf Arbeit zusammengebrochen.<\/p>\n\n\n\n<p>Ich versuchte mich etwas rauszunehmen, aber das half nicht.<\/p>\n\n\n\n<p>Ich hatte das Gef\u00fchl immer weniger auf die Reihe zu bekommen.<\/p>\n\n\n\n<p>Ich schob und schiebe das auch heute noch zum Gro\u00dfteil auf die Nebenwirkungen der Medikamente. Die Dosis war mittlerweile recht gering (5mg Abilify) und ich dachte mir vielleicht sollte ich nach 13 Jahren mal den Versuch starten, es ohne hinzubekommen.<\/p>\n\n\n\n<p>Also setzte ich sie, wie schon an einigen Stellen dieser Seite erw\u00e4hnt, unter Mitinformation meiner Psychiaterin ab. Das war aus heutiger Sicht ein Fehler.<\/p>\n\n\n\n<h4 class=\"wp-block-heading\">Jeder verdammter Tag<\/h4>\n\n\n\n<p><a href=\"https:\/\/www.run-a-way.de\/?page_id=637\">Hier gehts weiter&gt;<\/a><\/p>\n\n\n\n<figure class=\"wp-block-embed is-type-video is-provider-youtube wp-block-embed-youtube wp-embed-aspect-4-3 wp-has-aspect-ratio\"><div class=\"wp-block-embed__wrapper\">\n<iframe loading=\"lazy\" hcb-fetch-image-from=\"https:\/\/youtu.be\/6tVH81Ht26I?si=eYd33SzkmtIRXk32\" title=\"NIN - EVERY DAY IS EXACTLY THE SAME - VIDEO OFICIAL\" width=\"1080\" height=\"810\" src=\"https:\/\/www.youtube.com\/embed\/6tVH81Ht26I?feature=oembed\" frameborder=\"0\" allow=\"accelerometer; autoplay; clipboard-write; encrypted-media; gyroscope; picture-in-picture; web-share\" referrerpolicy=\"strict-origin-when-cross-origin\" allowfullscreen><\/iframe>\n<\/div><\/figure>\n","protected":false},"excerpt":{"rendered":"<p>Der schn\u00f6de Alltag Zwischenzeitlich so ca. von Ende 2006 bis Mitte 2018 bin ich dann ziemlich abgetaucht. Kurze Zeit nachdem ich nach 8 Monaten im Oktober 2006 aus der forensischen Psychiatrie entlassen wurde, ging ich wieder arbeiten und wohnte eine Weile bei meinen Eltern. Es fiel mir \u00fcberaus schwer mich wieder ins Leben zu finden. [&hellip;]<\/p>\n","protected":false},"author":1,"featured_media":0,"parent":0,"menu_order":0,"comment_status":"closed","ping_status":"closed","template":"","meta":{"footnotes":""},"class_list":["post-681","page","type-page","status-publish","hentry"],"_links":{"self":[{"href":"https:\/\/www.run-a-way.de\/index.php?rest_route=\/wp\/v2\/pages\/681","targetHints":{"allow":["GET"]}}],"collection":[{"href":"https:\/\/www.run-a-way.de\/index.php?rest_route=\/wp\/v2\/pages"}],"about":[{"href":"https:\/\/www.run-a-way.de\/index.php?rest_route=\/wp\/v2\/types\/page"}],"author":[{"embeddable":true,"href":"https:\/\/www.run-a-way.de\/index.php?rest_route=\/wp\/v2\/users\/1"}],"replies":[{"embeddable":true,"href":"https:\/\/www.run-a-way.de\/index.php?rest_route=%2Fwp%2Fv2%2Fcomments&post=681"}],"version-history":[{"count":19,"href":"https:\/\/www.run-a-way.de\/index.php?rest_route=\/wp\/v2\/pages\/681\/revisions"}],"predecessor-version":[{"id":1328,"href":"https:\/\/www.run-a-way.de\/index.php?rest_route=\/wp\/v2\/pages\/681\/revisions\/1328"}],"wp:attachment":[{"href":"https:\/\/www.run-a-way.de\/index.php?rest_route=%2Fwp%2Fv2%2Fmedia&parent=681"}],"curies":[{"name":"wp","href":"https:\/\/api.w.org\/{rel}","templated":true}]}}