{"id":69,"date":"2018-06-13T03:06:42","date_gmt":"2018-06-13T03:06:42","guid":{"rendered":"https:\/\/www.run-a-way.de\/?page_id=69"},"modified":"2025-12-01T15:42:43","modified_gmt":"2025-12-01T14:42:43","slug":"oben-unten","status":"publish","type":"page","link":"https:\/\/www.run-a-way.de\/?page_id=69","title":{"rendered":"0. Oben &amp; Unten"},"content":{"rendered":"<table width=\"100%\">\n<tbody>\n<tr>\n<td width=\"100%\">\n<h2 style=\"text-align: left;\">Zwei Fragmente&#8230;<\/h2>\n<p style=\"text-align: left;\"><strong>Juni 2003&#8230;<br \/>Irgendwo am Rande Polens- unweit der ukrainischen Grenze.<\/strong><\/p>\n<p style=\"text-align: left;\">Stahlstadt hei\u00dft das Nest \u00fcbersetzt, und so sieht es auch aus. Eben hatte ich nen polnischen Manager am Telefon&#8230;<br \/>&#8222;Czesc! Co swychac&#8230;?&#8220;(Tagchen! Was gibts&#8230;?) Er reagiert verst\u00f6rt. Irgendwie kam er wohl nicht ganz mit meiner lockeren Art und Coolness klar. Das Gespr\u00e4ch wird auf Englisch weitergef\u00fchrt.<br \/>Sp\u00e4ter sagte er mir, er dachte da w\u00e4re ein Pole am Telefon gewesen, der ihn verarschen will, aber er findet es wahnsinnig toll, dass ich als Deutscher polnisch lerne. Ich bin Monate unterwegs. Messestandbetreuung Katowice, Vilnius, Budapest, Brno, Poznan&#8230;und danach erkunde ich mein &#8222;Revier&#8220;&#8230;wieder Poznan, Wrozlaw, Opole, Katowice, Krakau, Stalowa Wola. Ein Hotel nach dem anderen. Meine Reisekosten und die Handyrechnung sind astronomisch. Ich bin zu dem geworden, was ich immer sein wollte: Ein Exportmanager, der nach seinen eigenen Spielregeln handelt. Ich bin 27, ein Jahr von der Uni weg und gro\u00dfkotzig wie noch nie in meinem Leben, und das Krasse ist, es funktioniert. Meine f\u00fcnf Brocken polnisch und meine Visitenkarte \u00f6ffnen mir jede T\u00fcr. Heute steh ich vor einem gigantischen Werk, eine Stadt in der Stadt, wohl eine der gr\u00f6\u00dften Firmen Polens \u00fcberhaupt, dachte ich zumindest.<br \/>Vor dem Eingang muss ich meinen Pass abliefern, weil hier unter anderem auch Panzer fabriziert werden. Aber die interessieren mich wenig&#8230;<br \/>Vor nicht allzu langer Zeit h\u00e4tte ich mir in die Hose gemacht, aber heute bin ich ruhig und eiskalt. Ich mache Smalltalk im besten Englisch. Wir laufen durch das Werk, neben mir kracht ein 10-Tonnen-Schmiedehammer unbarmherzig auf ein kleines unschuldiges St\u00fcck Stahl. Es ist h\u00f6llisch laut, aber beeindruckend. Ich habe eine Dolmetscherin bei mir, eine wunderh\u00fcbsche blonde Polin. Ich brauche sie eigentlich gar nicht, ich komme alleine bestens klar, aber als Begleitung ist sie einfach umwerfend.<\/p>\n<p style=\"text-align: left;\">Ich f\u00fchle mich einfach nur pr\u00e4chtig. Ich habe meine Lebensphilosophie auf eine meiner Visitenkarten geschrieben, wenn ich nicht mehr weiterwei\u00df, hol ich das Ding aus der Jacke und lese es mir durch&#8230;<br \/>Da steht interpretiert:<br \/>&#8222;Sei ehrlich, auch wenn es weh tut!&#8220;<br \/>&#8222;Sei pervers offen und versteck dich nicht hinter unn\u00fctzer Diplomatie!&#8220;<br \/>&#8222;Vertraue in die Aussagen eines jeden Menschen!&#8220; (Wenn jemand l\u00fcgt, hat er das Problem, nicht ich! Ich reibe ihm seine L\u00fcge solange unter die Nase, bis er umf\u00e4llt&#8230;)<br \/>&#8222;Sei kompetent in Allem was du tust!&#8220;<br \/>Damit ecke ich nat\u00fcrlich \u00fcberall an, aber ist mir wurscht! Ich komme so zu meinem Ziel&#8230;<\/p>\n<\/td>\n<\/tr>\n<tr>\n<td style=\"text-align: left;\" width=\"100%\">\n<h2><strong>SWITCH&#8230;<\/strong><\/h2>\n<\/td>\n<\/tr>\n<tr>\n<td style=\"text-align: left;\" bgcolor=\"#000000\" width=\"100%\"><span style=\"color: #ff0000;\"><span style=\"color: #ff0000;\">Litauen, 17.11. 2003, Tagebuchauszug&#8230;<\/span><\/span>\n<p><span style=\"color: #ff0000;\">Ich sp\u00fcre eine negative Entwicklung in mir.<br \/>Ich habe den Eindruck von mir, dass ich bereits abgeschlossen habe. (Mit meinem Leben)<br \/>Mein Inneres hat sich von der Au\u00dfenwelt vollst\u00e4ndig abgekapselt. Die Fassade funktioniert wieder etwas besser, aber in mir herrscht Totenstille, Schmerz, Qual, Leere&#8230;<br \/>Es geht bergab.<br \/>Ich finde keine Begr\u00fcndung.<br \/>Ich kann einfach nicht mehr.<br \/>Ich bin dabei das Sprechen zu verlernen. Es ist Winter. Mir ist kalt. Ich kann mich selbst nicht mehr ertragen.<br \/>Alles was ich jetzt denke, f\u00fchle, tue, hasse ich.<br \/>Unf\u00e4higkeit, Schw\u00e4che&#8230;Selbstmitleid, Egozentrik&#8230;lasst mich doch alle in Ruhe gehen!!!<\/span><br \/><span style=\"color: #ff0000;\">Ich habe meinen Glauben verloren. Ich habe meinen Willen verloren.<\/span><br \/><span style=\"color: #ff0000;\">Alles was ich bisher als mein &#8222;ICH&#8220; definierte, wurde im Sturm hinweggefegt.<\/span><br \/><span style=\"color: #ff0000;\">Ich bin nicht mehr f\u00e4hig zu leben. H\u00f6rt endlich auf, mich aus Mitleid zu bel\u00fcgen! Bitte!!!<br \/><\/span><\/p>\n<\/td>\n<\/tr>\n<tr>\n<td style=\"text-align: left;\" width=\"100%\">\n<h4>\u00a0<\/h4>\n<h4>Himmelhoch jauchzend\/zu Tode betr\u00fcbt. Sind wir nicht alle ein bisschen&#8230;?<\/h4>\n<\/td>\n<\/tr>\n<\/tbody>\n<\/table>\n<p><a href=\"https:\/\/www.run-a-way.de\/?page_id=11\">Weiterlesen&gt;<\/a><\/p>\n<p>&nbsp;<\/p>\n\n\n<figure class=\"wp-block-embed is-type-video is-provider-youtube wp-block-embed-youtube wp-embed-aspect-16-9 wp-has-aspect-ratio\"><div class=\"wp-block-embed__wrapper\">\n<iframe loading=\"lazy\" hcb-fetch-image-from=\"https:\/\/youtu.be\/iQVei5C2N4E?si=H-jb_f9LAE3vjGSW\" title=\"Within Temptation - Faster (Music Video)\" width=\"1080\" height=\"608\" src=\"https:\/\/www.youtube.com\/embed\/iQVei5C2N4E?feature=oembed\" frameborder=\"0\" allow=\"accelerometer; autoplay; clipboard-write; encrypted-media; gyroscope; picture-in-picture; web-share\" referrerpolicy=\"strict-origin-when-cross-origin\" allowfullscreen><\/iframe>\n<\/div><\/figure>\n","protected":false},"excerpt":{"rendered":"<p>Zwei Fragmente&#8230; Juni 2003&#8230;Irgendwo am Rande Polens- unweit der ukrainischen Grenze. Stahlstadt hei\u00dft das Nest \u00fcbersetzt, und so sieht es auch aus. Eben hatte ich nen polnischen Manager am Telefon&#8230;&#8222;Czesc! Co swychac&#8230;?&#8220;(Tagchen! Was gibts&#8230;?) Er reagiert verst\u00f6rt. Irgendwie kam er wohl nicht ganz mit meiner lockeren Art und Coolness klar. Das Gespr\u00e4ch wird auf Englisch [&hellip;]<\/p>\n","protected":false},"author":1,"featured_media":0,"parent":0,"menu_order":0,"comment_status":"closed","ping_status":"closed","template":"","meta":{"footnotes":""},"class_list":["post-69","page","type-page","status-publish","hentry"],"_links":{"self":[{"href":"https:\/\/www.run-a-way.de\/index.php?rest_route=\/wp\/v2\/pages\/69","targetHints":{"allow":["GET"]}}],"collection":[{"href":"https:\/\/www.run-a-way.de\/index.php?rest_route=\/wp\/v2\/pages"}],"about":[{"href":"https:\/\/www.run-a-way.de\/index.php?rest_route=\/wp\/v2\/types\/page"}],"author":[{"embeddable":true,"href":"https:\/\/www.run-a-way.de\/index.php?rest_route=\/wp\/v2\/users\/1"}],"replies":[{"embeddable":true,"href":"https:\/\/www.run-a-way.de\/index.php?rest_route=%2Fwp%2Fv2%2Fcomments&post=69"}],"version-history":[{"count":12,"href":"https:\/\/www.run-a-way.de\/index.php?rest_route=\/wp\/v2\/pages\/69\/revisions"}],"predecessor-version":[{"id":1372,"href":"https:\/\/www.run-a-way.de\/index.php?rest_route=\/wp\/v2\/pages\/69\/revisions\/1372"}],"wp:attachment":[{"href":"https:\/\/www.run-a-way.de\/index.php?rest_route=%2Fwp%2Fv2%2Fmedia&parent=69"}],"curies":[{"name":"wp","href":"https:\/\/api.w.org\/{rel}","templated":true}]}}