{"id":94,"date":"2018-06-13T03:40:01","date_gmt":"2018-06-13T03:40:01","guid":{"rendered":"https:\/\/www.run-a-way.de\/?page_id=94"},"modified":"2025-11-28T13:24:14","modified_gmt":"2025-11-28T12:24:14","slug":"flugstunden","status":"publish","type":"page","link":"https:\/\/www.run-a-way.de\/?page_id=94","title":{"rendered":"2. Flugstunden"},"content":{"rendered":"\n<p><\/p>\n\n\n\n<h2 class=\"wp-block-heading\">GO!!!<\/h2>\n\n\n\n<p>Ich stehe an der Kasse einer Esso Tankstelle. Die Bedienung kennt mich schon. (Solche Typen wie mich merkt man sich- nicht, weil ich SOOO toll bin, sondern weil Verr\u00fcckte nun mal auffallen&#8230;)<br> Vor einer Woche war ich umgezogen, in meine neue Wohnung. Es war br\u00fctend hei\u00df. Ich fahre also zu dieser besagten Tankstelle und kaufe zwei Flaschen Wasser&#8230;eiskalt. Die Eine setze ich an und trinke. Die Andere sch\u00fctte ich mir \u00fcber den Kopf. Es ist eine ziemlich lange Schlange an der Kasse. Irgendwie scheint dieses Schauspiel die Leute zu belustigen. Sie beobachten es durch die Scheibe. Ich stehe direkt vor dem Nachtschalter. Mein Gott bin ich pl\u00f6tzlich cool. Ich f\u00fchle mich pr\u00e4chtig dabei. So was nenne ich Leben. Was k\u00fcmmert es mich? Die Leute haben was zu sehen und ich denke, sie bewundern mich irgendwie. (Aber vielleicht machen sie sich auch nur lustig \u00fcber mich.)<br> Heute steh ich, wie gesagt, wieder an dieser Kasse und will meine Wegzehrung einkaufen:<br> &#8211; ein Sixpack Becks<br> &#8211; eine Flasche Rotwein<br> &#8211; eine Stange West<br> Es soll heute noch nach Polen gehen, ich habe eine wichtige Mission. Ich muss jemanden retten. (Bl\u00f6derweise war mir nicht klar, dass SIE gar nicht gerettet werden wollte, immerhin hat sie mir gesagt, dass sie an der Ostsee ist. So gro\u00df ist Polen ja auch wieder nicht.)<br> JA&#8230;Schei\u00dfe! Meine Geldkarte geht nicht!<br> Das Konto ist wohl leer&#8230;<br> Die n\u00e4chste Sparkasse ist gleich um die Ecke. Denen werde ich es zeigen!<br> Ein dunkler 5er BMW f\u00e4hrt vor&#8230;ich steige aus, gehe zum Geldautomaten und will das er mir 500,-\u20ac ausspuckt. Nix passiert!<br> Nochmal Schei\u00dfe! Ich beginne innerlich zu kochen. Ich bin jahrelang Kunde, war niemals im Minus und heute ausgerechnet an diesem wichtigen Tag, bekomme ich kein Geld. Ich hatte niemals einen Dispo beantragt, aber das war mir schei\u00dfegal.<br> Ich will Geld und zwar jetzt. Ich will meine Mission nicht gef\u00e4hrden.<br> Also st\u00fcrme ich auf die erste Mitarbeiterin der Sparkasse zu und beschimpfe sie w\u00fcst.<br> &#8222;Was soll der Schei\u00df? Ich bin&#8230;&#8220; (Ja, wer bin ich denn???)<br> &#8222;Ich kann Ihnen nicht weiterhelfen!&#8220; sagt sie.<br> &#8222;PAH! Zum Geier! Ich will Ihren Chef sprechen!&#8220;<br> &#8222;Tut mir leid der ist leider in einer Besprechung.&#8220;<br> OK! Dann werde ich halt endg\u00fcltig zur Sau!<br> Ich verlasse laut lamentierend die Sparkassenfiliale.<br> Mitten auf der Kreuzung lasse ich f\u00fcr alle Beteiligten gut sichtbar und demonstrativ meine Geldkarte in einen Gully plumpsen.<br> Die Leute schauen mir kopfsch\u00fcttelnd nach. Was wollen die? Haben die nicht geschnallt wen sie vor sich haben?<br> Ich steig in mein Auto, fahre direkt vor dem Eingang vor&#8230;<br> Pl\u00f6tzlich gibt es ein lautes Quietschen&#8230;192PS lassen ihre Wut am Asphalt der Stra\u00dfe aus.<br> EGAL! Ich habe ja noch eine andere Geldkarte.<br> Ich fahre bei der Commerzbank vor. Das Schauspiel wiederholt sich. Ich f\u00fchle mich als moderner Robin Hood! Wie ignorant sind doch diese Schei\u00dfbanken. Es folgt die Deutsche und die Dresdner Bank.<br> Endlich habe ich es satt. Ich fahre auf die Autobahn und gebe Gummi&#8230;im CD-Player kracht die neue Linkin Park vor sich hin. Die Boxen sind bis zum Anschlag aufgedreht und der Tacho zeigt nach nicht allzu langer Zeit 200 an&#8230;<br> Diese Geschichte geh\u00f6rt ins Fernsehen!!! Denke ich mir.<br> Also ruf ich die Auskunft an und lass mich mit der Harald-Schmidt-Show verbinden.<br> Die Dame am Telefon fragt mich, ob ich Karten haben will.<br> &#8222;NEIN!!!&#8220;, sag ich &#8222;Ich will in die Show, ich habe eine Geschichte zu erz\u00e4hlen!&#8220;<br> Etwas am\u00fcsiert gibt sie mir eine Handynummer durch. Ich rufe an und es geht keiner ran.<br> Shit! &#8230;aber was solls? Ich habe Zeit!<\/p>\n\n\n\n<figure class=\"wp-block-embed is-type-video is-provider-youtube wp-block-embed-youtube wp-embed-aspect-16-9 wp-has-aspect-ratio\"><div class=\"wp-block-embed__wrapper\">\n<iframe loading=\"lazy\" hcb-fetch-image-from=\"https:\/\/youtu.be\/jQvUBf5l7Vw?si=A4x2P4lMUfnfcRBV\" title=\"Iggy Pop - Lust For Life\" width=\"1080\" height=\"608\" src=\"https:\/\/www.youtube.com\/embed\/jQvUBf5l7Vw?feature=oembed\" frameborder=\"0\" allow=\"accelerometer; autoplay; clipboard-write; encrypted-media; gyroscope; picture-in-picture; web-share\" referrerpolicy=\"strict-origin-when-cross-origin\" allowfullscreen><\/iframe>\n<\/div><\/figure>\n\n\n\n<p><\/p>\n\n\n\n<p>Ich w\u00fcrde jetzt gern schreiben &#8222;Es zog ein Gewitter auf!&#8220; aber da war keins. Nee! Es ist immer noch Sommer und br\u00fctend warm, kein Regen, kein Blitz, kein Donner, keine Wolke am Himmel. Naja im weitesten Sinne vielleicht doch&#8230;<br> Es ist abends. Ich sitze an der Theke einer Kneipe, in die ich schon immer mal gehen wollte, aber irgendwie habe ich es nie geschafft. Ich sitze also da mit einem Kumpel, den ich vielleicht vor ner Woche ca. kennengelernt habe, ein angehender BWL-Student.<br> Mann! Das ist praktisch. Dem kann ich als Manager und Reisepapst der Firma doch mal ein paar Takte erz\u00e4hlen.<br> Ich z\u00fccke mein Kartenspiel&#8230;<br> Jede Karte hatte einen von mir assoziierten Namen. Auf der R\u00fcckseite jeder Karte stand der Name einer reellen Person. F\u00fcr mich war das Gesch\u00e4ftsleben zum Spiel geworden, es gab Tr\u00fcmpfe und Luschen und ich hatte alle Karten in der Hand.<br> Ich versuchte dieses Spiel meinem Chef zu erl\u00e4utern, aber dieser Ignorant hatte nat\u00fcrlich keinen Sinn f\u00fcr meine revolution\u00e4ren Ideen. Ich fand mich genial&#8230;<\/p>\n\n\n\n<figure class=\"wp-block-gallery aligncenter has-nested-images columns-default is-cropped wp-block-gallery-1 is-layout-flex wp-block-gallery-is-layout-flex\">\n<figure class=\"wp-block-image size-large\"><img loading=\"lazy\" decoding=\"async\" width=\"1024\" height=\"761\" data-id=\"555\" src=\"https:\/\/www.run-a-way.de\/wp-content\/uploads\/2023\/01\/CIMG1426-1024x761.jpg\" alt=\"\" class=\"wp-image-555\" srcset=\"https:\/\/www.run-a-way.de\/wp-content\/uploads\/2023\/01\/CIMG1426-1024x761.jpg 1024w, https:\/\/www.run-a-way.de\/wp-content\/uploads\/2023\/01\/CIMG1426-300x223.jpg 300w, https:\/\/www.run-a-way.de\/wp-content\/uploads\/2023\/01\/CIMG1426-768x571.jpg 768w, https:\/\/www.run-a-way.de\/wp-content\/uploads\/2023\/01\/CIMG1426-1536x1141.jpg 1536w, https:\/\/www.run-a-way.de\/wp-content\/uploads\/2023\/01\/CIMG1426-1920x1427.jpg 1920w\" sizes=\"auto, (max-width: 1024px) 100vw, 1024px\" \/><\/figure>\n\n\n\n<figure class=\"wp-block-image size-large\"><img loading=\"lazy\" decoding=\"async\" width=\"1024\" height=\"761\" data-id=\"557\" src=\"https:\/\/www.run-a-way.de\/wp-content\/uploads\/2023\/01\/CIMG1432-1024x761.jpg\" alt=\"\" class=\"wp-image-557\" srcset=\"https:\/\/www.run-a-way.de\/wp-content\/uploads\/2023\/01\/CIMG1432-1024x761.jpg 1024w, https:\/\/www.run-a-way.de\/wp-content\/uploads\/2023\/01\/CIMG1432-300x223.jpg 300w, https:\/\/www.run-a-way.de\/wp-content\/uploads\/2023\/01\/CIMG1432-768x571.jpg 768w, https:\/\/www.run-a-way.de\/wp-content\/uploads\/2023\/01\/CIMG1432-1536x1141.jpg 1536w, https:\/\/www.run-a-way.de\/wp-content\/uploads\/2023\/01\/CIMG1432-1920x1427.jpg 1920w\" sizes=\"auto, (max-width: 1024px) 100vw, 1024px\" \/><\/figure>\n\n\n\n<figure class=\"wp-block-image size-large\"><img loading=\"lazy\" decoding=\"async\" width=\"1024\" height=\"761\" data-id=\"554\" src=\"https:\/\/www.run-a-way.de\/wp-content\/uploads\/2023\/01\/CIMG1423-1024x761.jpg\" alt=\"\" class=\"wp-image-554\" srcset=\"https:\/\/www.run-a-way.de\/wp-content\/uploads\/2023\/01\/CIMG1423-1024x761.jpg 1024w, https:\/\/www.run-a-way.de\/wp-content\/uploads\/2023\/01\/CIMG1423-300x223.jpg 300w, https:\/\/www.run-a-way.de\/wp-content\/uploads\/2023\/01\/CIMG1423-768x571.jpg 768w, https:\/\/www.run-a-way.de\/wp-content\/uploads\/2023\/01\/CIMG1423-1536x1141.jpg 1536w, https:\/\/www.run-a-way.de\/wp-content\/uploads\/2023\/01\/CIMG1423-1920x1427.jpg 1920w\" sizes=\"auto, (max-width: 1024px) 100vw, 1024px\" \/><\/figure>\n<\/figure>\n\n\n\n<p>Also f\u00fchrte ich mein Gesch\u00e4ftsmodell dem wenigstens interessierten Studenten vor. Ich erkl\u00e4rte ihm jede Karte, abgesehen von der Herzdame, denn die war unterwegs nach Polen&#8230;<br> Ich sitze am Tresen und w\u00e4hrend er nur Bier trinkt, kipp ich den ersten Wodka hinter.<br> W\u00e4hrend ich meine Ausf\u00fchrungen t\u00e4tige, in einer angemessenen Lautst\u00e4rke, (kann ruhig jeder h\u00f6ren was f\u00fcr ein toller Hecht ich bin) fasst mich pl\u00f6tzlich eine Frau am Arm und f\u00e4ngt laut an zu lamentieren&#8230;<br> &#8222;Was willst du von S***** nach so vielen Jahren?&#8220;. Ich hatte mich mit meiner Ex-Freundin in Verbindung gesetzt, die ich Jahre nicht mehr gesehen hatte und das Ende war auch nicht gerade r\u00fchmlich&#8230;es kommt zu einer Diskussion, meine Gegen\u00fcber merkt irgendwann, dass es absolut keinen Sinn macht weiterzureden und geht&#8230;<br> Nach dem Gespr\u00e4ch war sofort klar, ich hatte wieder eine Mission. Es war sehr fr\u00fch am Morgen. Ich begann zu telefonieren, mit meiner Ex, einem Kumpel, der mich zu ihr begleiten sollte, &#8230;meinen Eltern. Ich musste jetzt unbedingt alles ein f\u00fcr alle Mal kl\u00e4ren. Die Wichtigkeit meiner Mission sah keine M\u00f6glichkeit irgendwelche Kompromisse einzugehen. Wie konnte ich in dieser Situation R\u00fccksicht auf die fortgeschrittene Uhrzeit nehmen (ca. 2-3 Uhr morgens)? Undenkbar!<br> Ich rief Gott und die Welt an&#8230;jeder sollte mir zuh\u00f6ren. Es war mir vollkommen unverst\u00e4ndlich, wie es Leute geben konnte, die das nicht einsehen wollen. W\u00e4hrend ich telefonierte, ging ich auf Umwegen nach Hause. H\u00e4tte ich mich jetzt hingelegt und geschlafen, w\u00e4re\u00a0 vielleicht gar nix passiert, aber&#8230;<\/p>\n\n\n\n<h2 class=\"wp-block-heading\">CUT&#8230;<\/h2>\n\n\n\n<p>&#8222;Klick &#8211; Klick&#8220; machten die Handschellen. Mehrere Polizeibeamte halten mich fest und einer dr\u00fcckt mich am Kopf in einen Dienstwagen&#8230;<br>\nHalt! Was war denn passiert?<br>\nEs hat etwas mit dem vorherigen Gespr\u00e4ch zu tun, mit diversen n\u00e4chtlichen Telefonaten, einem Fu\u00dfball und einer wilden Verfolgungsjagd durch die Innenstadt. (100% sicher kann ich heute nicht mehr sagen was wirklich so abging, es war viel zu viel&#8230;die Ereignisse rasten an mir vorbei&#8230;)<\/p>\n\n\n\n<p>Zu Hause angekommen fiel mein Blick auf einen Fu\u00dfball, der ganz friedlich (noch) in einer Zimmerecke lag.<br>\nIch kickte den Ball gegen die Wand und begann durch die Wohnung zu drippeln&#8230; irgendwie war hier aber zu wenig Platz. Also gings weiter die Treppe runter auf die Stra\u00dfe und von da Richtung S\u00fcden. Irgendwo da wohnte meine Ex.<\/p>\n\n\n\n<figure class=\"wp-block-gallery aligncenter has-nested-images columns-default is-cropped wp-block-gallery-2 is-layout-flex wp-block-gallery-is-layout-flex\">\n<figure class=\"wp-block-image size-large\"><img loading=\"lazy\" decoding=\"async\" width=\"1024\" height=\"761\" data-id=\"552\" src=\"https:\/\/www.run-a-way.de\/wp-content\/uploads\/2023\/01\/CIMG1399-1024x761.jpg\" alt=\"\" class=\"wp-image-552\" srcset=\"https:\/\/www.run-a-way.de\/wp-content\/uploads\/2023\/01\/CIMG1399-1024x761.jpg 1024w, https:\/\/www.run-a-way.de\/wp-content\/uploads\/2023\/01\/CIMG1399-300x223.jpg 300w, https:\/\/www.run-a-way.de\/wp-content\/uploads\/2023\/01\/CIMG1399-768x571.jpg 768w, https:\/\/www.run-a-way.de\/wp-content\/uploads\/2023\/01\/CIMG1399-1536x1141.jpg 1536w, https:\/\/www.run-a-way.de\/wp-content\/uploads\/2023\/01\/CIMG1399-1920x1427.jpg 1920w\" sizes=\"auto, (max-width: 1024px) 100vw, 1024px\" \/><\/figure>\n\n\n\n<figure class=\"wp-block-image size-large\"><img loading=\"lazy\" decoding=\"async\" width=\"1024\" height=\"761\" data-id=\"550\" src=\"https:\/\/www.run-a-way.de\/wp-content\/uploads\/2023\/01\/CIMG0539-1024x761.jpg\" alt=\"\" class=\"wp-image-550\" srcset=\"https:\/\/www.run-a-way.de\/wp-content\/uploads\/2023\/01\/CIMG0539-1024x761.jpg 1024w, https:\/\/www.run-a-way.de\/wp-content\/uploads\/2023\/01\/CIMG0539-300x223.jpg 300w, https:\/\/www.run-a-way.de\/wp-content\/uploads\/2023\/01\/CIMG0539-768x571.jpg 768w, https:\/\/www.run-a-way.de\/wp-content\/uploads\/2023\/01\/CIMG0539-1536x1141.jpg 1536w, https:\/\/www.run-a-way.de\/wp-content\/uploads\/2023\/01\/CIMG0539-1920x1427.jpg 1920w\" sizes=\"auto, (max-width: 1024px) 100vw, 1024px\" \/><\/figure>\n\n\n\n<figure class=\"wp-block-image size-large\"><img loading=\"lazy\" decoding=\"async\" width=\"1024\" height=\"761\" data-id=\"551\" src=\"https:\/\/www.run-a-way.de\/wp-content\/uploads\/2023\/01\/CIMG1398-1024x761.jpg\" alt=\"\" class=\"wp-image-551\" srcset=\"https:\/\/www.run-a-way.de\/wp-content\/uploads\/2023\/01\/CIMG1398-1024x761.jpg 1024w, https:\/\/www.run-a-way.de\/wp-content\/uploads\/2023\/01\/CIMG1398-300x223.jpg 300w, https:\/\/www.run-a-way.de\/wp-content\/uploads\/2023\/01\/CIMG1398-768x571.jpg 768w, https:\/\/www.run-a-way.de\/wp-content\/uploads\/2023\/01\/CIMG1398-1536x1141.jpg 1536w, https:\/\/www.run-a-way.de\/wp-content\/uploads\/2023\/01\/CIMG1398-1920x1427.jpg 1920w\" sizes=\"auto, (max-width: 1024px) 100vw, 1024px\" \/><\/figure>\n<\/figure>\n\n\n\n<p>Ich rannte mit dem Ball vor mir durch die City. Es war mittlerweile Berufsverkehr. Ich hielt nur noch mal kurz am Rathaus an und machte an dieser besonders geeigneten Stelle auf mich aufmerksam, indem ich den Ball solange gegen die Eingangst\u00fcr donnerte, bis der Wachschutz mich &#8222;freundlich&#8220; darauf hinwies, das sein zu lassen.<br>\nIch fl\u00fcchtete \u00fcber die n\u00e4chste Kreuzung (6-spurig und wie gesagt Berufsverkehr). Die Fu\u00dfg\u00e4ngerunterf\u00fchrung lie\u00df ich links liegen. Weiter gings Richtung S\u00fcden. Unterwegs bekam ich Durst, also trat ich den Ball in eine offene Kneipent\u00fcr. Die Kneipe hie\u00df &#8222;Friends&#8220;- hier war ich richtig. Ein Gast, der wohl den Ball abbekam, bot mir Dresche an. Dies lehnte ich dankend ab und weiter gings.<\/p>\n\n\n\n<p>Pl\u00f6tzlich klingelte mein Handy, die Polizei war dran. Ich legte auf, rief noch kurz eine Vertrauensperson an, die stinksauer reagierte. Nachdem ich nun von der ganzen Welt allein gelassen wurde, hatte ich keine Verwendung mehr f\u00fcr ein Telefon. Ich legte es am Boden nieder und mit einem Tritt war die Sache erledigt.<br>\nIch begriff, dass ich jetzt von der Polizei und der halben Verwandtschaft gejagt wurde. Also beschloss ich, mich zu verstecken, an einem total genialen Ort, n\u00e4mlich in der Polizeidirektion.<br>\nDie Idee war dann wohl doch nicht so gut und pl\u00f6tzlich fand ich mich in dem Polizeiwagen wieder&#8230;<br>\nNe halbe Stunde sp\u00e4ter war ich am Ende meiner Mission <strong>angelangt: Im Irrenhaus!<\/strong><\/p>\n\n\n\n<figure class=\"wp-block-gallery aligncenter has-nested-images columns-default is-cropped wp-block-gallery-3 is-layout-flex wp-block-gallery-is-layout-flex\">\n<figure class=\"wp-block-image size-large\"><img loading=\"lazy\" decoding=\"async\" width=\"1024\" height=\"768\" data-id=\"562\" src=\"https:\/\/www.run-a-way.de\/wp-content\/uploads\/2023\/01\/CIMG1498-1024x768.jpg\" alt=\"\" class=\"wp-image-562\" srcset=\"https:\/\/www.run-a-way.de\/wp-content\/uploads\/2023\/01\/CIMG1498-1024x768.jpg 1024w, https:\/\/www.run-a-way.de\/wp-content\/uploads\/2023\/01\/CIMG1498-300x225.jpg 300w, https:\/\/www.run-a-way.de\/wp-content\/uploads\/2023\/01\/CIMG1498-768x576.jpg 768w, https:\/\/www.run-a-way.de\/wp-content\/uploads\/2023\/01\/CIMG1498-800x600.jpg 800w, https:\/\/www.run-a-way.de\/wp-content\/uploads\/2023\/01\/CIMG1498.jpg 1280w\" sizes=\"auto, (max-width: 1024px) 100vw, 1024px\" \/><\/figure>\n\n\n\n<figure class=\"wp-block-image size-large\"><img loading=\"lazy\" decoding=\"async\" width=\"1024\" height=\"768\" data-id=\"560\" src=\"https:\/\/www.run-a-way.de\/wp-content\/uploads\/2023\/01\/CIMG1493-1024x768.jpg\" alt=\"\" class=\"wp-image-560\" srcset=\"https:\/\/www.run-a-way.de\/wp-content\/uploads\/2023\/01\/CIMG1493-1024x768.jpg 1024w, https:\/\/www.run-a-way.de\/wp-content\/uploads\/2023\/01\/CIMG1493-300x225.jpg 300w, https:\/\/www.run-a-way.de\/wp-content\/uploads\/2023\/01\/CIMG1493-768x576.jpg 768w, https:\/\/www.run-a-way.de\/wp-content\/uploads\/2023\/01\/CIMG1493-800x600.jpg 800w, https:\/\/www.run-a-way.de\/wp-content\/uploads\/2023\/01\/CIMG1493.jpg 1280w\" sizes=\"auto, (max-width: 1024px) 100vw, 1024px\" \/><\/figure>\n\n\n\n<figure class=\"wp-block-image size-large\"><img loading=\"lazy\" decoding=\"async\" width=\"1024\" height=\"768\" data-id=\"561\" src=\"https:\/\/www.run-a-way.de\/wp-content\/uploads\/2023\/01\/CIMG1497-1024x768.jpg\" alt=\"\" class=\"wp-image-561\" srcset=\"https:\/\/www.run-a-way.de\/wp-content\/uploads\/2023\/01\/CIMG1497-1024x768.jpg 1024w, https:\/\/www.run-a-way.de\/wp-content\/uploads\/2023\/01\/CIMG1497-300x225.jpg 300w, https:\/\/www.run-a-way.de\/wp-content\/uploads\/2023\/01\/CIMG1497-768x576.jpg 768w, https:\/\/www.run-a-way.de\/wp-content\/uploads\/2023\/01\/CIMG1497-800x600.jpg 800w, https:\/\/www.run-a-way.de\/wp-content\/uploads\/2023\/01\/CIMG1497.jpg 1280w\" sizes=\"auto, (max-width: 1024px) 100vw, 1024px\" \/><\/figure>\n<\/figure>\n\n\n\n<p><a href=\"https:\/\/www.run-a-way.de\/?page_id=109\">Hier geht es in die Klapse&gt;<\/a><\/p>\n\n\n\n<p><\/p>\n","protected":false},"excerpt":{"rendered":"<p>GO!!! Ich stehe an der Kasse einer Esso Tankstelle. Die Bedienung kennt mich schon. (Solche Typen wie mich merkt man sich- nicht, weil ich SOOO toll bin, sondern weil Verr\u00fcckte nun mal auffallen&#8230;) Vor einer Woche war ich umgezogen, in meine neue Wohnung. Es war br\u00fctend hei\u00df. Ich fahre also zu dieser besagten Tankstelle und [&hellip;]<\/p>\n","protected":false},"author":1,"featured_media":0,"parent":0,"menu_order":0,"comment_status":"closed","ping_status":"closed","template":"","meta":{"footnotes":""},"class_list":["post-94","page","type-page","status-publish","hentry"],"_links":{"self":[{"href":"https:\/\/www.run-a-way.de\/index.php?rest_route=\/wp\/v2\/pages\/94","targetHints":{"allow":["GET"]}}],"collection":[{"href":"https:\/\/www.run-a-way.de\/index.php?rest_route=\/wp\/v2\/pages"}],"about":[{"href":"https:\/\/www.run-a-way.de\/index.php?rest_route=\/wp\/v2\/types\/page"}],"author":[{"embeddable":true,"href":"https:\/\/www.run-a-way.de\/index.php?rest_route=\/wp\/v2\/users\/1"}],"replies":[{"embeddable":true,"href":"https:\/\/www.run-a-way.de\/index.php?rest_route=%2Fwp%2Fv2%2Fcomments&post=94"}],"version-history":[{"count":10,"href":"https:\/\/www.run-a-way.de\/index.php?rest_route=\/wp\/v2\/pages\/94\/revisions"}],"predecessor-version":[{"id":1323,"href":"https:\/\/www.run-a-way.de\/index.php?rest_route=\/wp\/v2\/pages\/94\/revisions\/1323"}],"wp:attachment":[{"href":"https:\/\/www.run-a-way.de\/index.php?rest_route=%2Fwp%2Fv2%2Fmedia&parent=94"}],"curies":[{"name":"wp","href":"https:\/\/api.w.org\/{rel}","templated":true}]}}